{"id":1424,"date":"2026-01-05T06:41:30","date_gmt":"2026-01-05T06:41:30","guid":{"rendered":"https:\/\/gangsta-sino.org\/app-2\/"},"modified":"2026-01-05T09:19:45","modified_gmt":"2026-01-05T09:19:45","slug":"app","status":"publish","type":"page","link":"https:\/\/gangsta-sino.org\/de\/app\/","title":{"rendered":"App"},"content":{"rendered":"<h1>Gangstasino App \u2013 Spielen Sie auf Ihrem Mobilger\u00e4t<\/h1>\n<p>Die Gangstasino App f\u00fcr Android und iOS ist die perfekte Wahl, wenn Sie alle Ihre Lieblingsspiele von einem mobilen Ger\u00e4t aus spielen m\u00f6chten. Wir unterst\u00fctzen alle modernen Smartphones und Tablets und passen uns perfekt an deren Bildschirmgr\u00f6\u00dfen an. In der Gangstasino App haben Sie Zugriff auf dieselben Funktionen wie in der Desktop-Version. Au\u00dferdem m\u00fcssen Sie keine unbekannten Dateien herunterladen, da unser mobiles Casino eine progressive Web-App (PWA) ist.<\/p>\n<div class=\"banner-wrap\" aria-label=\"Banner\"><img src=\"https:\/\/gangsta-sino.org\/wp-content\/uploads\/2026\/01\/Gangstasino-Banner-Desktop.webp\" class=\"w-100 d-none d-lg-block img-pc main-banner-img\" alt=\"Gangstasino Banner Desktop\" fetchpriority=\"high\" decoding=\"async\"><img src=\"https:\/\/gangsta-sino.org\/wp-content\/uploads\/2026\/01\/Gangstasino-bonus-mobile.webp\" class=\"w-100 d-none d-md-block d-lg-none main-banner-img\" alt=\"Gangstasino bonus mobile\" fetchpriority=\"high\" decoding=\"async\"><img src=\"https:\/\/gangsta-sino.org\/wp-content\/uploads\/2026\/01\/Gangstasino-bonus-mobile.webp\" class=\"w-100 d-md-none\" alt=\"Gangstasino bonus mobile\" fetchpriority=\"high\" decoding=\"async\"><div class=\"banner-description\">\n<div class=\"banner-title\">Willkommensboni<\/div>\n<p class=\"banner-header-title\">1500 \u20ac<\/p>\n<div class=\"banner-header-AdditionalText\">+ 250 Freispiele<\/div>\n<button data-item=\"homepage_banner_link\" class=\"goto m-button m-gradient-border m-button--primary m-button--large banner-button btn-orange\">\n            <div class=\"m-button-content\">\n                <span>Jetzt anmelden<\/span>\n                <span><\/span>\n            <\/div>\n        <\/button>\n<\/div>\n<div class=\"WelcomePack\">\n<p><img loading=\"lazy\" decoding=\"async\" class=\"alignnone size-full wp-image-1329\" src=\"https:\/\/gangsta-sino.org\/wp-content\/uploads\/2026\/01\/welcome-crown.svg\" alt=\"crown\" width=\"25\" height=\"26\" \/><\/p>\n<div class=\"WelcomePack-Info\">W\u00f6chentlicher Cashback von bis zu 25 %<\/div>\n<p><img loading=\"lazy\" decoding=\"async\" class=\"alignnone size-full wp-image-1329\" src=\"https:\/\/gangsta-sino.org\/wp-content\/uploads\/2026\/01\/welcome-crown.svg\" alt=\"crown\" width=\"25\" height=\"26\" \/><\/p>\n<\/div>\n<\/div>\n<h2>Gangstasino Casino auf mobilen Plattformen<\/h2>\n<p>Die meisten modernen Websites verf\u00fcgen mittlerweile \u00fcber eine mobile Version oder eine App. Gangsta Sino Casino bildet da keine Ausnahme. Wir haben eine benutzerfreundliche mobile Software mit intuitiver Navigation entwickelt. Die Gangstasino App eignet sich sowohl f\u00fcr Android- als auch f\u00fcr iOS-Nutzer.<\/p>\n<p>Unser mobiles Casino bietet dieselben Funktionen wie die vollst\u00e4ndige PC-Version. Nach der Registrierung erhalten Sie Zugang zu \u00fcber 6.000 Spielen, Zahlungsm\u00f6glichkeiten, einem Bonussystem und Kundensupport. Gleichzeitig ist die Software sicher. Alle Ihre pers\u00f6nlichen Daten werden durch SSL-Verschl\u00fcsselung gesch\u00fctzt.<\/p>\n<p>Wir haben einige Punkte zusammengestellt, die zeigen, dass unser mobiles Casino genauso gut ist wie die Desktop-Version und in einigen F\u00e4llen sogar ein besseres Spielerlebnis bietet.<\/p>\n<table>\n<tbody>\n<tr>\n<td>Funktion<\/td>\n<td>Mobile Software<\/td>\n<td>PC-Version<\/td>\n<\/tr>\n<tr>\n<td>Barrierefreiheit<\/td>\n<td>Sie k\u00f6nnen jederzeit und \u00fcberall von Ihrem Smartphone oder Tablet aus spielen.<\/td>\n<td>Es erfordert einen Desktop-PC oder Laptop, der weniger mobil ist.<\/td>\n<\/tr>\n<tr>\n<td>Benachrichtigungen<\/td>\n<td>Benutzer erhalten Push-Benachrichtigungen zu Boni, Turnieren und Freispielen.<\/td>\n<td>Es gibt keine Echtzeitbenachrichtigungen, es sei denn, Sie melden sich an.<\/td>\n<\/tr>\n<tr>\n<td>Sicherheit<\/td>\n<td>Sie k\u00f6nnen sich f\u00fcr zus\u00e4tzliche Sicherheit biometrisch anmelden (Face ID \/ Fingerabdruck).<\/td>\n<td>Es basiert ausschlie\u00dflich auf einer Passwortanmeldung.<\/td>\n<\/tr>\n<tr>\n<td>Offline-Zugriff<\/td>\n<td>Einige Spiele oder Kontoaktionen funktionieren auch ohne vollst\u00e4ndige Internetverbindung.<\/td>\n<td>Diese Version erfordert jederzeit eine stabile Verbindung.<\/td>\n<\/tr>\n<\/tbody>\n<\/table>\n<p><div class=\"scrollable-content-wrap my-5\"><div class=\"scrollable-content-inner\"><h2>Gangstasino Android Casino App<\/h2>\n<p>Die Gangstasino App wurde entwickelt, damit alle unsere Nutzer jederzeit und \u00fcberall online sein k\u00f6nnen. F\u00fcr unsere Android-Spieler bieten wir eine bequeme und sichere PWA an. Sie funktioniert reibungslos auf allen modernen Ger\u00e4ten. Wir bitten Sie nicht, unbekannte APK-Dateien, wie beispielsweise die Goldzino-APK, von Drittanbietern herunterzuladen, sodass Sie und Ihr Ger\u00e4t sicher bleiben.<\/p>\n<p>Sie sollten keine Bedenken haben, neue Software auszuprobieren, denn im Grunde handelt es sich um eine Adaption der Desktop-Version, die an Smartphones und Tablets angepasst wurde. Das Design und die Navigation sind identisch. Wenn Sie die mobile Software von Gangsta Sino Casino installieren m\u00f6chten, k\u00f6nnen Sie unsere Schritt-f\u00fcr-Schritt-Anleitung unten befolgen:<\/p>\n<ol>\n<li>Zun\u00e4chst sollten Sie unsere offizielle Website besuchen.<\/li>\n<li>In der Fu\u00dfzeile der Website finden Sie die Schaltfl\u00e4che \u201eCasino App\u201c, auf die Sie klicken k\u00f6nnen.<\/li>\n<li>Der Installationsvorgang wird nach dem letzten Schritt automatisch gestartet.<\/li>\n<li>Nach der Installation der Anwendung erscheint das Symbol des Online-Casinos auf Ihrem Bildschirm.<\/li>\n<\/ol>\n<p>Wenn Sie die App noch nicht installieren m\u00f6chten, k\u00f6nnen Sie jederzeit die Browser-Version nutzen. Gangstasino Casino ist in allen mobilen Browsern verf\u00fcgbar. In jedem Browser k\u00f6nnen Sie ein Verkn\u00fcpfungssymbol f\u00fcr unsere Plattform zu Ihrem Startbildschirm hinzuf\u00fcgen, sodass Sie in 2 Sekunden darauf zugreifen k\u00f6nnen.<\/p>\n<p><img loading=\"lazy\" decoding=\"async\" src=\"https:\/\/gangsta-sino.org\/wp-content\/uploads\/2026\/01\/Ganstasino-App-Android.webp\" alt=\"Ganstasino App Android\" width=\"1248\" height=\"536\" \/><\/p>\n<\/div><\/div><div style=\"clear: both\"><\/div><div class=\"d-flex justify-content-center\"><button data-item=\"decouvrez_link\" data-group=\"website_links\" class=\"goto fw-bold rounded-pill btn btn-orange\" aria-label=\"Laden Sie die GangstaSino-App herunter\" >Laden Sie die GangstaSino-App herunter<\/button><\/div><div class=\"scrollable-content-wrap my-5\"><div class=\"scrollable-content-inner\"><h2>Gangstasino iOS Casino App<\/h2>\n<p>iOS-Nutzer haben au\u00dferdem Zugriff auf die coole mobile App \u201eGangsta Sino\u201c, die mit allen iPhone- und iPad-Modellen kompatibel ist. Sie passt sich perfekt an die Bildschirmgr\u00f6\u00dfen an. Nutzer sch\u00e4tzen besonders die Live-Dealer-Optionen auf ihren Mobilger\u00e4ten, da diese in hoher Qualit\u00e4t \u00fcbersetzt sind und Sie in die Atmosph\u00e4re eines echten Casinos eintauchen lassen. Sie k\u00f6nnen die Android-Installationsanweisungen befolgen, da diese auf beiden Plattformen identisch sind.<\/p>\n<p>Es besteht immer die M\u00f6glichkeit, die offizielle Website in jedem mobilen Browser zu nutzen. Sie hat das gleiche Design und die gleiche Funktionalit\u00e4t wie die PC-Version, ist jedoch an den mobilen Touchscreen angepasst. Sie erhalten Zugriff auf die gesamte Spielesammlung, einschlie\u00dflich Online-Slots, Tischspiele, Live-Dealer-Optionen und vieles mehr. Wenn Sie schnell und einfach darauf zugreifen m\u00f6chten, k\u00f6nnen Sie das Verkn\u00fcpfungssymbol f\u00fcr Ihren Startbildschirm installieren:<\/p>\n<ol>\n<li>Der Benutzer muss die Shortcut-App auf seinem iPhone oder iPad \u00f6ffnen.<\/li>\n<li>Sie m\u00fcssen auf das + (Plus)-Symbol in der oberen rechten Ecke tippen, um eine neue Verkn\u00fcpfung zu erstellen.<\/li>\n<li>Danach sollten Sie \u201eAktion hinzuf\u00fcgen\u201d ausw\u00e4hlen und nach der Website suchen, f\u00fcr die Sie eine Verkn\u00fcpfung erstellen m\u00f6chten.<\/li>\n<li>Jetzt m\u00fcssen Sie auf den Abw\u00e4rtspfeil neben dem Namen der Verkn\u00fcpfung tippen und \u201eZum Startbildschirm hinzuf\u00fcgen\u201d ausw\u00e4hlen.<\/li>\n<li>Sie k\u00f6nnen ihm einen benutzerdefinierten Namen geben, bevor Sie auf \u201eHinzuf\u00fcgen\u201c tippen.<\/li>\n<\/ol>\n<p><img loading=\"lazy\" decoding=\"async\" src=\"https:\/\/gangsta-sino.org\/wp-content\/uploads\/2026\/01\/Ganstasino-App-iOS.webp\" alt=\"Ganstasino App iOS\" width=\"1248\" height=\"536\" \/><\/p>\n<\/div><\/div><div style=\"clear: both\"><\/div><div class=\"d-flex justify-content-center\"><button data-item=\"decouvrez_link\" data-group=\"website_links\" class=\"goto fw-bold rounded-pill btn btn-orange\" aria-label=\"GangstaSino herunterladen\" >GangstaSino herunterladen<\/button><\/div><div class=\"scrollable-content-wrap my-5\"><div class=\"scrollable-content-inner\"><h2>Software f\u00fcr Windows und macOS<\/h2>\n<p>Nat\u00fcrlich haben wir auch die Desktop-Nutzer nicht vergessen. Viele unserer Spieler bevorzugen es, zu Hause am PC und unterwegs auf ihrem Smartphone zu spielen. Keine Sorge \u2013 Gangstasino Casino ist in allen Browsern auf Ihrem PC verf\u00fcgbar. Sie m\u00fcssen lediglich Ihren bevorzugten Browser \u00f6ffnen und den Namen unserer Plattform eingeben.<\/p>\n<p>Aber wir m\u00f6chten Ihnen das Leben noch einfacher machen. Deshalb haben Sie die M\u00f6glichkeit, unser Online-Casino als Symbol auf Ihrem Startbildschirm hinzuzuf\u00fcgen. So gelangen Sie in wenigen Sekunden zu Gangsta Sino. Besuchen Sie dazu einfach unsere Website und w\u00e4hlen Sie im Browser-Men\u00fc \u201eZum Startbildschirm hinzuf\u00fcgen\u201d. Wenn Sie Fragen haben, wenden Sie sich bitte rund um die Uhr an das Gangstasino Support-Team \u00fcber den Live-Chat oder per E-Mail.<\/p>\n<p><img loading=\"lazy\" decoding=\"async\" src=\"https:\/\/gangsta-sino.org\/wp-content\/uploads\/2026\/01\/Ganstasino-App-Windows.webp\" alt=\"Ganstasino App Windows\" width=\"1248\" height=\"536\" \/><\/p>\n<\/div><\/div><div style=\"clear: both\"><\/div><div class=\"d-flex justify-content-center\"><button data-item=\"decouvrez_link\" data-group=\"website_links\" class=\"goto fw-bold rounded-pill btn btn-orange\" aria-label=\"Laden Sie die GangstaSino-App herunter\" >Laden Sie die GangstaSino-App herunter<\/button><\/div><div class=\"scrollable-content-wrap my-5\"><div class=\"scrollable-content-inner\"><h2>H\u00e4ufig gestellte Fragen<\/h2>\n<h3>Gibt es einen Kundensupport in der Gangstasino Casino App?<\/h3>\n<p>Die Gangstasino-App bietet dieselben Funktionen wie die Desktop-Version. Deshalb finden Sie auch in der mobilen Version den rund um die Uhr verf\u00fcgbaren Live-Chat des Kundenservices. Die E-Mail-Option ist ebenfalls von jedem Ger\u00e4t aus verf\u00fcgbar.<\/p>\n<h3>Ben\u00f6tige ich ein Konto, um die Gangstasino App zu nutzen?<\/h3>\n<p>Um Zugriff auf alle Spiele, Zahlungsm\u00f6glichkeiten, den Kundendienst und andere Funktionen von Gangstasino Casino in der App zu erhalten, m\u00fcssen Sie sich zun\u00e4chst registrieren. Aber keine Sorge, das dauert nur wenige Minuten.<\/p>\n<h3>Ist die Gangstasino App sicher in der Anwendung?<\/h3>\n<p>Gangsta Sino Casino verf\u00fcgt \u00fcber eine Lizenz der Gl\u00fccksspielkommission von Anjouan und h\u00e4lt sich an alle strengen Vorschriften und Protokolle der Gl\u00fccksspielbranche. Alle Transaktionen im mobilen Casino sind durch moderne SSL-Verschl\u00fcsselung gesichert.<\/p>\n<h3>Kann ich Ein- und Auszahlungen direkt in der App vornehmen?<\/h3>\n<p>Die mobile Software bietet dieselben Zahlungsmethoden wie die Desktop-Version. Sie k\u00f6nnen Ein- und Auszahlungen ohne Probleme vornehmen. Stellen Sie sicher, dass Sie vor Ihrer ersten Auszahlung den Verifizierungsprozess abgeschlossen haben.<\/p>\n<\/div><\/div><\/p>\n","protected":false},"excerpt":{"rendered":"<p>Gangstasino App \u2013 Spielen Sie auf Ihrem Mobilger\u00e4t Die Gangstasino App f\u00fcr Android und iOS ist die perfekte Wahl, wenn Sie alle Ihre Lieblingsspiele von einem mobilen Ger\u00e4t aus spielen m\u00f6chten. Wir unterst\u00fctzen alle modernen Smartphones und Tablets und passen uns perfekt an deren Bildschirmgr\u00f6\u00dfen an. In der Gangstasino App haben Sie Zugriff auf dieselben [&hellip;]<\/p>\n","protected":false},"author":1,"featured_media":0,"parent":0,"menu_order":0,"comment_status":"closed","ping_status":"closed","template":"template-builder.php","meta":{"_acf_changed":false,"inline_featured_image":false,"footnotes":""},"class_list":["post-1424","page","type-page","status-publish","hentry"],"acf":[],"yoast_head":"<!-- This site is optimized with the Yoast SEO plugin v27.3 - https:\/\/yoast.com\/product\/yoast-seo-wordpress\/ -->\n<title>Gangstasino App | iOS und Android Plattformen\ufeff<\/title>\n<meta name=\"description\" content=\"Die Gangstasino-App bietet nahtloses Casinospielen auf Android, iOS, Windows und macOS mit synchronisierten Konten, regelm\u00e4\u00dfigen Updates und integriertem Kundensupport f\u00fcr maximalen Komfort.\" \/>\n<meta name=\"robots\" content=\"index, follow, max-snippet:-1, max-image-preview:large, max-video-preview:-1\" \/>\n<link rel=\"canonical\" href=\"https:\/\/gangsta-sino.org\/de\/app\/\" \/>\n<meta property=\"og:locale\" content=\"de_DE\" \/>\n<meta property=\"og:type\" content=\"article\" \/>\n<meta property=\"og:title\" content=\"Gangstasino App | iOS und Android Plattformen\ufeff\" \/>\n<meta property=\"og:description\" content=\"Die Gangstasino-App bietet nahtloses Casinospielen auf Android, iOS, Windows und macOS mit synchronisierten Konten, regelm\u00e4\u00dfigen Updates und integriertem Kundensupport f\u00fcr maximalen Komfort.\" \/>\n<meta property=\"og:url\" content=\"https:\/\/gangsta-sino.org\/de\/app\/\" \/>\n<meta property=\"og:site_name\" content=\"gangasta-sino\" \/>\n<meta property=\"article:modified_time\" content=\"2026-01-05T09:19:45+00:00\" \/>\n<meta name=\"twitter:card\" content=\"summary_large_image\" \/>\n<meta name=\"twitter:label1\" content=\"Gesch\u00e4tzte Lesezeit\" \/>\n\t<meta name=\"twitter:data1\" content=\"2\u00a0Minuten\" \/>\n<script type=\"application\/ld+json\" class=\"yoast-schema-graph\">{\"@context\":\"https:\\\/\\\/schema.org\",\"@graph\":[{\"@type\":\"WebPage\",\"@id\":\"https:\\\/\\\/gangsta-sino.org\\\/de\\\/app\\\/\",\"url\":\"https:\\\/\\\/gangsta-sino.org\\\/de\\\/app\\\/\",\"name\":\"Gangstasino App | iOS und Android Plattformen\ufeff\",\"isPartOf\":{\"@id\":\"https:\\\/\\\/gangsta-sino.org\\\/de\\\/#website\"},\"datePublished\":\"2026-01-05T06:41:30+00:00\",\"dateModified\":\"2026-01-05T09:19:45+00:00\",\"description\":\"Die Gangstasino-App bietet nahtloses Casinospielen auf Android, iOS, Windows und macOS mit synchronisierten Konten, regelm\u00e4\u00dfigen Updates und integriertem Kundensupport f\u00fcr maximalen Komfort.\",\"breadcrumb\":{\"@id\":\"https:\\\/\\\/gangsta-sino.org\\\/de\\\/app\\\/#breadcrumb\"},\"inLanguage\":\"de\",\"potentialAction\":[{\"@type\":\"ReadAction\",\"target\":[\"https:\\\/\\\/gangsta-sino.org\\\/de\\\/app\\\/\"]}]},{\"@type\":\"BreadcrumbList\",\"@id\":\"https:\\\/\\\/gangsta-sino.org\\\/de\\\/app\\\/#breadcrumb\",\"itemListElement\":[{\"@type\":\"ListItem\",\"position\":1,\"name\":\"Gangstasino\",\"item\":\"https:\\\/\\\/gangsta-sino.org\\\/de\\\/\"},{\"@type\":\"ListItem\",\"position\":2,\"name\":\"App\"}]},{\"@type\":\"WebSite\",\"@id\":\"https:\\\/\\\/gangsta-sino.org\\\/de\\\/#website\",\"url\":\"https:\\\/\\\/gangsta-sino.org\\\/de\\\/\",\"name\":\"Gangstasino\",\"description\":\"\",\"publisher\":{\"@id\":\"https:\\\/\\\/gangsta-sino.org\\\/de\\\/#organization\"},\"potentialAction\":[{\"@type\":\"SearchAction\",\"target\":{\"@type\":\"EntryPoint\",\"urlTemplate\":\"https:\\\/\\\/gangsta-sino.org\\\/de\\\/?s={search_term_string}\"},\"query-input\":{\"@type\":\"PropertyValueSpecification\",\"valueRequired\":true,\"valueName\":\"search_term_string\"}}],\"inLanguage\":\"de\"},{\"@type\":\"Organization\",\"@id\":\"https:\\\/\\\/gangsta-sino.org\\\/de\\\/#organization\",\"name\":\"Gangstasino\",\"url\":\"https:\\\/\\\/gangsta-sino.org\\\/de\\\/\",\"logo\":{\"@type\":\"ImageObject\",\"inLanguage\":\"de\",\"@id\":\"https:\\\/\\\/gangsta-sino.org\\\/de\\\/#\\\/schema\\\/logo\\\/image\\\/\",\"url\":\"https:\\\/\\\/gangsta-sino.org\\\/wp-content\\\/uploads\\\/2026\\\/01\\\/Logo-Desktop.png\",\"contentUrl\":\"https:\\\/\\\/gangsta-sino.org\\\/wp-content\\\/uploads\\\/2026\\\/01\\\/Logo-Desktop.png\",\"width\":152,\"height\":35,\"caption\":\"Gangstasino\"},\"image\":{\"@id\":\"https:\\\/\\\/gangsta-sino.org\\\/de\\\/#\\\/schema\\\/logo\\\/image\\\/\"}}]}<\/script>\n<!-- \/ Yoast SEO plugin. -->","yoast_head_json":{"title":"Gangstasino App | iOS und Android Plattformen\ufeff","description":"Die Gangstasino-App bietet nahtloses Casinospielen auf Android, iOS, Windows und macOS mit synchronisierten Konten, regelm\u00e4\u00dfigen Updates und integriertem Kundensupport f\u00fcr maximalen Komfort.","robots":{"index":"index","follow":"follow","max-snippet":"max-snippet:-1","max-image-preview":"max-image-preview:large","max-video-preview":"max-video-preview:-1"},"canonical":"https:\/\/gangsta-sino.org\/de\/app\/","og_locale":"de_DE","og_type":"article","og_title":"Gangstasino App | iOS und Android Plattformen\ufeff","og_description":"Die Gangstasino-App bietet nahtloses Casinospielen auf Android, iOS, Windows und macOS mit synchronisierten Konten, regelm\u00e4\u00dfigen Updates und integriertem Kundensupport f\u00fcr maximalen Komfort.","og_url":"https:\/\/gangsta-sino.org\/de\/app\/","og_site_name":"gangasta-sino","article_modified_time":"2026-01-05T09:19:45+00:00","twitter_card":"summary_large_image","twitter_misc":{"Gesch\u00e4tzte Lesezeit":"2\u00a0Minuten"},"schema":{"@context":"https:\/\/schema.org","@graph":[{"@type":"WebPage","@id":"https:\/\/gangsta-sino.org\/de\/app\/","url":"https:\/\/gangsta-sino.org\/de\/app\/","name":"Gangstasino App | iOS und Android Plattformen\ufeff","isPartOf":{"@id":"https:\/\/gangsta-sino.org\/de\/#website"},"datePublished":"2026-01-05T06:41:30+00:00","dateModified":"2026-01-05T09:19:45+00:00","description":"Die Gangstasino-App bietet nahtloses Casinospielen auf Android, iOS, Windows und macOS mit synchronisierten Konten, regelm\u00e4\u00dfigen Updates und integriertem Kundensupport f\u00fcr maximalen Komfort.","breadcrumb":{"@id":"https:\/\/gangsta-sino.org\/de\/app\/#breadcrumb"},"inLanguage":"de","potentialAction":[{"@type":"ReadAction","target":["https:\/\/gangsta-sino.org\/de\/app\/"]}]},{"@type":"BreadcrumbList","@id":"https:\/\/gangsta-sino.org\/de\/app\/#breadcrumb","itemListElement":[{"@type":"ListItem","position":1,"name":"Gangstasino","item":"https:\/\/gangsta-sino.org\/de\/"},{"@type":"ListItem","position":2,"name":"App"}]},{"@type":"WebSite","@id":"https:\/\/gangsta-sino.org\/de\/#website","url":"https:\/\/gangsta-sino.org\/de\/","name":"Gangstasino","description":"","publisher":{"@id":"https:\/\/gangsta-sino.org\/de\/#organization"},"potentialAction":[{"@type":"SearchAction","target":{"@type":"EntryPoint","urlTemplate":"https:\/\/gangsta-sino.org\/de\/?s={search_term_string}"},"query-input":{"@type":"PropertyValueSpecification","valueRequired":true,"valueName":"search_term_string"}}],"inLanguage":"de"},{"@type":"Organization","@id":"https:\/\/gangsta-sino.org\/de\/#organization","name":"Gangstasino","url":"https:\/\/gangsta-sino.org\/de\/","logo":{"@type":"ImageObject","inLanguage":"de","@id":"https:\/\/gangsta-sino.org\/de\/#\/schema\/logo\/image\/","url":"https:\/\/gangsta-sino.org\/wp-content\/uploads\/2026\/01\/Logo-Desktop.png","contentUrl":"https:\/\/gangsta-sino.org\/wp-content\/uploads\/2026\/01\/Logo-Desktop.png","width":152,"height":35,"caption":"Gangstasino"},"image":{"@id":"https:\/\/gangsta-sino.org\/de\/#\/schema\/logo\/image\/"}}]}},"_links":{"self":[{"href":"https:\/\/gangsta-sino.org\/de\/wp-json\/wp\/v2\/pages\/1424","targetHints":{"allow":["GET"]}}],"collection":[{"href":"https:\/\/gangsta-sino.org\/de\/wp-json\/wp\/v2\/pages"}],"about":[{"href":"https:\/\/gangsta-sino.org\/de\/wp-json\/wp\/v2\/types\/page"}],"author":[{"embeddable":true,"href":"https:\/\/gangsta-sino.org\/de\/wp-json\/wp\/v2\/users\/1"}],"replies":[{"embeddable":true,"href":"https:\/\/gangsta-sino.org\/de\/wp-json\/wp\/v2\/comments?post=1424"}],"version-history":[{"count":2,"href":"https:\/\/gangsta-sino.org\/de\/wp-json\/wp\/v2\/pages\/1424\/revisions"}],"predecessor-version":[{"id":1614,"href":"https:\/\/gangsta-sino.org\/de\/wp-json\/wp\/v2\/pages\/1424\/revisions\/1614"}],"wp:attachment":[{"href":"https:\/\/gangsta-sino.org\/de\/wp-json\/wp\/v2\/media?parent=1424"}],"curies":[{"name":"wp","href":"https:\/\/api.w.org\/{rel}","templated":true}]}}