{"id":1465,"date":"2026-01-05T06:43:51","date_gmt":"2026-01-05T06:43:51","guid":{"rendered":"https:\/\/gangsta-sino.org\/login-and-registration\/"},"modified":"2026-01-05T09:22:03","modified_gmt":"2026-01-05T09:22:03","slug":"anmeldung-und-registrierung","status":"publish","type":"page","link":"https:\/\/gangsta-sino.org\/de\/anmeldung-und-registrierung\/","title":{"rendered":"Anmeldung und Registrierung"},"content":{"rendered":"<h1>Gangstasino Anmelden, Registrieren &amp; Konto verwalten<\/h1>\n<p>Um Zugang zu den besten Spielen beliebter Softwareanbieter zu erhalten, m\u00fcssen Sie den Gangstasino Login Prozess durchlaufen. Wir haben diesen Vorgang so benutzerfreundlich und unkompliziert wie m\u00f6glich gestaltet, auch f\u00fcr neue Spieler. Sie k\u00f6nnen sich bei Gangstasino Casino registrieren, wenn Sie mindestens 18 Jahre alt sind. Stellen Sie au\u00dferdem sicher, dass Sie nur ein Konto auf unserer Website haben, da wir nicht mehrere Konten pro Person akzeptieren.<\/p>\n<p><div class=\"banner-wrap\" aria-label=\"Banner\"><img src=\"https:\/\/gangsta-sino.org\/wp-content\/uploads\/2026\/01\/Gangstasino-Banner-Desktop.webp\" class=\"w-100 d-none d-lg-block img-pc main-banner-img\" alt=\"Gangstasino Banner Desktop\" fetchpriority=\"high\" decoding=\"async\"><img src=\"https:\/\/gangsta-sino.org\/wp-content\/uploads\/2026\/01\/Gangstasino-bonus-mobile.webp\" class=\"w-100 d-none d-md-block d-lg-none main-banner-img\" alt=\"Gangstasino bonus mobile\" fetchpriority=\"high\" decoding=\"async\"><img src=\"https:\/\/gangsta-sino.org\/wp-content\/uploads\/2026\/01\/Gangstasino-bonus-mobile.webp\" class=\"w-100 d-md-none\" alt=\"Gangstasino bonus mobile\" fetchpriority=\"high\" decoding=\"async\"><div class=\"banner-description\">\n<div class=\"banner-title\">Willkommensboni<\/div>\n<p class=\"banner-header-title\">1500 \u20ac<\/p>\n<div class=\"banner-header-AdditionalText\">+ 250 Freispiele<\/div>\n<button data-item=\"homepage_banner_link\" class=\"goto m-button m-gradient-border m-button--primary m-button--large banner-button btn-orange\">\n            <div class=\"m-button-content\">\n                <span>Jetzt anmelden<\/span>\n                <span><\/span>\n            <\/div>\n        <\/button>\n<\/div>\n<div class=\"WelcomePack\">\n<p><img loading=\"lazy\" decoding=\"async\" class=\"alignnone size-full wp-image-1329\" src=\"https:\/\/gangsta-sino.org\/wp-content\/uploads\/2026\/01\/welcome-crown.svg\" alt=\"crown\" width=\"25\" height=\"26\" \/><\/p>\n<div class=\"WelcomePack-Info\">W\u00f6chentlicher Cashback von bis zu 25 %<\/div>\n<p><img loading=\"lazy\" decoding=\"async\" class=\"alignnone size-full wp-image-1329\" src=\"https:\/\/gangsta-sino.org\/wp-content\/uploads\/2026\/01\/welcome-crown.svg\" alt=\"crown\" width=\"25\" height=\"26\" \/><\/p>\n<\/div>\n<\/div><div class=\"scrollable-content-wrap my-5\"><div class=\"scrollable-content-inner\"><h2>Registrieren Sie sich bei Gangstasino Casino<\/h2>\n<p>Die Registrierung bei Gangstasino Casino dauert nur wenige Minuten, gew\u00e4hrt Ihnen jedoch Zugriff auf alle Funktionen der Plattform. Nach der Registrierung k\u00f6nnen Sie Einzahlungen vornehmen, an Werbeaktionen teilnehmen, \u00fcber 6.000 Spiele spielen und Ihre Gewinne auszahlen lassen.<\/p>\n<p>Wenn Sie daran interessiert sind, einer unserer Kunden zu werden, befolgen Sie bitte die nachstehenden Anweisungen, um den einfachen Registrierungsprozess reibungslos zu durchlaufen:<\/p>\n<ol>\n<li>Sie m\u00fcssen unsere Website auf Ihrem PC oder Mobilger\u00e4t aufrufen. Die Website Gangstasino Casino ist in allen modernen Browsern verf\u00fcgbar.<\/li>\n<li>Der Benutzer sollte auf die Schaltfl\u00e4che \u201eAnmelden\u201c in der oberen rechten Ecke der Hauptseite klicken.<\/li>\n<li>Alle unsere neuen Mitglieder m\u00fcssen ihre E-Mail-Adresse und ihr Passwort eingeben. Das Passwort sollte mindestens 6 Zeichen lang sein.<\/li>\n<li>Nach der Eingabe der Informationen m\u00fcssen alle neuen Nutzer die Nutzungsbedingungen der Website akzeptieren und best\u00e4tigen, dass sie mindestens 18 Jahre alt sind.<\/li>\n<li>Anschlie\u00dfend bitten wir Sie, das Anmeldeformular auszuf\u00fcllen, das Ihren Namen, Ihre Adresse, Telefonnummer und weitere Angaben enth\u00e4lt.<\/li>\n<\/ol>\n<p>Nachdem Sie alle Schritte abgeschlossen haben, werden Sie automatisch in Ihr Konto eingeloggt. Sie k\u00f6nnen Ihre erste Einzahlung vornehmen oder Spiele im Demo-Modus ohne Risiko ausprobieren. Beim n\u00e4chsten Mal sollten Sie den Gangstasino Anmeldeprozess durchlaufen, um alle besten Funktionen unseres Online-Casinos genie\u00dfen zu k\u00f6nnen.<\/p>\n<h2>Greifen Sie sicher auf Ihr Konto zu und verwalten Sie es unter Gangstasino<\/h2>\n<p>Der Gangsta Sino Login-Prozess \u00f6ffnet Ihnen die T\u00fcren zu allen Funktionen der Plattform, darunter mehr als 6.000 Titel, Zahlungen, ein mehrsprachiger Support-Service und vieles mehr. Um auf Ihr Konto zuzugreifen, m\u00fcssen Sie lediglich die E-Mail-Adresse und das Passwort angeben, die Sie bei der Registrierung verwendet haben.<\/p>\n<p>Ihr pers\u00f6nliches Konto bietet viele wichtige Funktionen und Tools, die Ihr Spielerlebnis verbessern werden. In der folgenden Tabelle finden Sie die wichtigsten Funktionen, die Ihnen nach dem Gangstasino Anmeldeprozess zur Verf\u00fcgung stehen.<\/p>\n<table>\n<tbody>\n<tr>\n<td>Funktion<\/td>\n<td>Details<\/td>\n<\/tr>\n<tr>\n<td>Transaktionsverlauf<\/td>\n<td>Die vollst\u00e4ndige Einzahlungs-, Auszahlungs- und Wettgeschichte ist hier verf\u00fcgbar.<\/td>\n<\/tr>\n<tr>\n<td>Identit\u00e4tspr\u00fcfung (KYC)<\/td>\n<td>In Ihrem pers\u00f6nlichen Konto laden Sie Ausweisdokumente hoch, um Ihr Konto zu verifizieren und Auszahlungen zu erm\u00f6glichen.<\/td>\n<\/tr>\n<tr>\n<td>Tools f\u00fcr verantwortungsbewusstes Spielen<\/td>\n<td>Sie k\u00f6nnen Limits f\u00fcr Einzahlungen, Verluste oder die Sitzungsdauer festlegen. Dar\u00fcber hinaus ist es m\u00f6glich, bei Bedarf eine Selbstsperre zu aktivieren.<\/td>\n<\/tr>\n<tr>\n<td>Verwaltung personenbezogener Daten<\/td>\n<td>Benutzer haben die M\u00f6glichkeit, pers\u00f6nliche Daten wie E-Mail-Adresse, Anschrift oder Passwort sicher zu aktualisieren.<\/td>\n<\/tr>\n<tr>\n<td>Sicherheitseinstellungen<\/td>\n<td>Sie haben die M\u00f6glichkeit, die Zwei-Faktor-Authentifizierung oder die biometrische Anmeldung f\u00fcr zus\u00e4tzlichen Schutz zu aktivieren.<\/td>\n<\/tr>\n<\/tbody>\n<\/table>\n<h3>Passwort vergessen?<\/h3>\n<p>Bei Gangsta Sino ist es kein Problem, wenn Sie Ihr Passwort vergessen haben. Wir haben eine spezielle Funktion entwickelt, mit der Sie es zur\u00fccksetzen und ein neues erstellen k\u00f6nnen. Das ist sicher und niemand kann Ihre Kontodaten stehlen.<\/p>\n<p>Um Ihr Passwort zur\u00fcckzusetzen, klicken Sie im Anmeldeformular auf den Link \u201ePasswort vergessen?\u201c. Anschlie\u00dfend werden Sie gebeten, die E-Mail-Adresse anzugeben, die Sie f\u00fcr Ihre Gangstasino Anmeldung verwenden. Sie erhalten dann einen Link zum Zur\u00fccksetzen an diese E-Mail-Adresse. Sie m\u00fcssen ein neues Passwort erstellen, um in Zukunft reibungslos auf Ihr Profil zugreifen zu k\u00f6nnen.<\/p>\n<h2>Kontobest\u00e4tigungsprozess bei Gangstasino Casino<\/h2>\n<p>Manche Menschen machen sich m\u00f6glicherweise Gedanken \u00fcber den Verifizierungsprozess. Bei Gangstasino m\u00f6chten wir jedoch lediglich Betrug verhindern und Ihnen ein sicheres und faires Spiel bieten. Gem\u00e4\u00df den Regeln unserer Website darf jede Person nur ein Konto haben.<\/p>\n<p>Wir bitten Sie, vor Ihrer ersten Einzahlung den Verifizierungsprozess abzuschlie\u00dfen. Dazu m\u00fcssen Sie Kopien oder Fotos einiger Ihrer pers\u00f6nlichen Dokumente hochladen. Unsere Mitarbeiter werden diese innerhalb von 48 Stunden pr\u00fcfen und Ihnen eine Antwort zukommen lassen. Wir bitten Sie, die folgenden Dokumente hochzuladen:<\/p>\n<ul>\n<li>Reisepass, Personalausweis oder F\u00fchrerschein<\/li>\n<li>Stromrechnung, die nicht \u00e4lter als 6 Monate ist, Kontoauszug<\/li>\n<li>Screenshot oder Erkl\u00e4rung zur Best\u00e4tigung der Inhaberschaft des Zahlungskontos<\/li>\n<\/ul>\n<h2>H\u00e4ufig gestellte Fragen<\/h2>\n<h3>Wie kann ich mein Konto verifizieren?<\/h3>\n<p>Vor Ihrer ersten Auszahlung bitten wir Sie, Ihre pers\u00f6nlichen Dokumente auf Gangsta Sino Casino hochzuladen. Dies ist ein wichtiger Schritt, um Betrug zu verhindern und Fairness f\u00fcr alle unsere Nutzer zu gew\u00e4hrleisten.<\/p>\n<h3>Kann ich mein Passwort oder meine E-Mail-Adresse \u00e4ndern?<\/h3>\n<p>Benutzer haben die M\u00f6glichkeit, ihre pers\u00f6nlichen Daten und Zahlungsinformationen jederzeit zu \u00e4ndern. Dies kann in den Einstellungen Ihres Kontos vorgenommen werden.<\/p>\n<h3>Was soll ich tun, wenn mein Konto gesperrt ist?<\/h3>\n<p>Wenn Gangstasino Ihr Konto gesperrt hat, senden wir Ihnen eine E-Mail mit einer Erkl\u00e4rung und weiteren Informationen. Wenn Sie keine E-Mail erhalten haben, wenden Sie sich bitte \u00fcber den Live-Chat oder per E-Mail an unser Support-Team.<\/p>\n<h3>Wie kann ich mein Konto schlie\u00dfen oder vor\u00fcbergehend sperren?<\/h3>\n<p>Um Ihr Konto zu schlie\u00dfen oder vor\u00fcbergehend zu sperren, steht Ihnen das Support-Team von Gangsta Sino gerne zur Verf\u00fcgung. Unsere professionellen Manager werden Sie nach den Gr\u00fcnden fragen und die erforderlichen Schritte einleiten. Wir sind rund um die Uhr per Live-Chat oder E-Mail erreichbar.<\/p>\n<\/div><\/div><\/p>\n","protected":false},"excerpt":{"rendered":"<p>Gangstasino Anmelden, Registrieren &amp; Konto verwalten Um Zugang zu den besten Spielen beliebter Softwareanbieter zu erhalten, m\u00fcssen Sie den Gangstasino Login Prozess durchlaufen. Wir haben diesen Vorgang so benutzerfreundlich und unkompliziert wie m\u00f6glich gestaltet, auch f\u00fcr neue Spieler. Sie k\u00f6nnen sich bei Gangstasino Casino registrieren, wenn Sie mindestens 18 Jahre alt sind. Stellen Sie au\u00dferdem [&hellip;]<\/p>\n","protected":false},"author":1,"featured_media":0,"parent":0,"menu_order":0,"comment_status":"closed","ping_status":"closed","template":"template-builder.php","meta":{"_acf_changed":false,"inline_featured_image":false,"footnotes":""},"class_list":["post-1465","page","type-page","status-publish","hentry"],"acf":[],"yoast_head":"<!-- This site is optimized with the Yoast SEO plugin v27.3 - https:\/\/yoast.com\/product\/yoast-seo-wordpress\/ -->\n<title>Gangstasino Login \u2013 acc\u00e8s s\u00e9curis\u00e9 au compte\ufeff<\/title>\n<meta name=\"description\" content=\"Cr\u00e9ez facilement votre profil sur Gangstasino Casino, connectez-vous et g\u00e9rez-le. Inscrivez-vous, r\u00e9cup\u00e9rez ou fermez votre compte en toute s\u00e9curit\u00e9 avec Gangstasino Login.\" \/>\n<meta name=\"robots\" content=\"index, follow, max-snippet:-1, max-image-preview:large, max-video-preview:-1\" \/>\n<link rel=\"canonical\" href=\"https:\/\/gangsta-sino.org\/de\/anmeldung-und-registrierung\/\" \/>\n<meta property=\"og:locale\" content=\"de_DE\" \/>\n<meta property=\"og:type\" content=\"article\" \/>\n<meta property=\"og:title\" content=\"Gangstasino Login \u2013 acc\u00e8s s\u00e9curis\u00e9 au compte\ufeff\" \/>\n<meta property=\"og:description\" content=\"Cr\u00e9ez facilement votre profil sur Gangstasino Casino, connectez-vous et g\u00e9rez-le. Inscrivez-vous, r\u00e9cup\u00e9rez ou fermez votre compte en toute s\u00e9curit\u00e9 avec Gangstasino Login.\" \/>\n<meta property=\"og:url\" content=\"https:\/\/gangsta-sino.org\/de\/anmeldung-und-registrierung\/\" \/>\n<meta property=\"og:site_name\" content=\"gangasta-sino\" \/>\n<meta property=\"article:modified_time\" content=\"2026-01-05T09:22:03+00:00\" \/>\n<meta name=\"twitter:card\" content=\"summary_large_image\" \/>\n<meta name=\"twitter:label1\" content=\"Gesch\u00e4tzte Lesezeit\" \/>\n\t<meta name=\"twitter:data1\" content=\"1\u00a0Minute\" \/>\n<script type=\"application\/ld+json\" class=\"yoast-schema-graph\">{\"@context\":\"https:\\\/\\\/schema.org\",\"@graph\":[{\"@type\":\"WebPage\",\"@id\":\"https:\\\/\\\/gangsta-sino.org\\\/de\\\/anmeldung-und-registrierung\\\/\",\"url\":\"https:\\\/\\\/gangsta-sino.org\\\/de\\\/anmeldung-und-registrierung\\\/\",\"name\":\"Gangstasino Login \u2013 acc\u00e8s s\u00e9curis\u00e9 au compte\ufeff\",\"isPartOf\":{\"@id\":\"https:\\\/\\\/gangsta-sino.org\\\/de\\\/#website\"},\"datePublished\":\"2026-01-05T06:43:51+00:00\",\"dateModified\":\"2026-01-05T09:22:03+00:00\",\"description\":\"Cr\u00e9ez facilement votre profil sur Gangstasino Casino, connectez-vous et g\u00e9rez-le. Inscrivez-vous, r\u00e9cup\u00e9rez ou fermez votre compte en toute s\u00e9curit\u00e9 avec Gangstasino Login.\",\"breadcrumb\":{\"@id\":\"https:\\\/\\\/gangsta-sino.org\\\/de\\\/anmeldung-und-registrierung\\\/#breadcrumb\"},\"inLanguage\":\"de\",\"potentialAction\":[{\"@type\":\"ReadAction\",\"target\":[\"https:\\\/\\\/gangsta-sino.org\\\/de\\\/anmeldung-und-registrierung\\\/\"]}]},{\"@type\":\"BreadcrumbList\",\"@id\":\"https:\\\/\\\/gangsta-sino.org\\\/de\\\/anmeldung-und-registrierung\\\/#breadcrumb\",\"itemListElement\":[{\"@type\":\"ListItem\",\"position\":1,\"name\":\"Gangstasino\",\"item\":\"https:\\\/\\\/gangsta-sino.org\\\/de\\\/\"},{\"@type\":\"ListItem\",\"position\":2,\"name\":\"Anmeldung und Registrierung\"}]},{\"@type\":\"WebSite\",\"@id\":\"https:\\\/\\\/gangsta-sino.org\\\/de\\\/#website\",\"url\":\"https:\\\/\\\/gangsta-sino.org\\\/de\\\/\",\"name\":\"Gangstasino\",\"description\":\"\",\"publisher\":{\"@id\":\"https:\\\/\\\/gangsta-sino.org\\\/de\\\/#organization\"},\"potentialAction\":[{\"@type\":\"SearchAction\",\"target\":{\"@type\":\"EntryPoint\",\"urlTemplate\":\"https:\\\/\\\/gangsta-sino.org\\\/de\\\/?s={search_term_string}\"},\"query-input\":{\"@type\":\"PropertyValueSpecification\",\"valueRequired\":true,\"valueName\":\"search_term_string\"}}],\"inLanguage\":\"de\"},{\"@type\":\"Organization\",\"@id\":\"https:\\\/\\\/gangsta-sino.org\\\/de\\\/#organization\",\"name\":\"Gangstasino\",\"url\":\"https:\\\/\\\/gangsta-sino.org\\\/de\\\/\",\"logo\":{\"@type\":\"ImageObject\",\"inLanguage\":\"de\",\"@id\":\"https:\\\/\\\/gangsta-sino.org\\\/de\\\/#\\\/schema\\\/logo\\\/image\\\/\",\"url\":\"https:\\\/\\\/gangsta-sino.org\\\/wp-content\\\/uploads\\\/2026\\\/01\\\/Logo-Desktop.png\",\"contentUrl\":\"https:\\\/\\\/gangsta-sino.org\\\/wp-content\\\/uploads\\\/2026\\\/01\\\/Logo-Desktop.png\",\"width\":152,\"height\":35,\"caption\":\"Gangstasino\"},\"image\":{\"@id\":\"https:\\\/\\\/gangsta-sino.org\\\/de\\\/#\\\/schema\\\/logo\\\/image\\\/\"}}]}<\/script>\n<!-- \/ Yoast SEO plugin. -->","yoast_head_json":{"title":"Gangstasino Login \u2013 acc\u00e8s s\u00e9curis\u00e9 au compte\ufeff","description":"Cr\u00e9ez facilement votre profil sur Gangstasino Casino, connectez-vous et g\u00e9rez-le. Inscrivez-vous, r\u00e9cup\u00e9rez ou fermez votre compte en toute s\u00e9curit\u00e9 avec Gangstasino Login.","robots":{"index":"index","follow":"follow","max-snippet":"max-snippet:-1","max-image-preview":"max-image-preview:large","max-video-preview":"max-video-preview:-1"},"canonical":"https:\/\/gangsta-sino.org\/de\/anmeldung-und-registrierung\/","og_locale":"de_DE","og_type":"article","og_title":"Gangstasino Login \u2013 acc\u00e8s s\u00e9curis\u00e9 au compte\ufeff","og_description":"Cr\u00e9ez facilement votre profil sur Gangstasino Casino, connectez-vous et g\u00e9rez-le. Inscrivez-vous, r\u00e9cup\u00e9rez ou fermez votre compte en toute s\u00e9curit\u00e9 avec Gangstasino Login.","og_url":"https:\/\/gangsta-sino.org\/de\/anmeldung-und-registrierung\/","og_site_name":"gangasta-sino","article_modified_time":"2026-01-05T09:22:03+00:00","twitter_card":"summary_large_image","twitter_misc":{"Gesch\u00e4tzte Lesezeit":"1\u00a0Minute"},"schema":{"@context":"https:\/\/schema.org","@graph":[{"@type":"WebPage","@id":"https:\/\/gangsta-sino.org\/de\/anmeldung-und-registrierung\/","url":"https:\/\/gangsta-sino.org\/de\/anmeldung-und-registrierung\/","name":"Gangstasino Login \u2013 acc\u00e8s s\u00e9curis\u00e9 au compte\ufeff","isPartOf":{"@id":"https:\/\/gangsta-sino.org\/de\/#website"},"datePublished":"2026-01-05T06:43:51+00:00","dateModified":"2026-01-05T09:22:03+00:00","description":"Cr\u00e9ez facilement votre profil sur Gangstasino Casino, connectez-vous et g\u00e9rez-le. Inscrivez-vous, r\u00e9cup\u00e9rez ou fermez votre compte en toute s\u00e9curit\u00e9 avec Gangstasino Login.","breadcrumb":{"@id":"https:\/\/gangsta-sino.org\/de\/anmeldung-und-registrierung\/#breadcrumb"},"inLanguage":"de","potentialAction":[{"@type":"ReadAction","target":["https:\/\/gangsta-sino.org\/de\/anmeldung-und-registrierung\/"]}]},{"@type":"BreadcrumbList","@id":"https:\/\/gangsta-sino.org\/de\/anmeldung-und-registrierung\/#breadcrumb","itemListElement":[{"@type":"ListItem","position":1,"name":"Gangstasino","item":"https:\/\/gangsta-sino.org\/de\/"},{"@type":"ListItem","position":2,"name":"Anmeldung und Registrierung"}]},{"@type":"WebSite","@id":"https:\/\/gangsta-sino.org\/de\/#website","url":"https:\/\/gangsta-sino.org\/de\/","name":"Gangstasino","description":"","publisher":{"@id":"https:\/\/gangsta-sino.org\/de\/#organization"},"potentialAction":[{"@type":"SearchAction","target":{"@type":"EntryPoint","urlTemplate":"https:\/\/gangsta-sino.org\/de\/?s={search_term_string}"},"query-input":{"@type":"PropertyValueSpecification","valueRequired":true,"valueName":"search_term_string"}}],"inLanguage":"de"},{"@type":"Organization","@id":"https:\/\/gangsta-sino.org\/de\/#organization","name":"Gangstasino","url":"https:\/\/gangsta-sino.org\/de\/","logo":{"@type":"ImageObject","inLanguage":"de","@id":"https:\/\/gangsta-sino.org\/de\/#\/schema\/logo\/image\/","url":"https:\/\/gangsta-sino.org\/wp-content\/uploads\/2026\/01\/Logo-Desktop.png","contentUrl":"https:\/\/gangsta-sino.org\/wp-content\/uploads\/2026\/01\/Logo-Desktop.png","width":152,"height":35,"caption":"Gangstasino"},"image":{"@id":"https:\/\/gangsta-sino.org\/de\/#\/schema\/logo\/image\/"}}]}},"_links":{"self":[{"href":"https:\/\/gangsta-sino.org\/de\/wp-json\/wp\/v2\/pages\/1465","targetHints":{"allow":["GET"]}}],"collection":[{"href":"https:\/\/gangsta-sino.org\/de\/wp-json\/wp\/v2\/pages"}],"about":[{"href":"https:\/\/gangsta-sino.org\/de\/wp-json\/wp\/v2\/types\/page"}],"author":[{"embeddable":true,"href":"https:\/\/gangsta-sino.org\/de\/wp-json\/wp\/v2\/users\/1"}],"replies":[{"embeddable":true,"href":"https:\/\/gangsta-sino.org\/de\/wp-json\/wp\/v2\/comments?post=1465"}],"version-history":[{"count":1,"href":"https:\/\/gangsta-sino.org\/de\/wp-json\/wp\/v2\/pages\/1465\/revisions"}],"predecessor-version":[{"id":1615,"href":"https:\/\/gangsta-sino.org\/de\/wp-json\/wp\/v2\/pages\/1465\/revisions\/1615"}],"wp:attachment":[{"href":"https:\/\/gangsta-sino.org\/de\/wp-json\/wp\/v2\/media?parent=1465"}],"curies":[{"name":"wp","href":"https:\/\/api.w.org\/{rel}","templated":true}]}}