{"id":1431,"date":"2026-01-05T06:41:30","date_gmt":"2026-01-05T06:41:30","guid":{"rendered":"https:\/\/gangsta-sino.org\/app-2\/"},"modified":"2026-01-05T11:33:24","modified_gmt":"2026-01-05T11:33:24","slug":"aplicacion","status":"publish","type":"page","link":"https:\/\/gangsta-sino.org\/es\/aplicacion\/","title":{"rendered":"Aplicaci\u00f3n"},"content":{"rendered":"<h1>Aplicaci\u00f3n Gangstasino: juega en tu dispositivo m\u00f3vil<\/h1>\n<p>La Gangstasino app para Android e iOS en Espa\u00f1a es la opci\u00f3n perfecta si quieres jugar a todos tus juegos favoritos desde un dispositivo m\u00f3vil. Somos compatibles con todos los smartphones y tablets modernos y nos adaptamos perfectamente al tama\u00f1o de sus pantallas. En la app Gangstasino Espa\u00f1a, tendr\u00e1s acceso a las mismas funciones que en la versi\u00f3n de escritorio. Adem\u00e1s, no te pedimos que descargues ning\u00fan archivo desconocido, ya que nuestro casino m\u00f3vil es una aplicaci\u00f3n web progresiva (PWA).<\/p>\n<div class=\"banner-wrap\" aria-label=\"Banner\"><img src=\"https:\/\/gangsta-sino.org\/wp-content\/uploads\/2026\/01\/Gangstasino-Banner-Desktop.webp\" class=\"w-100 d-none d-lg-block img-pc main-banner-img\" alt=\"Gangstasino Banner Desktop\" fetchpriority=\"high\" decoding=\"async\"><img src=\"https:\/\/gangsta-sino.org\/wp-content\/uploads\/2026\/01\/Gangstasino-bonus-mobile.webp\" class=\"w-100 d-none d-md-block d-lg-none main-banner-img\" alt=\"Gangstasino bonus mobile\" fetchpriority=\"high\" decoding=\"async\"><img src=\"https:\/\/gangsta-sino.org\/wp-content\/uploads\/2026\/01\/Gangstasino-bonus-mobile.webp\" class=\"w-100 d-md-none\" alt=\"Gangstasino bonus mobile\" fetchpriority=\"high\" decoding=\"async\"><div class=\"banner-description\">\n<div class=\"banner-title\">Bonos de bienvenida<\/div>\n<p class=\"banner-header-title\">1500 \u20ac<\/p>\n<div class=\"banner-header-AdditionalText\">+ 250 Tiradas gratis<\/div>\n<button data-item=\"homepage_banner_link\" class=\"goto m-button m-gradient-border m-button--primary m-button--large banner-button btn-orange\">\n            <div class=\"m-button-content\">\n                <span>Reg\u00edstrate ahora<\/span>\n                <span><\/span>\n            <\/div>\n        <\/button>\n<\/div>\n<div class=\"WelcomePack\">\n<p><img loading=\"lazy\" decoding=\"async\" class=\"alignnone size-full wp-image-1329\" src=\"https:\/\/gangsta-sino.org\/wp-content\/uploads\/2026\/01\/welcome-crown.svg\" alt=\"crown\" width=\"25\" height=\"26\" \/><\/p>\n<div class=\"WelcomePack-Info\">Reembolso semanal de hasta el 25 %<\/div>\n<p><img loading=\"lazy\" decoding=\"async\" class=\"alignnone size-full wp-image-1329\" src=\"https:\/\/gangsta-sino.org\/wp-content\/uploads\/2026\/01\/welcome-crown.svg\" alt=\"crown\" width=\"25\" height=\"26\" \/><\/p>\n<\/div>\n<\/div>\n<h2>Gangstasino Casino en plataformas m\u00f3viles<\/h2>\n<p>La mayor\u00eda de los sitios web modernos ahora tienen una versi\u00f3n m\u00f3vil o una aplicaci\u00f3n. Gangsta Sino Casino no es una excepci\u00f3n. Hemos desarrollado un software m\u00f3vil f\u00e1cil de usar con una navegaci\u00f3n intuitiva. La app Gangstasino es perfecta tanto para usuarios de Android como de iOS.<\/p>\n<p>Nuestro casino m\u00f3vil ofrece las mismas funciones que la versi\u00f3n completa para PC. Tras registrarte, tendr\u00e1s acceso a m\u00e1s de 6.000 juegos, pagos, un sistema de bonificaciones y atenci\u00f3n al cliente. Al mismo tiempo, el software es seguro. Toda tu informaci\u00f3n personal est\u00e1 protegida con encriptaci\u00f3n SSL.<\/p>\n<p>Hemos recopilado algunos puntos que demuestran que nuestro casino m\u00f3vil es tan bueno como la versi\u00f3n para ordenador y, en algunos casos, la experiencia de juego es incluso mejor.<\/p>\n<table>\n<tbody>\n<tr>\n<td>Caracter\u00edstica<\/td>\n<td>Software m\u00f3vil<\/td>\n<td>Versi\u00f3n para PC<\/td>\n<\/tr>\n<tr>\n<td>Accesibilidad<\/td>\n<td>Puedes jugar en cualquier lugar y en cualquier momento desde tu smartphone o tableta.<\/td>\n<td>Requiere un ordenador de sobremesa o port\u00e1til, lo que lo hace menos port\u00e1til.<\/td>\n<\/tr>\n<tr>\n<td>Notificaciones<\/td>\n<td>Los usuarios reciben notificaciones push sobre bonificaciones, torneos y giros gratis.<\/td>\n<td>No hay notificaciones en tiempo real a menos que inicies sesi\u00f3n.<\/td>\n<\/tr>\n<tr>\n<td>Seguridad<\/td>\n<td>Puedes utilizar un inicio de sesi\u00f3n biom\u00e9trico (Face ID \/ huella dactilar) para mayor seguridad.<\/td>\n<td>Solo se basa en un inicio de sesi\u00f3n con contrase\u00f1a.<\/td>\n<\/tr>\n<tr>\n<td>Acceso sin conexi\u00f3n<\/td>\n<td>Algunos juegos o acciones de la cuenta funcionan incluso sin una conexi\u00f3n completa a Internet.<\/td>\n<td>Esta versi\u00f3n requiere una conexi\u00f3n estable en todo momento.<\/td>\n<\/tr>\n<\/tbody>\n<\/table>\n<p><div class=\"scrollable-content-wrap my-5\"><div class=\"scrollable-content-inner\"><h2>Gangstasino aplicaci\u00f3n de casino para Android<\/h2>\n<p>La aplicaci\u00f3n Gangstasino se desarroll\u00f3 para que todos nuestros usuarios pudieran estar conectados en l\u00ednea sin importar cu\u00e1ndo y d\u00f3nde se encuentren. Para nuestros jugadores de Android, ofrecemos una PWA c\u00f3moda y segura. Funciona perfectamente en todos los dispositivos modernos. No le pedimos que descargue ning\u00fan archivo APK desconocido, como el APK de Goldzino, de fuentes de terceros, por lo que usted y su dispositivo estar\u00e1n seguros.<\/p>\n<p>No debe preocuparse por explorar un nuevo software, ya que b\u00e1sicamente es un reflejo de la versi\u00f3n principal para ordenador, solo que adaptada a tel\u00e9fonos inteligentes y tabletas. El dise\u00f1o y la navegaci\u00f3n son los mismos. Si desea instalar el software m\u00f3vil de Gangsta Sino Casino, puede seguir nuestras instrucciones paso a paso a continuaci\u00f3n:<\/p>\n<ol>\n<li>En primer lugar, debe visitar nuestro sitio web oficial.<\/li>\n<li>En el pie de p\u00e1gina del sitio web, encontrar\u00e1s y har\u00e1s clic en el bot\u00f3n \u00abAplicaci\u00f3n del casino\u00bb.<\/li>\n<li>El proceso de instalaci\u00f3n se iniciar\u00e1 autom\u00e1ticamente tras el \u00faltimo paso.<\/li>\n<li>Despu\u00e9s de instalar la aplicaci\u00f3n, aparecer\u00e1 el icono del casino online en tu pantalla.<\/li>\n<\/ol>\n<p>Si no est\u00e1s listo para instalar la aplicaci\u00f3n, siempre puedes utilizar la versi\u00f3n para navegador. Gangstasino Casino est\u00e1 disponible en todos los navegadores m\u00f3viles. Cualquier navegador te permite a\u00f1adir un icono de acceso directo a nuestra plataforma en tu pantalla principal para que puedas acceder a ella en 2 segundos.<\/p>\n<p><img loading=\"lazy\" decoding=\"async\" src=\"https:\/\/gangsta-sino.org\/wp-content\/uploads\/2026\/01\/Ganstasino-App-Android.webp\" alt=\"Ganstasino App Android\" width=\"1248\" height=\"536\" \/><\/p>\n<\/div><\/div><div style=\"clear: both\"><\/div><div class=\"d-flex justify-content-center\"><button data-item=\"decouvrez_link\" data-group=\"website_links\" class=\"goto fw-bold rounded-pill btn btn-orange\" aria-label=\"Descarga la aplicaci\u00f3n GangstaSino\" >Descarga la aplicaci\u00f3n GangstaSino<\/button><\/div><div class=\"scrollable-content-wrap my-5\"><div class=\"scrollable-content-inner\"><h2>Gangstasino aplicaci\u00f3n de casino para iOS<\/h2>\n<p>Los usuarios de iOS tambi\u00e9n tienen acceso a la fant\u00e1stica aplicaci\u00f3n m\u00f3vil Gangsta Sino, compatible con todos los modelos de iPhone y iPad. Se adapta perfectamente al tama\u00f1o de la pantalla. A los usuarios les gustan especialmente las opciones de crupier en vivo en sus dispositivos m\u00f3viles, ya que est\u00e1n traducidas con gran calidad y te sumergen en la atm\u00f3sfera de un casino real. Puedes seguir las instrucciones de instalaci\u00f3n para Android, ya que son id\u00e9nticas en ambas plataformas.<\/p>\n<p>Siempre existe la opci\u00f3n de utilizar el sitio web oficial en cualquier navegador m\u00f3vil. Tiene el mismo dise\u00f1o y funcionalidad que la versi\u00f3n para PC, pero se adapta a la pantalla t\u00e1ctil del m\u00f3vil. Tendr\u00e1s acceso a toda la colecci\u00f3n de t\u00edtulos, incluyendo tragamonedas en l\u00ednea, juegos de mesa, opciones con crupier en vivo y mucho m\u00e1s. Si deseas acceder de forma r\u00e1pida y sencilla, puedes instalar el icono de acceso directo en tu pantalla de inicio:<\/p>\n<ol>\n<li>El usuario debe abrir la aplicaci\u00f3n Atajos en su iPhone o iPad.<\/li>\n<li>Debes pulsar el icono + (m\u00e1s) en la esquina superior derecha para crear un nuevo acceso directo.<\/li>\n<li>Despu\u00e9s, debes seleccionar \u00abA\u00f1adir acci\u00f3n\u00bb y buscar el sitio web para el que deseas crear un acceso directo.<\/li>\n<li>Ahora tienes que pulsar la flecha hacia abajo situada junto al nombre del acceso directo y seleccionar \u00abA\u00f1adir a la pantalla de inicio\u00bb.<\/li>\n<li>Puedes darle un nombre personalizado antes de pulsar \u00abA\u00f1adir\u00bb.<\/li>\n<\/ol>\n<p><img loading=\"lazy\" decoding=\"async\" src=\"https:\/\/gangsta-sino.org\/wp-content\/uploads\/2026\/01\/Ganstasino-App-iOS.webp\" alt=\"Ganstasino App iOS\" width=\"1248\" height=\"536\" \/><\/p>\n<\/div><\/div><div style=\"clear: both\"><\/div><div class=\"d-flex justify-content-center\"><button data-item=\"decouvrez_link\" data-group=\"website_links\" class=\"goto fw-bold rounded-pill btn btn-orange\" aria-label=\"Descargar GangstaSino\" >Descargar GangstaSino<\/button><\/div><div class=\"scrollable-content-wrap my-5\"><div class=\"scrollable-content-inner\"><h2>Software para Windows y macOS<\/h2>\n<p>Por supuesto, no nos hemos olvidado de los usuarios de ordenadores de sobremesa. Muchos de nuestros jugadores prefieren jugar en el ordenador de su casa y en el m\u00f3vil cuando est\u00e1n fuera. No te preocupes: Gangstasino Casino est\u00e1 disponible en todos los navegadores de tu ordenador. Solo tienes que abrir tu navegador preferido y escribir el nombre de nuestra plataforma.<\/p>\n<p>Pero queremos hacerte la vida a\u00fan m\u00e1s f\u00e1cil. Por eso te ofrecemos la oportunidad de a\u00f1adir nuestro casino online como icono en tu pantalla de inicio. As\u00ed podr\u00e1s acceder a Gangsta Sino en solo unos segundos. Para ello, solo tienes que visitar nuestra p\u00e1gina web y, en el men\u00fa del navegador, seleccionar \u00abA\u00f1adir a la pantalla de inicio\u00bb. Si tienes alguna pregunta, no dudes en ponerte en contacto con el equipo de asistencia de Gangstasino a trav\u00e9s del chat en vivo o por correo electr\u00f3nico.<\/p>\n<p><img loading=\"lazy\" decoding=\"async\" src=\"https:\/\/gangsta-sino.org\/wp-content\/uploads\/2026\/01\/Ganstasino-App-Windows.webp\" alt=\"Ganstasino App Windows\" width=\"1248\" height=\"536\" \/><\/p>\n<\/div><\/div><div style=\"clear: both\"><\/div><div class=\"d-flex justify-content-center\"><button data-item=\"decouvrez_link\" data-group=\"website_links\" class=\"goto fw-bold rounded-pill btn btn-orange\" aria-label=\"Descarga la aplicaci\u00f3n GangstaSino\" >Descarga la aplicaci\u00f3n GangstaSino<\/button><\/div><div class=\"scrollable-content-wrap my-5\"><div class=\"scrollable-content-inner\"><h2>Preguntas frecuentes<\/h2>\n<h3>\u00bfHay servicio de atenci\u00f3n al cliente en la app de Gangstasino Casino?<\/h3>\n<p>La aplicaci\u00f3n Gangstasino ofrece las mismas funciones que la versi\u00f3n para ordenador. Por eso, en la versi\u00f3n m\u00f3vil encontrar\u00e1s el chat de atenci\u00f3n al cliente 24\/7. La opci\u00f3n de correo electr\u00f3nico tambi\u00e9n est\u00e1 disponible desde cualquier dispositivo.<\/p>\n<h3>\u00bfNecesito una cuenta para usar la app Gangstasino?<\/h3>\n<p>Para acceder a todos los juegos, pagos, servicio de asistencia y otras funciones de Gangstasino Casino en la aplicaci\u00f3n, primero debes registrarte. Pero no te preocupes, solo te llevar\u00e1 unos minutos.<\/p>\n<h3>\u00bfEs seguro utilizar la aplicaci\u00f3n Gangstasino App?<\/h3>\n<p>Gangsta Sino Casino cuenta con una licencia de la Junta de Juegos de Anjouan y cumple con todas las estrictas normativas y protocolos del sector del juego. Todas las transacciones en el casino m\u00f3vil est\u00e1n protegidas por un moderno cifrado SSL.<\/p>\n<h3>\u00bfPuedo realizar dep\u00f3sitos y retiradas directamente en la app?<\/h3>\n<p>El software m\u00f3vil ofrece los mismos m\u00e9todos de pago que la versi\u00f3n de escritorio. Puedes realizar dep\u00f3sitos y retiradas sin ning\u00fan problema. Aseg\u00farate de completar el proceso de verificaci\u00f3n antes de tu primera retirada.<\/p>\n<\/div><\/div><\/p>\n","protected":false},"excerpt":{"rendered":"<p>Aplicaci\u00f3n Gangstasino: juega en tu dispositivo m\u00f3vil La Gangstasino app para Android e iOS en Espa\u00f1a es la opci\u00f3n perfecta si quieres jugar a todos tus juegos favoritos desde un dispositivo m\u00f3vil. Somos compatibles con todos los smartphones y tablets modernos y nos adaptamos perfectamente al tama\u00f1o de sus pantallas. En la app Gangstasino Espa\u00f1a, [&hellip;]<\/p>\n","protected":false},"author":1,"featured_media":0,"parent":0,"menu_order":0,"comment_status":"closed","ping_status":"closed","template":"template-builder.php","meta":{"_acf_changed":false,"inline_featured_image":false,"footnotes":""},"class_list":["post-1431","page","type-page","status-publish","hentry"],"acf":[],"yoast_head":"<!-- This site is optimized with the Yoast SEO plugin v27.3 - https:\/\/yoast.com\/product\/yoast-seo-wordpress\/ -->\n<title>Gangstasino App | iOS y plataformas Android\ufeff<\/title>\n<meta name=\"description\" content=\"La aplicaci\u00f3n Gangstasino ofrece una experiencia de juego de casino fluida en Android, iOS, Windows y macOS con cuentas sincronizadas, actualizaciones regulares y soporte al cliente integrado para una comodidad \u00f3ptima.\" \/>\n<meta name=\"robots\" content=\"index, follow, max-snippet:-1, max-image-preview:large, max-video-preview:-1\" \/>\n<link rel=\"canonical\" href=\"https:\/\/gangsta-sino.org\/es\/aplicacion\/\" \/>\n<meta property=\"og:locale\" content=\"es_ES\" \/>\n<meta property=\"og:type\" content=\"article\" \/>\n<meta property=\"og:title\" content=\"Gangstasino App | iOS y plataformas Android\ufeff\" \/>\n<meta property=\"og:description\" content=\"La aplicaci\u00f3n Gangstasino ofrece una experiencia de juego de casino fluida en Android, iOS, Windows y macOS con cuentas sincronizadas, actualizaciones regulares y soporte al cliente integrado para una comodidad \u00f3ptima.\" \/>\n<meta property=\"og:url\" content=\"https:\/\/gangsta-sino.org\/es\/aplicacion\/\" \/>\n<meta property=\"og:site_name\" content=\"gangasta-sino\" \/>\n<meta property=\"article:modified_time\" content=\"2026-01-05T11:33:24+00:00\" \/>\n<meta name=\"twitter:card\" content=\"summary_large_image\" \/>\n<meta name=\"twitter:label1\" content=\"Est. reading time\" \/>\n\t<meta name=\"twitter:data1\" content=\"2 minutos\" \/>\n<script type=\"application\/ld+json\" class=\"yoast-schema-graph\">{\"@context\":\"https:\\\/\\\/schema.org\",\"@graph\":[{\"@type\":\"WebPage\",\"@id\":\"https:\\\/\\\/gangsta-sino.org\\\/es\\\/aplicacion\\\/\",\"url\":\"https:\\\/\\\/gangsta-sino.org\\\/es\\\/aplicacion\\\/\",\"name\":\"Gangstasino App | iOS y plataformas Android\ufeff\",\"isPartOf\":{\"@id\":\"https:\\\/\\\/gangsta-sino.org\\\/es\\\/#website\"},\"datePublished\":\"2026-01-05T06:41:30+00:00\",\"dateModified\":\"2026-01-05T11:33:24+00:00\",\"description\":\"La aplicaci\u00f3n Gangstasino ofrece una experiencia de juego de casino fluida en Android, iOS, Windows y macOS con cuentas sincronizadas, actualizaciones regulares y soporte al cliente integrado para una comodidad \u00f3ptima.\",\"breadcrumb\":{\"@id\":\"https:\\\/\\\/gangsta-sino.org\\\/es\\\/aplicacion\\\/#breadcrumb\"},\"inLanguage\":\"es\",\"potentialAction\":[{\"@type\":\"ReadAction\",\"target\":[\"https:\\\/\\\/gangsta-sino.org\\\/es\\\/aplicacion\\\/\"]}]},{\"@type\":\"BreadcrumbList\",\"@id\":\"https:\\\/\\\/gangsta-sino.org\\\/es\\\/aplicacion\\\/#breadcrumb\",\"itemListElement\":[{\"@type\":\"ListItem\",\"position\":1,\"name\":\"Gangstasino\",\"item\":\"https:\\\/\\\/gangsta-sino.org\\\/es\\\/\"},{\"@type\":\"ListItem\",\"position\":2,\"name\":\"Aplicaci\u00f3n\"}]},{\"@type\":\"WebSite\",\"@id\":\"https:\\\/\\\/gangsta-sino.org\\\/es\\\/#website\",\"url\":\"https:\\\/\\\/gangsta-sino.org\\\/es\\\/\",\"name\":\"Gangstasino\",\"description\":\"\",\"publisher\":{\"@id\":\"https:\\\/\\\/gangsta-sino.org\\\/es\\\/#organization\"},\"potentialAction\":[{\"@type\":\"SearchAction\",\"target\":{\"@type\":\"EntryPoint\",\"urlTemplate\":\"https:\\\/\\\/gangsta-sino.org\\\/es\\\/?s={search_term_string}\"},\"query-input\":{\"@type\":\"PropertyValueSpecification\",\"valueRequired\":true,\"valueName\":\"search_term_string\"}}],\"inLanguage\":\"es\"},{\"@type\":\"Organization\",\"@id\":\"https:\\\/\\\/gangsta-sino.org\\\/es\\\/#organization\",\"name\":\"Gangstasino\",\"url\":\"https:\\\/\\\/gangsta-sino.org\\\/es\\\/\",\"logo\":{\"@type\":\"ImageObject\",\"inLanguage\":\"es\",\"@id\":\"https:\\\/\\\/gangsta-sino.org\\\/es\\\/#\\\/schema\\\/logo\\\/image\\\/\",\"url\":\"https:\\\/\\\/gangsta-sino.org\\\/wp-content\\\/uploads\\\/2026\\\/01\\\/Logo-Desktop.png\",\"contentUrl\":\"https:\\\/\\\/gangsta-sino.org\\\/wp-content\\\/uploads\\\/2026\\\/01\\\/Logo-Desktop.png\",\"width\":152,\"height\":35,\"caption\":\"Gangstasino\"},\"image\":{\"@id\":\"https:\\\/\\\/gangsta-sino.org\\\/es\\\/#\\\/schema\\\/logo\\\/image\\\/\"}}]}<\/script>\n<!-- \/ Yoast SEO plugin. -->","yoast_head_json":{"title":"Gangstasino App | iOS y plataformas Android\ufeff","description":"La aplicaci\u00f3n Gangstasino ofrece una experiencia de juego de casino fluida en Android, iOS, Windows y macOS con cuentas sincronizadas, actualizaciones regulares y soporte al cliente integrado para una comodidad \u00f3ptima.","robots":{"index":"index","follow":"follow","max-snippet":"max-snippet:-1","max-image-preview":"max-image-preview:large","max-video-preview":"max-video-preview:-1"},"canonical":"https:\/\/gangsta-sino.org\/es\/aplicacion\/","og_locale":"es_ES","og_type":"article","og_title":"Gangstasino App | iOS y plataformas Android\ufeff","og_description":"La aplicaci\u00f3n Gangstasino ofrece una experiencia de juego de casino fluida en Android, iOS, Windows y macOS con cuentas sincronizadas, actualizaciones regulares y soporte al cliente integrado para una comodidad \u00f3ptima.","og_url":"https:\/\/gangsta-sino.org\/es\/aplicacion\/","og_site_name":"gangasta-sino","article_modified_time":"2026-01-05T11:33:24+00:00","twitter_card":"summary_large_image","twitter_misc":{"Est. reading time":"2 minutos"},"schema":{"@context":"https:\/\/schema.org","@graph":[{"@type":"WebPage","@id":"https:\/\/gangsta-sino.org\/es\/aplicacion\/","url":"https:\/\/gangsta-sino.org\/es\/aplicacion\/","name":"Gangstasino App | iOS y plataformas Android\ufeff","isPartOf":{"@id":"https:\/\/gangsta-sino.org\/es\/#website"},"datePublished":"2026-01-05T06:41:30+00:00","dateModified":"2026-01-05T11:33:24+00:00","description":"La aplicaci\u00f3n Gangstasino ofrece una experiencia de juego de casino fluida en Android, iOS, Windows y macOS con cuentas sincronizadas, actualizaciones regulares y soporte al cliente integrado para una comodidad \u00f3ptima.","breadcrumb":{"@id":"https:\/\/gangsta-sino.org\/es\/aplicacion\/#breadcrumb"},"inLanguage":"es","potentialAction":[{"@type":"ReadAction","target":["https:\/\/gangsta-sino.org\/es\/aplicacion\/"]}]},{"@type":"BreadcrumbList","@id":"https:\/\/gangsta-sino.org\/es\/aplicacion\/#breadcrumb","itemListElement":[{"@type":"ListItem","position":1,"name":"Gangstasino","item":"https:\/\/gangsta-sino.org\/es\/"},{"@type":"ListItem","position":2,"name":"Aplicaci\u00f3n"}]},{"@type":"WebSite","@id":"https:\/\/gangsta-sino.org\/es\/#website","url":"https:\/\/gangsta-sino.org\/es\/","name":"Gangstasino","description":"","publisher":{"@id":"https:\/\/gangsta-sino.org\/es\/#organization"},"potentialAction":[{"@type":"SearchAction","target":{"@type":"EntryPoint","urlTemplate":"https:\/\/gangsta-sino.org\/es\/?s={search_term_string}"},"query-input":{"@type":"PropertyValueSpecification","valueRequired":true,"valueName":"search_term_string"}}],"inLanguage":"es"},{"@type":"Organization","@id":"https:\/\/gangsta-sino.org\/es\/#organization","name":"Gangstasino","url":"https:\/\/gangsta-sino.org\/es\/","logo":{"@type":"ImageObject","inLanguage":"es","@id":"https:\/\/gangsta-sino.org\/es\/#\/schema\/logo\/image\/","url":"https:\/\/gangsta-sino.org\/wp-content\/uploads\/2026\/01\/Logo-Desktop.png","contentUrl":"https:\/\/gangsta-sino.org\/wp-content\/uploads\/2026\/01\/Logo-Desktop.png","width":152,"height":35,"caption":"Gangstasino"},"image":{"@id":"https:\/\/gangsta-sino.org\/es\/#\/schema\/logo\/image\/"}}]}},"_links":{"self":[{"href":"https:\/\/gangsta-sino.org\/es\/wp-json\/wp\/v2\/pages\/1431","targetHints":{"allow":["GET"]}}],"collection":[{"href":"https:\/\/gangsta-sino.org\/es\/wp-json\/wp\/v2\/pages"}],"about":[{"href":"https:\/\/gangsta-sino.org\/es\/wp-json\/wp\/v2\/types\/page"}],"author":[{"embeddable":true,"href":"https:\/\/gangsta-sino.org\/es\/wp-json\/wp\/v2\/users\/1"}],"replies":[{"embeddable":true,"href":"https:\/\/gangsta-sino.org\/es\/wp-json\/wp\/v2\/comments?post=1431"}],"version-history":[{"count":2,"href":"https:\/\/gangsta-sino.org\/es\/wp-json\/wp\/v2\/pages\/1431\/revisions"}],"predecessor-version":[{"id":1798,"href":"https:\/\/gangsta-sino.org\/es\/wp-json\/wp\/v2\/pages\/1431\/revisions\/1798"}],"wp:attachment":[{"href":"https:\/\/gangsta-sino.org\/es\/wp-json\/wp\/v2\/media?parent=1431"}],"curies":[{"name":"wp","href":"https:\/\/api.w.org\/{rel}","templated":true}]}}