{"id":1469,"date":"2026-01-05T06:43:51","date_gmt":"2026-01-05T06:43:51","guid":{"rendered":"https:\/\/gangsta-sino.org\/login-and-registration\/"},"modified":"2026-01-05T11:34:49","modified_gmt":"2026-01-05T11:34:49","slug":"inicio-de-sesion-y-registro","status":"publish","type":"page","link":"https:\/\/gangsta-sino.org\/es\/inicio-de-sesion-y-registro\/","title":{"rendered":"Inicio de sesi\u00f3n y Registro"},"content":{"rendered":"<h1>Gangstasino Iniciar sesi\u00f3n, Registrarse y gestionar cuenta<\/h1>\n<p>Para acceder a los mejores juegos de los proveedores de software m\u00e1s populares, los jugadores espa\u00f1oles deben pasar por el proceso de Gangstasino login. Hemos dise\u00f1ado el proceso para que sea f\u00e1cil de usar y sencillo, incluso para los nuevos jugadores. Puedes registrarte en Gangstasino Casino Espa\u00f1a si tienes 18 a\u00f1os o m\u00e1s. Adem\u00e1s, aseg\u00farate de tener solo una cuenta en nuestro sitio web, ya que no aceptamos m\u00faltiples cuentas por persona.<\/p>\n<p><div class=\"banner-wrap\" aria-label=\"Banner\"><img src=\"https:\/\/gangsta-sino.org\/wp-content\/uploads\/2026\/01\/Gangstasino-Banner-Desktop.webp\" class=\"w-100 d-none d-lg-block img-pc main-banner-img\" alt=\"Gangstasino Banner Desktop\" fetchpriority=\"high\" decoding=\"async\"><img src=\"https:\/\/gangsta-sino.org\/wp-content\/uploads\/2026\/01\/Gangstasino-bonus-mobile.webp\" class=\"w-100 d-none d-md-block d-lg-none main-banner-img\" alt=\"Gangstasino bonus mobile\" fetchpriority=\"high\" decoding=\"async\"><img src=\"https:\/\/gangsta-sino.org\/wp-content\/uploads\/2026\/01\/Gangstasino-bonus-mobile.webp\" class=\"w-100 d-md-none\" alt=\"Gangstasino bonus mobile\" fetchpriority=\"high\" decoding=\"async\"><div class=\"banner-description\">\n<div class=\"banner-title\">Bonos de bienvenida<\/div>\n<p class=\"banner-header-title\">1500 \u20ac<\/p>\n<div class=\"banner-header-AdditionalText\">+ 250 Tiradas gratis<\/div>\n<button data-item=\"homepage_banner_link\" class=\"goto m-button m-gradient-border m-button--primary m-button--large banner-button btn-orange\">\n            <div class=\"m-button-content\">\n                <span>Reg\u00edstrate ahora<\/span>\n                <span><\/span>\n            <\/div>\n        <\/button>\n<\/div>\n<div class=\"WelcomePack\">\n<p><img loading=\"lazy\" decoding=\"async\" class=\"alignnone size-full wp-image-1329\" src=\"https:\/\/gangsta-sino.org\/wp-content\/uploads\/2026\/01\/welcome-crown.svg\" alt=\"crown\" width=\"25\" height=\"26\" \/><\/p>\n<div class=\"WelcomePack-Info\">Reembolso semanal de hasta el 25 %<\/div>\n<p><img loading=\"lazy\" decoding=\"async\" class=\"alignnone size-full wp-image-1329\" src=\"https:\/\/gangsta-sino.org\/wp-content\/uploads\/2026\/01\/welcome-crown.svg\" alt=\"crown\" width=\"25\" height=\"26\" \/><\/p>\n<\/div>\n<\/div><div class=\"scrollable-content-wrap my-5\"><div class=\"scrollable-content-inner\"><h2>Reg\u00edstrate en Gangstasino Casino<\/h2>\n<p>El registro en Gangstasino Casino solo lleva unos minutos, pero te da acceso a todas las funciones de la plataforma. Despu\u00e9s de registrarte, podr\u00e1s realizar dep\u00f3sitos, participar en promociones, jugar a m\u00e1s de 6000 juegos y retirar tus ganancias.<\/p>\n<p>Si est\u00e1 interesado en convertirse en uno de nuestros clientes, siga las instrucciones que se indican a continuaci\u00f3n para completar f\u00e1cilmente el sencillo proceso de registro:<\/p>\n<ol>\n<li>Tienes que ir a nuestra p\u00e1gina web desde tu ordenador o dispositivo m\u00f3vil. La p\u00e1gina web Gangstasino Casino est\u00e1 disponible en todos los navegadores modernos.<\/li>\n<li>El usuario debe hacer clic en el bot\u00f3n \u00abRegistrarse\u00bb situado en la esquina superior derecha de la p\u00e1gina principal.<\/li>\n<li>Todos nuestros nuevos miembros deben introducir su correo electr\u00f3nico y contrase\u00f1a. La contrase\u00f1a debe tener al menos 6 caracteres.<\/li>\n<li>Despu\u00e9s de introducir la informaci\u00f3n, todos los nuevos usuarios deben aceptar los t\u00e9rminos y condiciones del sitio web y confirmar que son mayores de 18 a\u00f1os.<\/li>\n<li>A continuaci\u00f3n, le pediremos que rellene el formulario de registro, que incluye su nombre, direcci\u00f3n, n\u00famero de tel\u00e9fono y otra informaci\u00f3n.<\/li>\n<\/ol>\n<p>Despu\u00e9s de completar todos los pasos, se iniciar\u00e1 sesi\u00f3n autom\u00e1ticamente en su cuenta. Puede realizar su primer dep\u00f3sito o probar los juegos en modo demo sin riesgo alguno. La pr\u00f3xima vez, deber\u00e1 seguir el proceso de inicio de sesi\u00f3n en Gangstasino para disfrutar de todas las mejores funciones de nuestro casino en l\u00ednea.<\/p>\n<h2>Accede y gestiona tu cuenta de forma segura en Gangstasino<\/h2>\n<p>El proceso de inicio de sesi\u00f3n en Gangsta Sino abre las puertas a todas las funciones de la plataforma, incluyendo m\u00e1s de 6000 t\u00edtulos, pagos, un servicio de asistencia multiling\u00fce y mucho m\u00e1s. Para acceder a la cuenta, solo tienes que proporcionar el correo electr\u00f3nico y la contrase\u00f1a que utilizaste al registrarte.<\/p>\n<p>Tu cuenta personal ofrece muchas funciones y herramientas importantes que mejorar\u00e1n tu experiencia de juego. En la tabla siguiente encontrar\u00e1s las principales funciones a las que tendr\u00e1s acceso tras completar el proceso de inicio de sesi\u00f3n en Gangstasino.<\/p>\n<table>\n<tbody>\n<tr>\n<td>Funci\u00f3n<\/td>\n<td>Detalles<\/td>\n<\/tr>\n<tr>\n<td>Historial de transacciones<\/td>\n<td>Aqu\u00ed puede consultar el historial completo de dep\u00f3sitos, retiradas y apuestas.<\/td>\n<\/tr>\n<tr>\n<td>Verificaci\u00f3n de identidad (KYC)<\/td>\n<td>En tu cuenta personal, subir\u00e1s documentos de identificaci\u00f3n para verificar tu cuenta y habilitar los retiros.<\/td>\n<\/tr>\n<tr>\n<td>Herramientas para el juego responsable<\/td>\n<td>Puedes establecer l\u00edmites en los dep\u00f3sitos, las p\u00e9rdidas o el tiempo de sesi\u00f3n. Adem\u00e1s, es posible activar la autoexclusi\u00f3n si es necesario.<\/td>\n<\/tr>\n<tr>\n<td>Gesti\u00f3n de datos personales<\/td>\n<td>Los usuarios tienen la posibilidad de actualizar de forma segura informaci\u00f3n personal como el correo electr\u00f3nico, la direcci\u00f3n o la contrase\u00f1a.<\/td>\n<\/tr>\n<tr>\n<td>Configuraci\u00f3n de seguridad<\/td>\n<td>Tienes la opci\u00f3n de habilitar la autenticaci\u00f3n de dos factores o el inicio de sesi\u00f3n biom\u00e9trico para obtener protecci\u00f3n adicional.<\/td>\n<\/tr>\n<\/tbody>\n<\/table>\n<h3>\u00bfOlvidaste tu contrase\u00f1a?<\/h3>\n<p>En Gangsta Sino, no hay problema si olvidas tu contrase\u00f1a. Hemos creado una funci\u00f3n especial que te permite restablecerla y crear una nueva. Es segura y nadie m\u00e1s puede robar los datos de tu cuenta.<\/p>\n<p>Para restablecer tu contrase\u00f1a, haz clic en el enlace \u00ab\u00bfHas olvidado tu contrase\u00f1a?\u00bb del formulario de inicio de sesi\u00f3n. A continuaci\u00f3n, te pediremos que nos facilites la direcci\u00f3n de correo electr\u00f3nico que utilizas para iniciar sesi\u00f3n en Gangstasino. Recibir\u00e1s un enlace de restablecimiento en esta direcci\u00f3n de correo electr\u00f3nico. Tendr\u00e1s que crear una nueva contrase\u00f1a para poder acceder sin problemas a tu perfil en el futuro.<\/p>\n<h2>Proceso de confirmaci\u00f3n de cuenta en Gangstasino Casino<\/h2>\n<p>Algunas personas pueden estar preocupadas por el proceso de verificaci\u00f3n. Pero en Gangstasino, solo queremos evitar el fraude y ofrecerte un juego seguro y justo. Las normas de nuestro sitio web establecen que cada persona solo puede tener una cuenta.<\/p>\n<p>Le pediremos que complete el proceso de verificaci\u00f3n antes de realizar su primer dep\u00f3sito. Para ello, deber\u00e1 subir copias o fotos de algunos de sus documentos personales. Nuestros gestores los comprobar\u00e1n en un plazo de 48 horas y le dar\u00e1n una respuesta. Le pediremos que suba los siguientes documentos:<\/p>\n<ul>\n<li>Pasaporte, documento de identidad o permiso de conducir.<\/li>\n<li>Factura de servicios p\u00fablicos con una antig\u00fcedad m\u00e1xima de 6 meses, extracto bancario.<\/li>\n<li>Captura de pantalla o declaraci\u00f3n que confirme la titularidad de la cuenta de pago.<\/li>\n<\/ul>\n<h2>Preguntas frecuentes<\/h2>\n<h3>\u00bfC\u00f3mo puedo verificar mi cuenta?<\/h3>\n<p>Antes de tu primer retiro, te pediremos que subas tus documentos personales a Gangsta Sino Casino. Es un paso importante para prevenir el fraude y garantizar el juego limpio para todos nuestros usuarios.<\/p>\n<h3>\u00bfPuedo cambiar mi contrase\u00f1a o direcci\u00f3n de correo electr\u00f3nico?<\/h3>\n<p>Los usuarios tienen la opci\u00f3n de cambiar su informaci\u00f3n personal y de pago en cualquier momento. Esto se puede hacer en la configuraci\u00f3n de su cuenta.<\/p>\n<h3>\u00bfQu\u00e9 debo hacer si mi cuenta est\u00e1 bloqueada?<\/h3>\n<p>Si Gangstasino ha bloqueado tu cuenta, te enviaremos un correo electr\u00f3nico con una explicaci\u00f3n e informaci\u00f3n adicional. Si no has recibido ning\u00fan correo electr\u00f3nico, ponte en contacto con nuestro equipo de asistencia a trav\u00e9s del chat en vivo o por correo electr\u00f3nico.<\/p>\n<h3>\u00bfC\u00f3mo puedo cerrar o suspender temporalmente mi cuenta?<\/h3>\n<p>Para cerrar o suspender temporalmente su cuenta, el equipo de asistencia de Gangsta Sino estar\u00e1 encantado de ayudarle. Nuestros gestores profesionales le preguntar\u00e1n los motivos y tomar\u00e1n las medidas necesarias. Estamos disponibles las 24 horas del d\u00eda, los 7 d\u00edas de la semana, a trav\u00e9s del chat en vivo o por correo electr\u00f3nico.<\/p>\n<\/div><\/div><\/p>\n","protected":false},"excerpt":{"rendered":"<p>Gangstasino Iniciar sesi\u00f3n, Registrarse y gestionar cuenta Para acceder a los mejores juegos de los proveedores de software m\u00e1s populares, los jugadores espa\u00f1oles deben pasar por el proceso de Gangstasino login. Hemos dise\u00f1ado el proceso para que sea f\u00e1cil de usar y sencillo, incluso para los nuevos jugadores. Puedes registrarte en Gangstasino Casino Espa\u00f1a si [&hellip;]<\/p>\n","protected":false},"author":1,"featured_media":0,"parent":0,"menu_order":0,"comment_status":"closed","ping_status":"closed","template":"template-builder.php","meta":{"_acf_changed":false,"inline_featured_image":false,"footnotes":""},"class_list":["post-1469","page","type-page","status-publish","hentry"],"acf":[],"yoast_head":"<!-- This site is optimized with the Yoast SEO plugin v27.3 - https:\/\/yoast.com\/product\/yoast-seo-wordpress\/ -->\n<title>Gangstasino Login \u2013 acceso seguro a la cuenta\ufeff<\/title>\n<meta name=\"description\" content=\"Cree f\u00e1cilmente su perfil en Gangstasino Casino, inicie sesi\u00f3n y gestione su cuenta. Reg\u00edstrese, recupere o cierre su cuenta de forma segura con Gangstasino Login.\" \/>\n<meta name=\"robots\" content=\"index, follow, max-snippet:-1, max-image-preview:large, max-video-preview:-1\" \/>\n<link rel=\"canonical\" href=\"https:\/\/gangsta-sino.org\/es\/inicio-de-sesion-y-registro\/\" \/>\n<meta property=\"og:locale\" content=\"es_ES\" \/>\n<meta property=\"og:type\" content=\"article\" \/>\n<meta property=\"og:title\" content=\"Gangstasino Login \u2013 acceso seguro a la cuenta\ufeff\" \/>\n<meta property=\"og:description\" content=\"Cree f\u00e1cilmente su perfil en Gangstasino Casino, inicie sesi\u00f3n y gestione su cuenta. Reg\u00edstrese, recupere o cierre su cuenta de forma segura con Gangstasino Login.\" \/>\n<meta property=\"og:url\" content=\"https:\/\/gangsta-sino.org\/es\/inicio-de-sesion-y-registro\/\" \/>\n<meta property=\"og:site_name\" content=\"gangasta-sino\" \/>\n<meta property=\"article:modified_time\" content=\"2026-01-05T11:34:49+00:00\" \/>\n<meta name=\"twitter:card\" content=\"summary_large_image\" \/>\n<meta name=\"twitter:label1\" content=\"Est. reading time\" \/>\n\t<meta name=\"twitter:data1\" content=\"1 minuto\" \/>\n<script type=\"application\/ld+json\" class=\"yoast-schema-graph\">{\"@context\":\"https:\\\/\\\/schema.org\",\"@graph\":[{\"@type\":\"WebPage\",\"@id\":\"https:\\\/\\\/gangsta-sino.org\\\/es\\\/inicio-de-sesion-y-registro\\\/\",\"url\":\"https:\\\/\\\/gangsta-sino.org\\\/es\\\/inicio-de-sesion-y-registro\\\/\",\"name\":\"Gangstasino Login \u2013 acceso seguro a la cuenta\ufeff\",\"isPartOf\":{\"@id\":\"https:\\\/\\\/gangsta-sino.org\\\/es\\\/#website\"},\"datePublished\":\"2026-01-05T06:43:51+00:00\",\"dateModified\":\"2026-01-05T11:34:49+00:00\",\"description\":\"Cree f\u00e1cilmente su perfil en Gangstasino Casino, inicie sesi\u00f3n y gestione su cuenta. Reg\u00edstrese, recupere o cierre su cuenta de forma segura con Gangstasino Login.\",\"breadcrumb\":{\"@id\":\"https:\\\/\\\/gangsta-sino.org\\\/es\\\/inicio-de-sesion-y-registro\\\/#breadcrumb\"},\"inLanguage\":\"es\",\"potentialAction\":[{\"@type\":\"ReadAction\",\"target\":[\"https:\\\/\\\/gangsta-sino.org\\\/es\\\/inicio-de-sesion-y-registro\\\/\"]}]},{\"@type\":\"BreadcrumbList\",\"@id\":\"https:\\\/\\\/gangsta-sino.org\\\/es\\\/inicio-de-sesion-y-registro\\\/#breadcrumb\",\"itemListElement\":[{\"@type\":\"ListItem\",\"position\":1,\"name\":\"Gangstasino\",\"item\":\"https:\\\/\\\/gangsta-sino.org\\\/es\\\/\"},{\"@type\":\"ListItem\",\"position\":2,\"name\":\"Inicio de sesi\u00f3n y Registro\"}]},{\"@type\":\"WebSite\",\"@id\":\"https:\\\/\\\/gangsta-sino.org\\\/es\\\/#website\",\"url\":\"https:\\\/\\\/gangsta-sino.org\\\/es\\\/\",\"name\":\"Gangstasino\",\"description\":\"\",\"publisher\":{\"@id\":\"https:\\\/\\\/gangsta-sino.org\\\/es\\\/#organization\"},\"potentialAction\":[{\"@type\":\"SearchAction\",\"target\":{\"@type\":\"EntryPoint\",\"urlTemplate\":\"https:\\\/\\\/gangsta-sino.org\\\/es\\\/?s={search_term_string}\"},\"query-input\":{\"@type\":\"PropertyValueSpecification\",\"valueRequired\":true,\"valueName\":\"search_term_string\"}}],\"inLanguage\":\"es\"},{\"@type\":\"Organization\",\"@id\":\"https:\\\/\\\/gangsta-sino.org\\\/es\\\/#organization\",\"name\":\"Gangstasino\",\"url\":\"https:\\\/\\\/gangsta-sino.org\\\/es\\\/\",\"logo\":{\"@type\":\"ImageObject\",\"inLanguage\":\"es\",\"@id\":\"https:\\\/\\\/gangsta-sino.org\\\/es\\\/#\\\/schema\\\/logo\\\/image\\\/\",\"url\":\"https:\\\/\\\/gangsta-sino.org\\\/wp-content\\\/uploads\\\/2026\\\/01\\\/Logo-Desktop.png\",\"contentUrl\":\"https:\\\/\\\/gangsta-sino.org\\\/wp-content\\\/uploads\\\/2026\\\/01\\\/Logo-Desktop.png\",\"width\":152,\"height\":35,\"caption\":\"Gangstasino\"},\"image\":{\"@id\":\"https:\\\/\\\/gangsta-sino.org\\\/es\\\/#\\\/schema\\\/logo\\\/image\\\/\"}}]}<\/script>\n<!-- \/ Yoast SEO plugin. -->","yoast_head_json":{"title":"Gangstasino Login \u2013 acceso seguro a la cuenta\ufeff","description":"Cree f\u00e1cilmente su perfil en Gangstasino Casino, inicie sesi\u00f3n y gestione su cuenta. Reg\u00edstrese, recupere o cierre su cuenta de forma segura con Gangstasino Login.","robots":{"index":"index","follow":"follow","max-snippet":"max-snippet:-1","max-image-preview":"max-image-preview:large","max-video-preview":"max-video-preview:-1"},"canonical":"https:\/\/gangsta-sino.org\/es\/inicio-de-sesion-y-registro\/","og_locale":"es_ES","og_type":"article","og_title":"Gangstasino Login \u2013 acceso seguro a la cuenta\ufeff","og_description":"Cree f\u00e1cilmente su perfil en Gangstasino Casino, inicie sesi\u00f3n y gestione su cuenta. Reg\u00edstrese, recupere o cierre su cuenta de forma segura con Gangstasino Login.","og_url":"https:\/\/gangsta-sino.org\/es\/inicio-de-sesion-y-registro\/","og_site_name":"gangasta-sino","article_modified_time":"2026-01-05T11:34:49+00:00","twitter_card":"summary_large_image","twitter_misc":{"Est. reading time":"1 minuto"},"schema":{"@context":"https:\/\/schema.org","@graph":[{"@type":"WebPage","@id":"https:\/\/gangsta-sino.org\/es\/inicio-de-sesion-y-registro\/","url":"https:\/\/gangsta-sino.org\/es\/inicio-de-sesion-y-registro\/","name":"Gangstasino Login \u2013 acceso seguro a la cuenta\ufeff","isPartOf":{"@id":"https:\/\/gangsta-sino.org\/es\/#website"},"datePublished":"2026-01-05T06:43:51+00:00","dateModified":"2026-01-05T11:34:49+00:00","description":"Cree f\u00e1cilmente su perfil en Gangstasino Casino, inicie sesi\u00f3n y gestione su cuenta. Reg\u00edstrese, recupere o cierre su cuenta de forma segura con Gangstasino Login.","breadcrumb":{"@id":"https:\/\/gangsta-sino.org\/es\/inicio-de-sesion-y-registro\/#breadcrumb"},"inLanguage":"es","potentialAction":[{"@type":"ReadAction","target":["https:\/\/gangsta-sino.org\/es\/inicio-de-sesion-y-registro\/"]}]},{"@type":"BreadcrumbList","@id":"https:\/\/gangsta-sino.org\/es\/inicio-de-sesion-y-registro\/#breadcrumb","itemListElement":[{"@type":"ListItem","position":1,"name":"Gangstasino","item":"https:\/\/gangsta-sino.org\/es\/"},{"@type":"ListItem","position":2,"name":"Inicio de sesi\u00f3n y Registro"}]},{"@type":"WebSite","@id":"https:\/\/gangsta-sino.org\/es\/#website","url":"https:\/\/gangsta-sino.org\/es\/","name":"Gangstasino","description":"","publisher":{"@id":"https:\/\/gangsta-sino.org\/es\/#organization"},"potentialAction":[{"@type":"SearchAction","target":{"@type":"EntryPoint","urlTemplate":"https:\/\/gangsta-sino.org\/es\/?s={search_term_string}"},"query-input":{"@type":"PropertyValueSpecification","valueRequired":true,"valueName":"search_term_string"}}],"inLanguage":"es"},{"@type":"Organization","@id":"https:\/\/gangsta-sino.org\/es\/#organization","name":"Gangstasino","url":"https:\/\/gangsta-sino.org\/es\/","logo":{"@type":"ImageObject","inLanguage":"es","@id":"https:\/\/gangsta-sino.org\/es\/#\/schema\/logo\/image\/","url":"https:\/\/gangsta-sino.org\/wp-content\/uploads\/2026\/01\/Logo-Desktop.png","contentUrl":"https:\/\/gangsta-sino.org\/wp-content\/uploads\/2026\/01\/Logo-Desktop.png","width":152,"height":35,"caption":"Gangstasino"},"image":{"@id":"https:\/\/gangsta-sino.org\/es\/#\/schema\/logo\/image\/"}}]}},"_links":{"self":[{"href":"https:\/\/gangsta-sino.org\/es\/wp-json\/wp\/v2\/pages\/1469","targetHints":{"allow":["GET"]}}],"collection":[{"href":"https:\/\/gangsta-sino.org\/es\/wp-json\/wp\/v2\/pages"}],"about":[{"href":"https:\/\/gangsta-sino.org\/es\/wp-json\/wp\/v2\/types\/page"}],"author":[{"embeddable":true,"href":"https:\/\/gangsta-sino.org\/es\/wp-json\/wp\/v2\/users\/1"}],"replies":[{"embeddable":true,"href":"https:\/\/gangsta-sino.org\/es\/wp-json\/wp\/v2\/comments?post=1469"}],"version-history":[{"count":1,"href":"https:\/\/gangsta-sino.org\/es\/wp-json\/wp\/v2\/pages\/1469\/revisions"}],"predecessor-version":[{"id":1799,"href":"https:\/\/gangsta-sino.org\/es\/wp-json\/wp\/v2\/pages\/1469\/revisions\/1799"}],"wp:attachment":[{"href":"https:\/\/gangsta-sino.org\/es\/wp-json\/wp\/v2\/media?parent=1469"}],"curies":[{"name":"wp","href":"https:\/\/api.w.org\/{rel}","templated":true}]}}