{"id":1422,"date":"2026-01-05T06:41:30","date_gmt":"2026-01-05T06:41:30","guid":{"rendered":"https:\/\/gangsta-sino.org\/app\/"},"modified":"2026-01-05T08:53:53","modified_gmt":"2026-01-05T08:53:53","slug":"app","status":"publish","type":"page","link":"https:\/\/gangsta-sino.org\/fr\/app\/","title":{"rendered":"App"},"content":{"rendered":"<h1>Application Gangstasino \u2013 Jouez sur votre appareil mobile<\/h1>\n<p>La Gangstasino app pour Android et iOS est l&rsquo;option id\u00e9ale si vous souhaitez jouer \u00e0 tous vos jeux pr\u00e9f\u00e9r\u00e9s depuis un appareil mobile. Nous prenons en charge tous les smartphones et tablettes modernes et nous nous adaptons parfaitement \u00e0 la taille de leur \u00e9cran. Dans l&rsquo;app Gangstasino, vous aurez acc\u00e8s aux m\u00eames fonctions que dans la version pour ordinateur. De plus, nous ne vous demandons pas de t\u00e9l\u00e9charger des fichiers inconnus, car notre casino mobile est une application web progressive (PWA).<\/p>\n<div class=\"banner-wrap\" aria-label=\"Banner\"><img src=\"https:\/\/gangsta-sino.org\/wp-content\/uploads\/2026\/01\/Gangstasino-Banner-Desktop.webp\" class=\"w-100 d-none d-lg-block img-pc main-banner-img\" alt=\"Gangstasino Banner Desktop\" fetchpriority=\"high\" decoding=\"async\"><img src=\"https:\/\/gangsta-sino.org\/wp-content\/uploads\/2026\/01\/Gangstasino-bonus-mobile.webp\" class=\"w-100 d-none d-md-block d-lg-none main-banner-img\" alt=\"Gangstasino bonus mobile\" fetchpriority=\"high\" decoding=\"async\"><img src=\"https:\/\/gangsta-sino.org\/wp-content\/uploads\/2026\/01\/Gangstasino-bonus-mobile.webp\" class=\"w-100 d-md-none\" alt=\"Gangstasino bonus mobile\" fetchpriority=\"high\" decoding=\"async\"><div class=\"banner-description\">\n<div class=\"banner-title\">Bonus de bienvenue<\/div>\n<p class=\"banner-header-title\">1500 \u20ac<\/p>\n<div class=\"banner-header-AdditionalText\">+ 250 Tours gratuits<\/div>\n<button data-item=\"homepage_banner_link\" class=\"goto m-button m-gradient-border m-button--primary m-button--large banner-button btn-orange\">\n            <div class=\"m-button-content\">\n                <span>Inscrivez-vous d\u00e8s maintenant<\/span>\n                <span><\/span>\n            <\/div>\n        <\/button>\n<\/div>\n<div class=\"WelcomePack\">\n<p><img loading=\"lazy\" decoding=\"async\" class=\"alignnone size-full wp-image-1329\" src=\"https:\/\/gangsta-sino.org\/wp-content\/uploads\/2026\/01\/welcome-crown.svg\" alt=\"crown\" width=\"25\" height=\"26\" \/><\/p>\n<div class=\"WelcomePack-Info\">Cashback hebdomadaire jusqu&rsquo;\u00e0 25 %<\/div>\n<p><img loading=\"lazy\" decoding=\"async\" class=\"alignnone size-full wp-image-1329\" src=\"https:\/\/gangsta-sino.org\/wp-content\/uploads\/2026\/01\/welcome-crown.svg\" alt=\"crown\" width=\"25\" height=\"26\" \/><\/p>\n<\/div>\n<\/div>\n<h2>Gangstasino Casino sur les plateformes mobiles<\/h2>\n<p>La plupart des sites web modernes disposent d\u00e9sormais d&rsquo;une version mobile ou d&rsquo;une application. Gangsta Sino Casino ne fait pas exception. Nous avons d\u00e9velopp\u00e9 un logiciel mobile convivial avec une navigation intuitive. L&rsquo;app Gangstasino est parfaite pour les utilisateurs d&rsquo;Android et d&rsquo;iOS.<\/p>\n<p>Notre casino mobile offre les m\u00eames fonctionnalit\u00e9s que la version PC compl\u00e8te. Apr\u00e8s votre inscription, vous aurez acc\u00e8s \u00e0 plus de 6 000 jeux, aux paiements, \u00e0 un syst\u00e8me de bonus et au service client. De plus, le logiciel est s\u00e9curis\u00e9. Toutes vos informations personnelles sont prot\u00e9g\u00e9es par un cryptage SSL.<\/p>\n<p>Nous avons rassembl\u00e9 quelques points qui montrent que notre casino mobile est aussi performant que la version pour ordinateur, et que dans certains cas, l&rsquo;exp\u00e9rience de jeu est m\u00eame meilleure.<\/p>\n<table>\n<tbody>\n<tr>\n<td>Fonctionnalit\u00e9<\/td>\n<td>Logiciel mobile<\/td>\n<td>Version PC<\/td>\n<\/tr>\n<tr>\n<td>Accessibilit\u00e9<\/td>\n<td>Vous pouvez jouer n&rsquo;importe o\u00f9, n&rsquo;importe quand depuis votre smartphone ou votre tablette.<\/td>\n<td>Il n\u00e9cessite un ordinateur de bureau ou un ordinateur portable, ce qui le rend moins portable.<\/td>\n<\/tr>\n<tr>\n<td>Notifications<\/td>\n<td>Les utilisateurs re\u00e7oivent des notifications push pour les bonus, les tournois et les tours gratuits.<\/td>\n<td>Il n&rsquo;y a pas de notifications en temps r\u00e9el \u00e0 moins que vous ne vous connectiez.<\/td>\n<\/tr>\n<tr>\n<td>S\u00e9curit\u00e9<\/td>\n<td>Vous pouvez utiliser une connexion biom\u00e9trique (Face ID \/ empreinte digitale) pour plus de s\u00e9curit\u00e9.<\/td>\n<td>Il repose uniquement sur une connexion par mot de passe.<\/td>\n<\/tr>\n<tr>\n<td>Acc\u00e8s hors ligne<\/td>\n<td>Certains jeux ou certaines actions sur votre compte fonctionnent m\u00eame sans connexion Internet compl\u00e8te.<\/td>\n<td>Cette version n\u00e9cessite une connexion stable \u00e0 tout moment.<\/td>\n<\/tr>\n<\/tbody>\n<\/table>\n<p><div class=\"scrollable-content-wrap my-5\"><div class=\"scrollable-content-inner\"><h2>Gangstasino app Android Casino<\/h2>\n<p>L&rsquo;app Gangstasino a \u00e9t\u00e9 d\u00e9velopp\u00e9e afin que tous nos utilisateurs puissent \u00eatre en ligne \u00e0 tout moment et en tout lieu. Pour nos joueurs Android, nous proposons une PWA pratique et s\u00e9curis\u00e9e. Elle fonctionne parfaitement sur tous les appareils modernes. Nous ne vous demandons pas de t\u00e9l\u00e9charger des fichiers APK inconnus, tels que l&rsquo;APK Goldzino, provenant de sources tierces, afin que vous et votre appareil restiez en s\u00e9curit\u00e9.<\/p>\n<p>Vous ne devriez pas avoir peur d&rsquo;explorer un nouveau logiciel, car il s&rsquo;agit essentiellement d&rsquo;une version adapt\u00e9e aux smartphones et tablettes de la version principale pour ordinateur. Le design et la navigation sont identiques. Si vous souhaitez installer le logiciel mobile de Gangsta Sino Casino, vous pouvez suivre nos instructions \u00e9tape par \u00e9tape ci-dessous :<\/p>\n<ol>\n<li>Tout d&rsquo;abord, vous devriez visiter notre site officiel.<\/li>\n<li>Dans le pied de page du site Web, vous trouverez le bouton \u00ab Application Casino \u00bb sur lequel vous devrez cliquer.<\/li>\n<li>Le processus d&rsquo;installation d\u00e9marre automatiquement apr\u00e8s la derni\u00e8re \u00e9tape.<\/li>\n<li>Apr\u00e8s avoir install\u00e9 l&rsquo;application, l&rsquo;ic\u00f4ne du casino en ligne appara\u00eetra sur votre \u00e9cran.<\/li>\n<\/ol>\n<p>Si vous n&rsquo;\u00eates pas pr\u00eat \u00e0 installer l&rsquo;application, vous pouvez toujours utiliser la version navigateur. Gangstasino Casino est disponible sur tous les navigateurs mobiles. N&rsquo;importe quel navigateur vous permet d&rsquo;ajouter une ic\u00f4ne de raccourci vers notre plateforme sur votre \u00e9cran principal afin que vous puissiez y acc\u00e9der en 2 secondes.<\/p>\n<p><img loading=\"lazy\" decoding=\"async\" src=\"https:\/\/gangsta-sino.org\/wp-content\/uploads\/2026\/01\/Ganstasino-App-Android.webp\" alt=\"Ganstasino App Android\" width=\"1248\" height=\"536\" \/><\/p>\n<\/div><\/div><div style=\"clear: both\"><\/div><div class=\"d-flex justify-content-center\"><button data-item=\"decouvrez_link\" data-group=\"website_links\" class=\"goto fw-bold rounded-pill btn btn-orange\" aria-label=\"T\u00e9l\u00e9chargez l&#039;application GangstaSino\" >T\u00e9l\u00e9chargez l&#039;application GangstaSino<\/button><\/div><div class=\"scrollable-content-wrap my-5\"><div class=\"scrollable-content-inner\"><h2>Gangstasino app iOS Casino<\/h2>\n<p>Les utilisateurs iOS ont \u00e9galement acc\u00e8s \u00e0 la superbe application mobile Gangsta Sino, compatible avec tous les mod\u00e8les d&rsquo;iPhone et d&rsquo;iPad. Elle s&rsquo;adapte parfaitement \u00e0 la taille des \u00e9crans. Les utilisateurs appr\u00e9cient particuli\u00e8rement les options de croupiers en direct sur leurs appareils mobiles, car elles sont traduites avec une grande qualit\u00e9 et vous plongent dans l&rsquo;atmosph\u00e8re d&rsquo;un vrai casino. Vous pouvez suivre les instructions d&rsquo;installation pour Android, car elles sont identiques sur les deux plateformes.<\/p>\n<p>Il est toujours possible d&rsquo;utiliser le site officiel dans n&rsquo;importe quel navigateur mobile. Il pr\u00e9sente le m\u00eame design et les m\u00eames fonctionnalit\u00e9s que la version PC, mais s&rsquo;adapte \u00e0 l&rsquo;\u00e9cran tactile des appareils mobiles. Vous aurez acc\u00e8s \u00e0 l&rsquo;ensemble de la collection de titres, y compris les machines \u00e0 sous en ligne, les jeux de table, les options avec croupier en direct et bien plus encore. Si vous souhaitez y acc\u00e9der rapidement et facilement, vous pouvez installer l&rsquo;ic\u00f4ne de raccourci sur votre \u00e9cran d&rsquo;accueil :<\/p>\n<ol>\n<li>L&rsquo;utilisateur doit ouvrir l&rsquo;application Shortcut sur son iPhone ou son iPad.<\/li>\n<li>Vous devez appuyer sur l&rsquo;ic\u00f4ne + (plus) dans le coin sup\u00e9rieur droit pour cr\u00e9er un nouveau raccourci.<\/li>\n<li>Ensuite, vous devez choisir \u00ab Ajouter une action \u00bb et rechercher le site web pour lequel vous souhaitez cr\u00e9er un raccourci.<\/li>\n<li>Vous devez maintenant appuyer sur la fl\u00e8che vers le bas \u00e0 c\u00f4t\u00e9 du nom du raccourci et s\u00e9lectionner \u00ab Ajouter \u00e0 l&rsquo;\u00e9cran d&rsquo;accueil \u00bb.<\/li>\n<li>Vous pouvez lui donner un nom personnalis\u00e9 avant d&rsquo;appuyer sur \u00ab Ajouter \u00bb.<\/li>\n<\/ol>\n<p><img loading=\"lazy\" decoding=\"async\" src=\"https:\/\/gangsta-sino.org\/wp-content\/uploads\/2026\/01\/Ganstasino-App-iOS.webp\" alt=\"Ganstasino App iOS\" width=\"1248\" height=\"536\" \/><\/p>\n<\/div><\/div><div style=\"clear: both\"><\/div><div class=\"d-flex justify-content-center\"><button data-item=\"decouvrez_link\" data-group=\"website_links\" class=\"goto fw-bold rounded-pill btn btn-orange\" aria-label=\"T\u00e9l\u00e9charger GangstaSino\" >T\u00e9l\u00e9charger GangstaSino<\/button><\/div><div class=\"scrollable-content-wrap my-5\"><div class=\"scrollable-content-inner\"><h2>Logiciel pour Windows et macOS<\/h2>\n<p>Bien s\u00fbr, nous n&rsquo;avons pas oubli\u00e9 tous les utilisateurs d&rsquo;ordinateurs de bureau. Beaucoup de nos joueurs pr\u00e9f\u00e8rent jouer sur leur PC \u00e0 la maison et sur leur t\u00e9l\u00e9phone lorsqu&rsquo;ils sont dehors. Pas de souci : Gangstasino Casino est disponible dans tous les navigateurs de votre PC. Il vous suffit d&rsquo;ouvrir votre navigateur pr\u00e9f\u00e9r\u00e9 et de taper le nom de notre plateforme.<\/p>\n<p>Mais nous voulons vous faciliter encore plus la vie. C&rsquo;est pourquoi vous avez la possibilit\u00e9 d&rsquo;ajouter notre casino en ligne sous forme d&rsquo;ic\u00f4ne sur votre \u00e9cran d&rsquo;accueil. Cela vous permettra d&rsquo;acc\u00e9der \u00e0 Gangsta Sino en quelques secondes seulement. Pour ce faire, il vous suffit de vous rendre sur notre site web et, dans le menu du navigateur, de choisir \u00ab Ajouter \u00e0 l&rsquo;\u00e9cran d&rsquo;accueil \u00bb. Si vous avez des questions, n&rsquo;h\u00e9sitez pas \u00e0 contacter l&rsquo;\u00e9quipe d&rsquo;assistance de Gangstasino disponible 24h\/24 et 7j\/7 via le chat en direct ou par e-mail.<\/p>\n<p><img loading=\"lazy\" decoding=\"async\" src=\"https:\/\/gangsta-sino.org\/wp-content\/uploads\/2026\/01\/Ganstasino-App-Windows.webp\" alt=\"Ganstasino App Windows\" width=\"1248\" height=\"536\" \/><\/p>\n<\/div><\/div><div style=\"clear: both\"><\/div><div class=\"d-flex justify-content-center\"><button data-item=\"decouvrez_link\" data-group=\"website_links\" class=\"goto fw-bold rounded-pill btn btn-orange\" aria-label=\"T\u00e9l\u00e9chargez l&#039;application GangstaSino\" >T\u00e9l\u00e9chargez l&#039;application GangstaSino<\/button><\/div><div class=\"scrollable-content-wrap my-5\"><div class=\"scrollable-content-inner\"><h2>FAQ<\/h2>\n<h3>Y a-t-il un service client dans l&rsquo;app Gangstasino Casino ?<\/h3>\n<p>L&rsquo;application Gangstasino offre les m\u00eames fonctionnalit\u00e9s que la version pour ordinateur. C&rsquo;est pourquoi, dans la version mobile, vous trouverez le service client\u00e8le disponible 24h\/24 et 7j\/7 via le chat en direct. L&rsquo;option e-mail est \u00e9galement disponible depuis n&rsquo;importe quel appareil.<\/p>\n<h3>Ai-je besoin d&rsquo;un compte pour utiliser l&rsquo;app Gangstasino ?<\/h3>\n<p>Pour acc\u00e9der \u00e0 tous les jeux, aux paiements, au service d&rsquo;assistance et aux autres fonctionnalit\u00e9s de Gangstasino Casino dans l&rsquo;application, vous devez d&rsquo;abord vous inscrire. Mais ne vous inqui\u00e9tez pas, cela ne vous prendra que quelques minutes.<\/p>\n<h3>L&rsquo;app Gangstasino est-elle s\u00fbre \u00e0 utiliser ?<\/h3>\n<p>Gangsta Sino Casino d\u00e9tient une licence d\u00e9livr\u00e9e par la Commission des jeux d&rsquo;Anjouan et respecte toutes les r\u00e9glementations et tous les protocoles stricts en vigueur dans le secteur des jeux d&rsquo;argent. Toutes les transactions effectu\u00e9es dans le casino mobile sont s\u00e9curis\u00e9es par un cryptage SSL moderne.<\/p>\n<h3>Puis-je effectuer des d\u00e9p\u00f4ts et des retraits directement dans l&rsquo;app ?<\/h3>\n<p>Le logiciel mobile propose les m\u00eames m\u00e9thodes de paiement que la version pour ordinateur. Vous pouvez effectuer des d\u00e9p\u00f4ts et des retraits sans aucun probl\u00e8me. Veillez \u00e0 terminer le processus de v\u00e9rification avant votre premier retrait.<\/p>\n<\/div><\/div><\/p>\n","protected":false},"excerpt":{"rendered":"<p>Application Gangstasino \u2013 Jouez sur votre appareil mobile La Gangstasino app pour Android et iOS est l&rsquo;option id\u00e9ale si vous souhaitez jouer \u00e0 tous vos jeux pr\u00e9f\u00e9r\u00e9s depuis un appareil mobile. Nous prenons en charge tous les smartphones et tablettes modernes et nous nous adaptons parfaitement \u00e0 la taille de leur \u00e9cran. Dans l&rsquo;app Gangstasino, [&hellip;]<\/p>\n","protected":false},"author":1,"featured_media":0,"parent":0,"menu_order":0,"comment_status":"closed","ping_status":"closed","template":"template-builder.php","meta":{"_acf_changed":false,"inline_featured_image":false,"footnotes":""},"class_list":["post-1422","page","type-page","status-publish","hentry"],"acf":[],"yoast_head":"<!-- This site is optimized with the Yoast SEO plugin v27.3 - https:\/\/yoast.com\/product\/yoast-seo-wordpress\/ -->\n<title>Gangstasino App | iOS et plateformes Android\ufeff<\/title>\n<meta name=\"description\" content=\"L&#039;application Gangstasino offre une exp\u00e9rience de jeu de casino fluide sur Android, iOS, Windows et macOS avec des comptes synchronis\u00e9s, des mises \u00e0 jour r\u00e9guli\u00e8res et un support client int\u00e9gr\u00e9 pour un confort optimal.\" \/>\n<meta name=\"robots\" content=\"index, follow, max-snippet:-1, max-image-preview:large, max-video-preview:-1\" \/>\n<link rel=\"canonical\" href=\"https:\/\/gangsta-sino.org\/fr\/app\/\" \/>\n<meta property=\"og:locale\" content=\"fr_FR\" \/>\n<meta property=\"og:type\" content=\"article\" \/>\n<meta property=\"og:title\" content=\"Gangstasino App | iOS et plateformes Android\ufeff\" \/>\n<meta property=\"og:description\" content=\"L&#039;application Gangstasino offre une exp\u00e9rience de jeu de casino fluide sur Android, iOS, Windows et macOS avec des comptes synchronis\u00e9s, des mises \u00e0 jour r\u00e9guli\u00e8res et un support client int\u00e9gr\u00e9 pour un confort optimal.\" \/>\n<meta property=\"og:url\" content=\"https:\/\/gangsta-sino.org\/fr\/app\/\" \/>\n<meta property=\"og:site_name\" content=\"gangasta-sino\" \/>\n<meta property=\"article:modified_time\" content=\"2026-01-05T08:53:53+00:00\" \/>\n<meta name=\"twitter:card\" content=\"summary_large_image\" \/>\n<meta name=\"twitter:label1\" content=\"Dur\u00e9e de lecture estim\u00e9e\" \/>\n\t<meta name=\"twitter:data1\" content=\"2 minutes\" \/>\n<script type=\"application\/ld+json\" class=\"yoast-schema-graph\">{\"@context\":\"https:\\\/\\\/schema.org\",\"@graph\":[{\"@type\":\"WebPage\",\"@id\":\"https:\\\/\\\/gangsta-sino.org\\\/fr\\\/app\\\/\",\"url\":\"https:\\\/\\\/gangsta-sino.org\\\/fr\\\/app\\\/\",\"name\":\"Gangstasino App | iOS et plateformes Android\ufeff\",\"isPartOf\":{\"@id\":\"https:\\\/\\\/gangsta-sino.org\\\/fr\\\/#website\"},\"datePublished\":\"2026-01-05T06:41:30+00:00\",\"dateModified\":\"2026-01-05T08:53:53+00:00\",\"description\":\"L'application Gangstasino offre une exp\u00e9rience de jeu de casino fluide sur Android, iOS, Windows et macOS avec des comptes synchronis\u00e9s, des mises \u00e0 jour r\u00e9guli\u00e8res et un support client int\u00e9gr\u00e9 pour un confort optimal.\",\"breadcrumb\":{\"@id\":\"https:\\\/\\\/gangsta-sino.org\\\/fr\\\/app\\\/#breadcrumb\"},\"inLanguage\":\"fr-FR\",\"potentialAction\":[{\"@type\":\"ReadAction\",\"target\":[\"https:\\\/\\\/gangsta-sino.org\\\/fr\\\/app\\\/\"]}]},{\"@type\":\"BreadcrumbList\",\"@id\":\"https:\\\/\\\/gangsta-sino.org\\\/fr\\\/app\\\/#breadcrumb\",\"itemListElement\":[{\"@type\":\"ListItem\",\"position\":1,\"name\":\"Gangstasino\",\"item\":\"https:\\\/\\\/gangsta-sino.org\\\/fr\\\/\"},{\"@type\":\"ListItem\",\"position\":2,\"name\":\"App\"}]},{\"@type\":\"WebSite\",\"@id\":\"https:\\\/\\\/gangsta-sino.org\\\/fr\\\/#website\",\"url\":\"https:\\\/\\\/gangsta-sino.org\\\/fr\\\/\",\"name\":\"Gangstasino\",\"description\":\"\",\"publisher\":{\"@id\":\"https:\\\/\\\/gangsta-sino.org\\\/fr\\\/#organization\"},\"potentialAction\":[{\"@type\":\"SearchAction\",\"target\":{\"@type\":\"EntryPoint\",\"urlTemplate\":\"https:\\\/\\\/gangsta-sino.org\\\/fr\\\/?s={search_term_string}\"},\"query-input\":{\"@type\":\"PropertyValueSpecification\",\"valueRequired\":true,\"valueName\":\"search_term_string\"}}],\"inLanguage\":\"fr-FR\"},{\"@type\":\"Organization\",\"@id\":\"https:\\\/\\\/gangsta-sino.org\\\/fr\\\/#organization\",\"name\":\"Gangstasino\",\"url\":\"https:\\\/\\\/gangsta-sino.org\\\/fr\\\/\",\"logo\":{\"@type\":\"ImageObject\",\"inLanguage\":\"fr-FR\",\"@id\":\"https:\\\/\\\/gangsta-sino.org\\\/fr\\\/#\\\/schema\\\/logo\\\/image\\\/\",\"url\":\"https:\\\/\\\/gangsta-sino.org\\\/wp-content\\\/uploads\\\/2026\\\/01\\\/Logo-Desktop.png\",\"contentUrl\":\"https:\\\/\\\/gangsta-sino.org\\\/wp-content\\\/uploads\\\/2026\\\/01\\\/Logo-Desktop.png\",\"width\":152,\"height\":35,\"caption\":\"Gangstasino\"},\"image\":{\"@id\":\"https:\\\/\\\/gangsta-sino.org\\\/fr\\\/#\\\/schema\\\/logo\\\/image\\\/\"}}]}<\/script>\n<!-- \/ Yoast SEO plugin. -->","yoast_head_json":{"title":"Gangstasino App | iOS et plateformes Android\ufeff","description":"L'application Gangstasino offre une exp\u00e9rience de jeu de casino fluide sur Android, iOS, Windows et macOS avec des comptes synchronis\u00e9s, des mises \u00e0 jour r\u00e9guli\u00e8res et un support client int\u00e9gr\u00e9 pour un confort optimal.","robots":{"index":"index","follow":"follow","max-snippet":"max-snippet:-1","max-image-preview":"max-image-preview:large","max-video-preview":"max-video-preview:-1"},"canonical":"https:\/\/gangsta-sino.org\/fr\/app\/","og_locale":"fr_FR","og_type":"article","og_title":"Gangstasino App | iOS et plateformes Android\ufeff","og_description":"L'application Gangstasino offre une exp\u00e9rience de jeu de casino fluide sur Android, iOS, Windows et macOS avec des comptes synchronis\u00e9s, des mises \u00e0 jour r\u00e9guli\u00e8res et un support client int\u00e9gr\u00e9 pour un confort optimal.","og_url":"https:\/\/gangsta-sino.org\/fr\/app\/","og_site_name":"gangasta-sino","article_modified_time":"2026-01-05T08:53:53+00:00","twitter_card":"summary_large_image","twitter_misc":{"Dur\u00e9e de lecture estim\u00e9e":"2 minutes"},"schema":{"@context":"https:\/\/schema.org","@graph":[{"@type":"WebPage","@id":"https:\/\/gangsta-sino.org\/fr\/app\/","url":"https:\/\/gangsta-sino.org\/fr\/app\/","name":"Gangstasino App | iOS et plateformes Android\ufeff","isPartOf":{"@id":"https:\/\/gangsta-sino.org\/fr\/#website"},"datePublished":"2026-01-05T06:41:30+00:00","dateModified":"2026-01-05T08:53:53+00:00","description":"L'application Gangstasino offre une exp\u00e9rience de jeu de casino fluide sur Android, iOS, Windows et macOS avec des comptes synchronis\u00e9s, des mises \u00e0 jour r\u00e9guli\u00e8res et un support client int\u00e9gr\u00e9 pour un confort optimal.","breadcrumb":{"@id":"https:\/\/gangsta-sino.org\/fr\/app\/#breadcrumb"},"inLanguage":"fr-FR","potentialAction":[{"@type":"ReadAction","target":["https:\/\/gangsta-sino.org\/fr\/app\/"]}]},{"@type":"BreadcrumbList","@id":"https:\/\/gangsta-sino.org\/fr\/app\/#breadcrumb","itemListElement":[{"@type":"ListItem","position":1,"name":"Gangstasino","item":"https:\/\/gangsta-sino.org\/fr\/"},{"@type":"ListItem","position":2,"name":"App"}]},{"@type":"WebSite","@id":"https:\/\/gangsta-sino.org\/fr\/#website","url":"https:\/\/gangsta-sino.org\/fr\/","name":"Gangstasino","description":"","publisher":{"@id":"https:\/\/gangsta-sino.org\/fr\/#organization"},"potentialAction":[{"@type":"SearchAction","target":{"@type":"EntryPoint","urlTemplate":"https:\/\/gangsta-sino.org\/fr\/?s={search_term_string}"},"query-input":{"@type":"PropertyValueSpecification","valueRequired":true,"valueName":"search_term_string"}}],"inLanguage":"fr-FR"},{"@type":"Organization","@id":"https:\/\/gangsta-sino.org\/fr\/#organization","name":"Gangstasino","url":"https:\/\/gangsta-sino.org\/fr\/","logo":{"@type":"ImageObject","inLanguage":"fr-FR","@id":"https:\/\/gangsta-sino.org\/fr\/#\/schema\/logo\/image\/","url":"https:\/\/gangsta-sino.org\/wp-content\/uploads\/2026\/01\/Logo-Desktop.png","contentUrl":"https:\/\/gangsta-sino.org\/wp-content\/uploads\/2026\/01\/Logo-Desktop.png","width":152,"height":35,"caption":"Gangstasino"},"image":{"@id":"https:\/\/gangsta-sino.org\/fr\/#\/schema\/logo\/image\/"}}]}},"_links":{"self":[{"href":"https:\/\/gangsta-sino.org\/fr\/wp-json\/wp\/v2\/pages\/1422","targetHints":{"allow":["GET"]}}],"collection":[{"href":"https:\/\/gangsta-sino.org\/fr\/wp-json\/wp\/v2\/pages"}],"about":[{"href":"https:\/\/gangsta-sino.org\/fr\/wp-json\/wp\/v2\/types\/page"}],"author":[{"embeddable":true,"href":"https:\/\/gangsta-sino.org\/fr\/wp-json\/wp\/v2\/users\/1"}],"replies":[{"embeddable":true,"href":"https:\/\/gangsta-sino.org\/fr\/wp-json\/wp\/v2\/comments?post=1422"}],"version-history":[{"count":2,"href":"https:\/\/gangsta-sino.org\/fr\/wp-json\/wp\/v2\/pages\/1422\/revisions"}],"predecessor-version":[{"id":1565,"href":"https:\/\/gangsta-sino.org\/fr\/wp-json\/wp\/v2\/pages\/1422\/revisions\/1565"}],"wp:attachment":[{"href":"https:\/\/gangsta-sino.org\/fr\/wp-json\/wp\/v2\/media?parent=1422"}],"curies":[{"name":"wp","href":"https:\/\/api.w.org\/{rel}","templated":true}]}}