{"id":1464,"date":"2026-01-05T06:43:51","date_gmt":"2026-01-05T06:43:51","guid":{"rendered":"https:\/\/gangsta-sino.org\/login-and-registration\/"},"modified":"2026-01-05T08:57:17","modified_gmt":"2026-01-05T08:57:17","slug":"connexion-et-inscription","status":"publish","type":"page","link":"https:\/\/gangsta-sino.org\/fr\/connexion-et-inscription\/","title":{"rendered":"Connexion et inscription"},"content":{"rendered":"<h1>Gangstasino connexion, inscription et gestion du compte<\/h1>\n<p>Pour acc\u00e9der aux meilleurs jeux des fournisseurs de logiciels populaires, vous devez passer par le processus de Gangstasino login. Nous avons con\u00e7u ce processus pour qu&rsquo;il soit convivial et simple, m\u00eame pour les nouveaux joueurs. Vous pouvez vous inscrire sur Gangstasino Casino si vous avez 18 ans ou plus. Veillez \u00e9galement \u00e0 ne cr\u00e9er qu&rsquo;un seul compte sur notre site web, car nous n&rsquo;acceptons pas les comptes multiples par personne.<\/p>\n<p><div class=\"banner-wrap\" aria-label=\"Banner\"><img src=\"https:\/\/gangsta-sino.org\/wp-content\/uploads\/2026\/01\/Gangstasino-Banner-Desktop.webp\" class=\"w-100 d-none d-lg-block img-pc main-banner-img\" alt=\"Gangstasino Banner Desktop\" fetchpriority=\"high\" decoding=\"async\"><img src=\"https:\/\/gangsta-sino.org\/wp-content\/uploads\/2026\/01\/Gangstasino-bonus-mobile.webp\" class=\"w-100 d-none d-md-block d-lg-none main-banner-img\" alt=\"Gangstasino bonus mobile\" fetchpriority=\"high\" decoding=\"async\"><img src=\"https:\/\/gangsta-sino.org\/wp-content\/uploads\/2026\/01\/Gangstasino-bonus-mobile.webp\" class=\"w-100 d-md-none\" alt=\"Gangstasino bonus mobile\" fetchpriority=\"high\" decoding=\"async\"><div class=\"banner-description\">\n<div class=\"banner-title\">Bonus de bienvenue<\/div>\n<p class=\"banner-header-title\">1500 \u20ac<\/p>\n<div class=\"banner-header-AdditionalText\">+ 250 Tours gratuits<\/div>\n<button data-item=\"homepage_banner_link\" class=\"goto m-button m-gradient-border m-button--primary m-button--large banner-button btn-orange\">\n            <div class=\"m-button-content\">\n                <span>Inscrivez-vous d\u00e8s maintenant<\/span>\n                <span><\/span>\n            <\/div>\n        <\/button>\n<\/div>\n<div class=\"WelcomePack\">\n<p><img loading=\"lazy\" decoding=\"async\" class=\"alignnone size-full wp-image-1329\" src=\"https:\/\/gangsta-sino.org\/wp-content\/uploads\/2026\/01\/welcome-crown.svg\" alt=\"crown\" width=\"25\" height=\"26\" \/><\/p>\n<div class=\"WelcomePack-Info\">Cashback hebdomadaire jusqu&rsquo;\u00e0 25 %<\/div>\n<p><img loading=\"lazy\" decoding=\"async\" class=\"alignnone size-full wp-image-1329\" src=\"https:\/\/gangsta-sino.org\/wp-content\/uploads\/2026\/01\/welcome-crown.svg\" alt=\"crown\" width=\"25\" height=\"26\" \/><\/p>\n<\/div>\n<\/div><div class=\"scrollable-content-wrap my-5\"><div class=\"scrollable-content-inner\"><h2>Inscrivez-vous sur Gangstasino Casino<\/h2>\n<p>L&rsquo;inscription sur Gangstasino Casino ne prend que quelques minutes, mais vous donne acc\u00e8s \u00e0 toutes les fonctionnalit\u00e9s de la plateforme. Apr\u00e8s votre inscription, vous pouvez effectuer des d\u00e9p\u00f4ts, participer \u00e0 des promotions, jouer \u00e0 plus de 6 000 jeux et retirer vos gains.<\/p>\n<p>Si vous souhaitez devenir l&rsquo;un de nos clients, suivez les instructions ci-dessous pour effectuer facilement la proc\u00e9dure d&rsquo;inscription simple :<\/p>\n<ol>\n<li>Vous devez vous rendre sur notre site web depuis votre PC ou votre appareil mobile. Le site web Gangstasino Casino est accessible depuis tous les navigateurs modernes.<\/li>\n<li>L&rsquo;utilisateur doit cliquer sur le bouton \u00ab S&rsquo;inscrire \u00bb situ\u00e9 dans le coin sup\u00e9rieur droit de la page principale.<\/li>\n<li>Tous nos nouveaux membres doivent saisir leur adresse e-mail et leur mot de passe. Le mot de passe doit comporter au moins 6 caract\u00e8res.<\/li>\n<li>Apr\u00e8s avoir saisi les informations, tous les nouveaux utilisateurs doivent accepter les conditions g\u00e9n\u00e9rales du site Web et confirmer qu&rsquo;ils sont \u00e2g\u00e9s d&rsquo;au moins 18 ans.<\/li>\n<li>Ensuite, nous vous demanderons de remplir le formulaire d&rsquo;inscription, qui comprend votre nom, votre adresse, votre num\u00e9ro de t\u00e9l\u00e9phone et d&rsquo;autres informations.<\/li>\n<\/ol>\n<p>Une fois toutes les \u00e9tapes termin\u00e9es, vous serez automatiquement connect\u00e9 \u00e0 votre compte. Vous pouvez effectuer votre premier d\u00e9p\u00f4t ou essayer les jeux en mode d\u00e9mo sans risque. La prochaine fois, vous devrez suivre la proc\u00e9dure de connexion \u00e0 Gangstasino pour profiter de toutes les meilleures fonctionnalit\u00e9s de notre casino en ligne.<\/p>\n<h2>Acc\u00e9dez \u00e0 votre compte et g\u00e9rez-le en toute s\u00e9curit\u00e9 sur Gangstasino<\/h2>\n<p>Le processus de connexion \u00e0 Gangsta Sino vous donne acc\u00e8s \u00e0 toutes les fonctionnalit\u00e9s de la plateforme, notamment plus de 6 000 titres, les paiements, un service d&rsquo;assistance multilingue et bien plus encore. Pour acc\u00e9der \u00e0 votre compte, il vous suffit de saisir l&rsquo;adresse e-mail et le mot de passe que vous avez utilis\u00e9s lors de votre inscription.<\/p>\n<p>Votre compte personnel offre de nombreuses fonctionnalit\u00e9s et outils importants qui am\u00e9lioreront votre exp\u00e9rience de jeu. Dans le tableau ci-dessous, vous trouverez les principales fonctions dont vous b\u00e9n\u00e9ficierez apr\u00e8s avoir suivi la proc\u00e9dure de connexion \u00e0 Gangstasino.<\/p>\n<table>\n<tbody>\n<tr>\n<td>Fonction<\/td>\n<td>D\u00e9tails<\/td>\n<\/tr>\n<tr>\n<td>Historique des transactions<\/td>\n<td>L&rsquo;historique complet des d\u00e9p\u00f4ts, retraits et paris est disponible ici.<\/td>\n<\/tr>\n<tr>\n<td>V\u00e9rification d&rsquo;identit\u00e9 (KYC)<\/td>\n<td>Dans votre compte personnel, vous devrez t\u00e9l\u00e9charger des documents d&rsquo;identit\u00e9 afin de v\u00e9rifier votre compte et d&rsquo;activer les retraits.<\/td>\n<\/tr>\n<tr>\n<td>Outils de jeu responsable<\/td>\n<td>Vous pouvez fixer des limites sur les d\u00e9p\u00f4ts, les pertes ou la dur\u00e9e des sessions. En outre, il est possible d&rsquo;activer l&rsquo;auto-exclusion si n\u00e9cessaire.<\/td>\n<\/tr>\n<tr>\n<td>Gestion des donn\u00e9es personnelles<\/td>\n<td>Les utilisateurs ont la possibilit\u00e9 de mettre \u00e0 jour leurs informations personnelles telles que leur adresse e-mail, leur adresse postale ou leur mot de passe en toute s\u00e9curit\u00e9.<\/td>\n<\/tr>\n<tr>\n<td>Param\u00e8tres de s\u00e9curit\u00e9<\/td>\n<td>Vous avez la possibilit\u00e9 d&rsquo;activer l&rsquo;authentification \u00e0 deux facteurs ou la connexion biom\u00e9trique pour une protection suppl\u00e9mentaire.<\/td>\n<\/tr>\n<\/tbody>\n<\/table>\n<h3>Mot de passe oubli\u00e9 ?<\/h3>\n<p>Chez Gangsta Sino, ce n&rsquo;est pas grave si vous oubliez votre mot de passe. Nous avons cr\u00e9\u00e9 une fonction sp\u00e9ciale qui vous permet de le r\u00e9initialiser et d&rsquo;en cr\u00e9er un nouveau. C&rsquo;est s\u00fbr et personne d&rsquo;autre ne peut voler les donn\u00e9es de votre compte.<\/p>\n<p>Pour r\u00e9initialiser votre mot de passe, cliquez sur le lien \u00ab Mot de passe oubli\u00e9 ? \u00bb dans le formulaire de connexion. Nous vous demanderons ensuite de fournir l&rsquo;adresse e-mail que vous utilisez pour vous connecter \u00e0 Gangstasino. Vous recevrez un lien de r\u00e9initialisation \u00e0 cette adresse e-mail. Vous devrez cr\u00e9er un nouveau mot de passe pour pouvoir acc\u00e9der \u00e0 votre profil sans difficult\u00e9 \u00e0 l&rsquo;avenir.<\/p>\n<h2>Processus de confirmation de compte chez Gangstasino Casino<\/h2>\n<p>Certaines personnes peuvent s&rsquo;inqui\u00e9ter du processus de v\u00e9rification. Mais chez Gangstasino, nous voulons simplement \u00e9viter la fraude et vous offrir un jeu s\u00fbr et \u00e9quitable. Les r\u00e8gles de notre site web stipulent que chaque personne ne peut avoir qu&rsquo;un seul compte.<\/p>\n<p>Nous vous demanderons de suivre la proc\u00e9dure de v\u00e9rification avant d&rsquo;effectuer votre premier d\u00e9p\u00f4t. Pour cela, vous devrez t\u00e9l\u00e9charger des copies ou des photos de certains de vos documents personnels. Nos responsables les v\u00e9rifieront dans un d\u00e9lai de 48 heures et vous donneront une r\u00e9ponse. Nous vous demanderons de t\u00e9l\u00e9charger les documents suivants :<\/p>\n<ul>\n<li>Passeport, carte d&rsquo;identit\u00e9 ou permis de conduire<\/li>\n<li>Facture de services publics datant de moins de 6 mois, relev\u00e9 bancaire<\/li>\n<li>Capture d&rsquo;\u00e9cran ou relev\u00e9 confirmant la propri\u00e9t\u00e9 du compte de paiement<\/li>\n<\/ul>\n<h2>FAQ<\/h2>\n<h3>Comment puis-je v\u00e9rifier mon compte ?<\/h3>\n<p>Avant votre premier retrait, nous vous demanderons de t\u00e9l\u00e9charger vos documents personnels sur Gangsta Sino Casino. Il s&rsquo;agit d&rsquo;une \u00e9tape importante pour pr\u00e9venir la fraude et garantir l&rsquo;\u00e9quit\u00e9 pour tous nos utilisateurs.<\/p>\n<h3>Puis-je modifier mon mot de passe ou mon adresse e-mail ?<\/h3>\n<p>Les utilisateurs ont la possibilit\u00e9 de modifier leurs informations personnelles et leurs informations de paiement \u00e0 tout moment. Cela peut \u00eatre fait dans les param\u00e8tres de votre compte.<\/p>\n<h3>Que dois-je faire si mon compte est bloqu\u00e9 ?<\/h3>\n<p>Si Gangstasino a bloqu\u00e9 votre compte, nous vous enverrons un e-mail avec une explication et des informations suppl\u00e9mentaires. Si vous n&rsquo;avez re\u00e7u aucun e-mail, veuillez contacter notre \u00e9quipe d&rsquo;assistance via le chat en direct ou par e-mail.<\/p>\n<h3>Comment puis-je fermer ou suspendre temporairement mon compte ?<\/h3>\n<p>Pour fermer ou suspendre temporairement votre compte, l&rsquo;\u00e9quipe d&rsquo;assistance Gangsta Sino se fera un plaisir de vous aider. Nos gestionnaires professionnels vous demanderont les raisons de votre demande et prendront les mesures n\u00e9cessaires. Nous sommes disponibles 24 heures sur 24, 7 jours sur 7, via le chat en direct ou par e-mail.<\/p>\n<\/div><\/div><\/p>\n","protected":false},"excerpt":{"rendered":"<p>Gangstasino connexion, inscription et gestion du compte Pour acc\u00e9der aux meilleurs jeux des fournisseurs de logiciels populaires, vous devez passer par le processus de Gangstasino login. Nous avons con\u00e7u ce processus pour qu&rsquo;il soit convivial et simple, m\u00eame pour les nouveaux joueurs. Vous pouvez vous inscrire sur Gangstasino Casino si vous avez 18 ans ou [&hellip;]<\/p>\n","protected":false},"author":1,"featured_media":0,"parent":0,"menu_order":0,"comment_status":"closed","ping_status":"closed","template":"template-builder.php","meta":{"_acf_changed":false,"inline_featured_image":false,"footnotes":""},"class_list":["post-1464","page","type-page","status-publish","hentry"],"acf":[],"yoast_head":"<!-- This site is optimized with the Yoast SEO plugin v27.3 - https:\/\/yoast.com\/product\/yoast-seo-wordpress\/ -->\n<title>Gangstasino Login \u2013 acc\u00e8s s\u00e9curis\u00e9 au compte\ufeff<\/title>\n<meta name=\"description\" content=\"Cr\u00e9ez facilement votre profil sur Gangstasino Casino, connectez-vous et g\u00e9rez-le. Inscrivez-vous, r\u00e9cup\u00e9rez ou fermez votre compte en toute s\u00e9curit\u00e9 avec Gangstasino Login.\" \/>\n<meta name=\"robots\" content=\"index, follow, max-snippet:-1, max-image-preview:large, max-video-preview:-1\" \/>\n<link rel=\"canonical\" href=\"https:\/\/gangsta-sino.org\/fr\/connexion-et-inscription\/\" \/>\n<meta property=\"og:locale\" content=\"fr_FR\" \/>\n<meta property=\"og:type\" content=\"article\" \/>\n<meta property=\"og:title\" content=\"Gangstasino Login \u2013 acc\u00e8s s\u00e9curis\u00e9 au compte\ufeff\" \/>\n<meta property=\"og:description\" content=\"Cr\u00e9ez facilement votre profil sur Gangstasino Casino, connectez-vous et g\u00e9rez-le. Inscrivez-vous, r\u00e9cup\u00e9rez ou fermez votre compte en toute s\u00e9curit\u00e9 avec Gangstasino Login.\" \/>\n<meta property=\"og:url\" content=\"https:\/\/gangsta-sino.org\/fr\/connexion-et-inscription\/\" \/>\n<meta property=\"og:site_name\" content=\"gangasta-sino\" \/>\n<meta property=\"article:modified_time\" content=\"2026-01-05T08:57:17+00:00\" \/>\n<meta name=\"twitter:card\" content=\"summary_large_image\" \/>\n<meta name=\"twitter:label1\" content=\"Dur\u00e9e de lecture estim\u00e9e\" \/>\n\t<meta name=\"twitter:data1\" content=\"1 minute\" \/>\n<script type=\"application\/ld+json\" class=\"yoast-schema-graph\">{\"@context\":\"https:\\\/\\\/schema.org\",\"@graph\":[{\"@type\":\"WebPage\",\"@id\":\"https:\\\/\\\/gangsta-sino.org\\\/fr\\\/connexion-et-inscription\\\/\",\"url\":\"https:\\\/\\\/gangsta-sino.org\\\/fr\\\/connexion-et-inscription\\\/\",\"name\":\"Gangstasino Login \u2013 acc\u00e8s s\u00e9curis\u00e9 au compte\ufeff\",\"isPartOf\":{\"@id\":\"https:\\\/\\\/gangsta-sino.org\\\/fr\\\/#website\"},\"datePublished\":\"2026-01-05T06:43:51+00:00\",\"dateModified\":\"2026-01-05T08:57:17+00:00\",\"description\":\"Cr\u00e9ez facilement votre profil sur Gangstasino Casino, connectez-vous et g\u00e9rez-le. Inscrivez-vous, r\u00e9cup\u00e9rez ou fermez votre compte en toute s\u00e9curit\u00e9 avec Gangstasino Login.\",\"breadcrumb\":{\"@id\":\"https:\\\/\\\/gangsta-sino.org\\\/fr\\\/connexion-et-inscription\\\/#breadcrumb\"},\"inLanguage\":\"fr-FR\",\"potentialAction\":[{\"@type\":\"ReadAction\",\"target\":[\"https:\\\/\\\/gangsta-sino.org\\\/fr\\\/connexion-et-inscription\\\/\"]}]},{\"@type\":\"BreadcrumbList\",\"@id\":\"https:\\\/\\\/gangsta-sino.org\\\/fr\\\/connexion-et-inscription\\\/#breadcrumb\",\"itemListElement\":[{\"@type\":\"ListItem\",\"position\":1,\"name\":\"Gangstasino\",\"item\":\"https:\\\/\\\/gangsta-sino.org\\\/fr\\\/\"},{\"@type\":\"ListItem\",\"position\":2,\"name\":\"Connexion et inscription\"}]},{\"@type\":\"WebSite\",\"@id\":\"https:\\\/\\\/gangsta-sino.org\\\/fr\\\/#website\",\"url\":\"https:\\\/\\\/gangsta-sino.org\\\/fr\\\/\",\"name\":\"Gangstasino\",\"description\":\"\",\"publisher\":{\"@id\":\"https:\\\/\\\/gangsta-sino.org\\\/fr\\\/#organization\"},\"potentialAction\":[{\"@type\":\"SearchAction\",\"target\":{\"@type\":\"EntryPoint\",\"urlTemplate\":\"https:\\\/\\\/gangsta-sino.org\\\/fr\\\/?s={search_term_string}\"},\"query-input\":{\"@type\":\"PropertyValueSpecification\",\"valueRequired\":true,\"valueName\":\"search_term_string\"}}],\"inLanguage\":\"fr-FR\"},{\"@type\":\"Organization\",\"@id\":\"https:\\\/\\\/gangsta-sino.org\\\/fr\\\/#organization\",\"name\":\"Gangstasino\",\"url\":\"https:\\\/\\\/gangsta-sino.org\\\/fr\\\/\",\"logo\":{\"@type\":\"ImageObject\",\"inLanguage\":\"fr-FR\",\"@id\":\"https:\\\/\\\/gangsta-sino.org\\\/fr\\\/#\\\/schema\\\/logo\\\/image\\\/\",\"url\":\"https:\\\/\\\/gangsta-sino.org\\\/wp-content\\\/uploads\\\/2026\\\/01\\\/Logo-Desktop.png\",\"contentUrl\":\"https:\\\/\\\/gangsta-sino.org\\\/wp-content\\\/uploads\\\/2026\\\/01\\\/Logo-Desktop.png\",\"width\":152,\"height\":35,\"caption\":\"Gangstasino\"},\"image\":{\"@id\":\"https:\\\/\\\/gangsta-sino.org\\\/fr\\\/#\\\/schema\\\/logo\\\/image\\\/\"}}]}<\/script>\n<!-- \/ Yoast SEO plugin. -->","yoast_head_json":{"title":"Gangstasino Login \u2013 acc\u00e8s s\u00e9curis\u00e9 au compte\ufeff","description":"Cr\u00e9ez facilement votre profil sur Gangstasino Casino, connectez-vous et g\u00e9rez-le. Inscrivez-vous, r\u00e9cup\u00e9rez ou fermez votre compte en toute s\u00e9curit\u00e9 avec Gangstasino Login.","robots":{"index":"index","follow":"follow","max-snippet":"max-snippet:-1","max-image-preview":"max-image-preview:large","max-video-preview":"max-video-preview:-1"},"canonical":"https:\/\/gangsta-sino.org\/fr\/connexion-et-inscription\/","og_locale":"fr_FR","og_type":"article","og_title":"Gangstasino Login \u2013 acc\u00e8s s\u00e9curis\u00e9 au compte\ufeff","og_description":"Cr\u00e9ez facilement votre profil sur Gangstasino Casino, connectez-vous et g\u00e9rez-le. Inscrivez-vous, r\u00e9cup\u00e9rez ou fermez votre compte en toute s\u00e9curit\u00e9 avec Gangstasino Login.","og_url":"https:\/\/gangsta-sino.org\/fr\/connexion-et-inscription\/","og_site_name":"gangasta-sino","article_modified_time":"2026-01-05T08:57:17+00:00","twitter_card":"summary_large_image","twitter_misc":{"Dur\u00e9e de lecture estim\u00e9e":"1 minute"},"schema":{"@context":"https:\/\/schema.org","@graph":[{"@type":"WebPage","@id":"https:\/\/gangsta-sino.org\/fr\/connexion-et-inscription\/","url":"https:\/\/gangsta-sino.org\/fr\/connexion-et-inscription\/","name":"Gangstasino Login \u2013 acc\u00e8s s\u00e9curis\u00e9 au compte\ufeff","isPartOf":{"@id":"https:\/\/gangsta-sino.org\/fr\/#website"},"datePublished":"2026-01-05T06:43:51+00:00","dateModified":"2026-01-05T08:57:17+00:00","description":"Cr\u00e9ez facilement votre profil sur Gangstasino Casino, connectez-vous et g\u00e9rez-le. Inscrivez-vous, r\u00e9cup\u00e9rez ou fermez votre compte en toute s\u00e9curit\u00e9 avec Gangstasino Login.","breadcrumb":{"@id":"https:\/\/gangsta-sino.org\/fr\/connexion-et-inscription\/#breadcrumb"},"inLanguage":"fr-FR","potentialAction":[{"@type":"ReadAction","target":["https:\/\/gangsta-sino.org\/fr\/connexion-et-inscription\/"]}]},{"@type":"BreadcrumbList","@id":"https:\/\/gangsta-sino.org\/fr\/connexion-et-inscription\/#breadcrumb","itemListElement":[{"@type":"ListItem","position":1,"name":"Gangstasino","item":"https:\/\/gangsta-sino.org\/fr\/"},{"@type":"ListItem","position":2,"name":"Connexion et inscription"}]},{"@type":"WebSite","@id":"https:\/\/gangsta-sino.org\/fr\/#website","url":"https:\/\/gangsta-sino.org\/fr\/","name":"Gangstasino","description":"","publisher":{"@id":"https:\/\/gangsta-sino.org\/fr\/#organization"},"potentialAction":[{"@type":"SearchAction","target":{"@type":"EntryPoint","urlTemplate":"https:\/\/gangsta-sino.org\/fr\/?s={search_term_string}"},"query-input":{"@type":"PropertyValueSpecification","valueRequired":true,"valueName":"search_term_string"}}],"inLanguage":"fr-FR"},{"@type":"Organization","@id":"https:\/\/gangsta-sino.org\/fr\/#organization","name":"Gangstasino","url":"https:\/\/gangsta-sino.org\/fr\/","logo":{"@type":"ImageObject","inLanguage":"fr-FR","@id":"https:\/\/gangsta-sino.org\/fr\/#\/schema\/logo\/image\/","url":"https:\/\/gangsta-sino.org\/wp-content\/uploads\/2026\/01\/Logo-Desktop.png","contentUrl":"https:\/\/gangsta-sino.org\/wp-content\/uploads\/2026\/01\/Logo-Desktop.png","width":152,"height":35,"caption":"Gangstasino"},"image":{"@id":"https:\/\/gangsta-sino.org\/fr\/#\/schema\/logo\/image\/"}}]}},"_links":{"self":[{"href":"https:\/\/gangsta-sino.org\/fr\/wp-json\/wp\/v2\/pages\/1464","targetHints":{"allow":["GET"]}}],"collection":[{"href":"https:\/\/gangsta-sino.org\/fr\/wp-json\/wp\/v2\/pages"}],"about":[{"href":"https:\/\/gangsta-sino.org\/fr\/wp-json\/wp\/v2\/types\/page"}],"author":[{"embeddable":true,"href":"https:\/\/gangsta-sino.org\/fr\/wp-json\/wp\/v2\/users\/1"}],"replies":[{"embeddable":true,"href":"https:\/\/gangsta-sino.org\/fr\/wp-json\/wp\/v2\/comments?post=1464"}],"version-history":[{"count":2,"href":"https:\/\/gangsta-sino.org\/fr\/wp-json\/wp\/v2\/pages\/1464\/revisions"}],"predecessor-version":[{"id":1567,"href":"https:\/\/gangsta-sino.org\/fr\/wp-json\/wp\/v2\/pages\/1464\/revisions\/1567"}],"wp:attachment":[{"href":"https:\/\/gangsta-sino.org\/fr\/wp-json\/wp\/v2\/media?parent=1464"}],"curies":[{"name":"wp","href":"https:\/\/api.w.org\/{rel}","templated":true}]}}