{"id":1427,"date":"2026-01-05T06:41:30","date_gmt":"2026-01-05T06:41:30","guid":{"rendered":"https:\/\/gangsta-sino.org\/app\/"},"modified":"2026-01-05T10:19:47","modified_gmt":"2026-01-05T10:19:47","slug":"applicazione","status":"publish","type":"page","link":"https:\/\/gangsta-sino.org\/it\/applicazione\/","title":{"rendered":"Applicazione"},"content":{"rendered":"<h1>App Gangstasino \u2013 Gioca sul tuo dispositivo mobile<\/h1>\n<p>La Gangstasino app per Android e iOS \u00e8 la scelta perfetta se desideri giocare a tutti i tuoi giochi preferiti da un dispositivo mobile in Italia. Supportiamo tutti gli smartphone e tablet moderni e ci adattiamo perfettamente alle dimensioni dei loro schermi. Nell&#8217;app Gangstasino Italia avrai accesso alle stesse funzioni della versione desktop. Inoltre, non ti chiediamo di scaricare file sconosciuti, poich\u00e9 il nostro casin\u00f2 mobile \u00e8 una Progressive Web App (PWA).<\/p>\n<div class=\"banner-wrap\" aria-label=\"Banner\"><img src=\"https:\/\/gangsta-sino.org\/wp-content\/uploads\/2026\/01\/Gangstasino-Banner-Desktop.webp\" class=\"w-100 d-none d-lg-block img-pc main-banner-img\" alt=\"Gangstasino Banner Desktop\" fetchpriority=\"high\" decoding=\"async\"><img src=\"https:\/\/gangsta-sino.org\/wp-content\/uploads\/2026\/01\/Gangstasino-bonus-mobile.webp\" class=\"w-100 d-none d-md-block d-lg-none main-banner-img\" alt=\"Gangstasino bonus mobile\" fetchpriority=\"high\" decoding=\"async\"><img src=\"https:\/\/gangsta-sino.org\/wp-content\/uploads\/2026\/01\/Gangstasino-bonus-mobile.webp\" class=\"w-100 d-md-none\" alt=\"Gangstasino bonus mobile\" fetchpriority=\"high\" decoding=\"async\"><div class=\"banner-description\">\n<div class=\"banner-title\">Bonus di benvenuto<\/div>\n<p class=\"banner-header-title\">1500 \u20ac<\/p>\n<div class=\"banner-header-AdditionalText\">+ 250 Giri gratuiti<\/div>\n<button data-item=\"homepage_banner_link\" class=\"goto m-button m-gradient-border m-button--primary m-button--large banner-button btn-orange\">\n            <div class=\"m-button-content\">\n                <span>Iscriviti ora<\/span>\n                <span><\/span>\n            <\/div>\n        <\/button>\n<\/div>\n<div class=\"WelcomePack\">\n<p><img loading=\"lazy\" decoding=\"async\" class=\"alignnone size-full wp-image-1329\" src=\"https:\/\/gangsta-sino.org\/wp-content\/uploads\/2026\/01\/welcome-crown.svg\" alt=\"crown\" width=\"25\" height=\"26\" \/><\/p>\n<div class=\"WelcomePack-Info\">Cashback settimanale fino al 25%<\/div>\n<p><img loading=\"lazy\" decoding=\"async\" class=\"alignnone size-full wp-image-1329\" src=\"https:\/\/gangsta-sino.org\/wp-content\/uploads\/2026\/01\/welcome-crown.svg\" alt=\"crown\" width=\"25\" height=\"26\" \/><\/p>\n<\/div>\n<\/div>\n<h2>Gangstasino Casino su piattaforme mobili<\/h2>\n<p>La maggior parte dei siti web moderni dispone ora di una versione mobile o di un&#8217;app. Gangsta Sino Casino non fa eccezione. Abbiamo sviluppato un software mobile facile da usare con una navigazione intuitiva. L&#8217;app Gangstasino \u00e8 perfetta sia per gli utenti Android che per quelli iOS.<\/p>\n<p>Il nostro casin\u00f2 mobile offre le stesse funzionalit\u00e0 della versione completa per PC. Dopo la registrazione, avrai accesso a oltre 6.000 giochi, pagamenti, un sistema di bonus e assistenza clienti. Allo stesso tempo, il software \u00e8 sicuro. Tutte le tue informazioni personali sono protette con crittografia SSL.<\/p>\n<p>Abbiamo raccolto alcuni punti che dimostrano che il nostro casin\u00f2 mobile \u00e8 valido quanto la versione desktop e, in alcuni casi, l&#8217;esperienza di gioco \u00e8 persino migliore.<\/p>\n<table>\n<tbody>\n<tr>\n<td>Caratteristica<\/td>\n<td>Software mobile<\/td>\n<td>Versione per PC<\/td>\n<\/tr>\n<tr>\n<td>Accessibilit\u00e0<\/td>\n<td>Puoi giocare ovunque e in qualsiasi momento dal tuo smartphone o tablet.<\/td>\n<td>Richiede un computer fisso o portatile, che \u00e8 meno trasportabile.<\/td>\n<\/tr>\n<tr>\n<td>Notifiche<\/td>\n<td>Gli utenti ricevono notifiche push relative a bonus, tornei e giri gratuiti.<\/td>\n<td>Non ci sono notifiche in tempo reale a meno che non si effettui il login.<\/td>\n<\/tr>\n<tr>\n<td>Sicurezza<\/td>\n<td>\u00c8 possibile utilizzare un login biometrico (Face ID \/ impronta digitale) per una maggiore sicurezza.<\/td>\n<td>Si basa solo su un login con password.<\/td>\n<\/tr>\n<tr>\n<td>Accesso offline<\/td>\n<td>Alcuni giochi o azioni relative all&#8217;account funzionano anche senza una connessione Internet completa.<\/td>\n<td>Questa versione richiede una connessione stabile in ogni momento.<\/td>\n<\/tr>\n<\/tbody>\n<\/table>\n<p><div class=\"scrollable-content-wrap my-5\"><div class=\"scrollable-content-inner\"><h2>Gangstasino App casin\u00f2 per Android<\/h2>\n<p>L&#8217;app Gangstasino \u00e8 stata sviluppata per consentire a tutti i nostri utenti di essere online indipendentemente dal momento e dal luogo in cui si trovano. Ai nostri giocatori Android offriamo una PWA comoda e sicura. Funziona perfettamente su tutti i dispositivi moderni. Non ti chiediamo di scaricare file APK sconosciuti, come l&#8217;APK Goldzino, da fonti terze, quindi tu e il tuo dispositivo sarete al sicuro.<\/p>\n<p>Non dovresti preoccuparti di esplorare un nuovo software, perch\u00e9 fondamentalmente \u00e8 il riflesso della versione desktop principale, solo adattata a smartphone e tablet. Il design e la navigazione sono gli stessi. Se desideri installare il software mobile di Gangsta Sino Casino, puoi seguire le nostre istruzioni dettagliate riportate di seguito:<\/p>\n<ol>\n<li>Per prima cosa, dovresti visitare il nostro sito web ufficiale.<\/li>\n<li>Nel pi\u00e8 di pagina del sito web, troverai il pulsante &#8220;App Casin\u00f2&#8221; su cui dovrai cliccare.<\/li>\n<li>Il processo di installazione inizier\u00e0 automaticamente dopo l&#8217;ultimo passaggio.<\/li>\n<li>Dopo aver installato l&#8217;applicazione, l&#8217;icona del casin\u00f2 online apparir\u00e0 sullo schermo.<\/li>\n<\/ol>\n<p>Se non sei pronto per installare l&#8217;app, puoi sempre utilizzare la versione browser. Gangstasino Casino \u00e8 disponibile su tutti i browser mobili. Qualsiasi browser ti consente di aggiungere un&#8217;icona di collegamento alla nostra piattaforma sulla schermata principale, in modo da potervi accedere in 2 secondi.<\/p>\n<p><img loading=\"lazy\" decoding=\"async\" src=\"https:\/\/gangsta-sino.org\/wp-content\/uploads\/2026\/01\/Ganstasino-App-Android.webp\" alt=\"Ganstasino App Android\" width=\"1248\" height=\"536\" \/><\/p>\n<\/div><\/div><div style=\"clear: both\"><\/div><div class=\"d-flex justify-content-center\"><button data-item=\"decouvrez_link\" data-group=\"website_links\" class=\"goto fw-bold rounded-pill btn btn-orange\" aria-label=\"Scarica l&#039;app GangstaSino\" >Scarica l&#039;app GangstaSino<\/button><\/div><div class=\"scrollable-content-wrap my-5\"><div class=\"scrollable-content-inner\"><h2>Gangstasino App casin\u00f2 per iOS<\/h2>\n<p>Gli utenti iOS hanno anche accesso alla fantastica app mobile Gangsta Sino, compatibile con tutti i modelli di iPhone e iPad. Si adatta perfettamente alle dimensioni dello schermo. Gli utenti apprezzano particolarmente le opzioni con croupier dal vivo sui loro dispositivi mobili perch\u00e9 sono tradotte in alta qualit\u00e0 e ti immergono nell&#8217;atmosfera di un vero casin\u00f2. Puoi seguire le istruzioni di installazione per Android, poich\u00e9 sono identiche su entrambe le piattaforme.<\/p>\n<p>\u00c8 sempre possibile utilizzare il sito web ufficiale da qualsiasi browser mobile. Ha lo stesso design e le stesse funzionalit\u00e0 della versione per PC, ma si adatta al touchscreen dei dispositivi mobili. Avrai accesso all&#8217;intera collezione di titoli, incluse le slot online, i giochi da tavolo, le opzioni con croupier dal vivo e molto altro ancora. Se desideri accedervi in modo rapido e semplice, puoi installare l&#8217;icona di collegamento sulla schermata iniziale:<\/p>\n<ol>\n<li>L&#8217;utente deve aprire l&#8217;app Shortcut sul proprio iPhone o iPad.<\/li>\n<li>Per creare un nuovo collegamento, devi toccare l&#8217;icona + (pi\u00f9) nell&#8217;angolo in alto a destra.<\/li>\n<li>Successivamente, seleziona &#8220;Aggiungi azione&#8221; e cerca il sito web per cui desideri creare un collegamento.<\/li>\n<li>Ora devi toccare la freccia gi\u00f9 accanto al nome del collegamento e selezionare &#8220;Aggiungi alla schermata Home&#8221;.<\/li>\n<li>\u00c8 possibile assegnargli un nome personalizzato prima di toccare &#8220;Aggiungi&#8221;.<\/li>\n<\/ol>\n<p><img loading=\"lazy\" decoding=\"async\" src=\"https:\/\/gangsta-sino.org\/wp-content\/uploads\/2026\/01\/Ganstasino-App-iOS.webp\" alt=\"Ganstasino App iOS\" width=\"1248\" height=\"536\" \/><\/p>\n<\/div><\/div><div style=\"clear: both\"><\/div><div class=\"d-flex justify-content-center\"><button data-item=\"decouvrez_link\" data-group=\"website_links\" class=\"goto fw-bold rounded-pill btn btn-orange\" aria-label=\"Scarica GangstaSino\" >Scarica GangstaSino<\/button><\/div><div class=\"scrollable-content-wrap my-5\"><div class=\"scrollable-content-inner\"><h2>Software per Windows e macOS<\/h2>\n<p>Naturalmente, non abbiamo dimenticato tutti gli utenti desktop. Molti dei nostri giocatori preferiscono giocare sul PC a casa e sui loro telefoni quando sono fuori. Non preoccuparti: Gangstasino Casino \u00e8 disponibile su tutti i browser del tuo PC. Devi solo aprire il tuo browser preferito e digitare il nome della nostra piattaforma.<\/p>\n<p>Ma vogliamo renderti la vita ancora pi\u00f9 facile. Ecco perch\u00e9 hai la possibilit\u00e0 di aggiungere il nostro casin\u00f2 online come icona sulla tua schermata iniziale. In questo modo potrai accedere a Gangsta Sino in pochi secondi. Per farlo, basta visitare il nostro sito web e, nel menu del browser, selezionare &#8220;Aggiungi alla schermata iniziale&#8221;. Se hai domande, non esitare a contattare il team di assistenza di Gangstasino disponibile 24 ore su 24, 7 giorni su 7, tramite live chat o e-mail.<\/p>\n<p><img loading=\"lazy\" decoding=\"async\" src=\"https:\/\/gangsta-sino.org\/wp-content\/uploads\/2026\/01\/Ganstasino-App-Windows.webp\" alt=\"Ganstasino App Windows\" width=\"1248\" height=\"536\" \/><\/p>\n<\/div><\/div><div style=\"clear: both\"><\/div><div class=\"d-flex justify-content-center\"><button data-item=\"decouvrez_link\" data-group=\"website_links\" class=\"goto fw-bold rounded-pill btn btn-orange\" aria-label=\"Scarica l&#039;app GangstaSino\" >Scarica l&#039;app GangstaSino<\/button><\/div><div class=\"scrollable-content-wrap my-5\"><div class=\"scrollable-content-inner\"><h2>Domande frequenti<\/h2>\n<h3>\u00c8 disponibile l&#8217;assistenza clienti nell&#8217;app Gangstasino Casino?<\/h3>\n<p>L&#8217;app Gangstasino offre le stesse funzionalit\u00e0 della versione desktop. Ecco perch\u00e9 nella versione mobile troverai la chat live del servizio clienti disponibile 24 ore su 24, 7 giorni su 7. L&#8217;opzione e-mail \u00e8 disponibile anche da qualsiasi dispositivo.<\/p>\n<h3>Ho bisogno di un account per utilizzare l&#8217;app Gangstasino?<\/h3>\n<p>Per accedere a tutti i giochi, ai pagamenti, al servizio di assistenza e alle altre funzionalit\u00e0 di Gangstasino Casino nell&#8217;app, devi prima registrarti. Ma non preoccuparti, ci vorranno solo pochi minuti.<\/p>\n<h3>L&#8217;app Gangstasino \u00e8 sicura da usare?<\/h3>\n<p>Gangsta Sino Casino \u00e8 titolare di una licenza rilasciata dalla Gaming Board of Anjouan e rispetta tutte le rigide normative e i protocolli del settore dei giochi d&#8217;azzardo. Tutte le transazioni effettuate nel casin\u00f2 mobile sono protette dalla moderna crittografia SSL.<\/p>\n<h3>Posso effettuare depositi e prelievi direttamente nell&#8217;app?<\/h3>\n<p>Il software mobile offre tutti gli stessi metodi di pagamento della versione desktop. \u00c8 possibile effettuare depositi e prelievi senza alcun problema. Assicurati di completare il processo di verifica prima del tuo primo prelievo.<\/p>\n<\/div><\/div><\/p>\n","protected":false},"excerpt":{"rendered":"<p>App Gangstasino \u2013 Gioca sul tuo dispositivo mobile La Gangstasino app per Android e iOS \u00e8 la scelta perfetta se desideri giocare a tutti i tuoi giochi preferiti da un dispositivo mobile in Italia. Supportiamo tutti gli smartphone e tablet moderni e ci adattiamo perfettamente alle dimensioni dei loro schermi. Nell&#8217;app Gangstasino Italia avrai accesso [&hellip;]<\/p>\n","protected":false},"author":1,"featured_media":0,"parent":0,"menu_order":0,"comment_status":"closed","ping_status":"closed","template":"template-builder.php","meta":{"_acf_changed":false,"inline_featured_image":false,"footnotes":""},"class_list":["post-1427","page","type-page","status-publish","hentry"],"acf":[],"yoast_head":"<!-- This site is optimized with the Yoast SEO plugin v27.3 - https:\/\/yoast.com\/product\/yoast-seo-wordpress\/ -->\n<title>Gangstasino App | pianerme iOS e Android\ufeff<\/title>\n<meta name=\"description\" content=\"L&#039;app Gangstasino offre un&#039;esperienza di gioco da casin\u00f2 fluida su Android, iOS, Windows e macOS con account sincronizzati, aggiornamenti regolari e assistenza clienti integrata per la massima comodit\u00e0.\" \/>\n<meta name=\"robots\" content=\"index, follow, max-snippet:-1, max-image-preview:large, max-video-preview:-1\" \/>\n<link rel=\"canonical\" href=\"https:\/\/gangsta-sino.org\/it\/applicazione\/\" \/>\n<meta property=\"og:locale\" content=\"it_IT\" \/>\n<meta property=\"og:type\" content=\"article\" \/>\n<meta property=\"og:title\" content=\"Gangstasino App | pianerme iOS e Android\ufeff\" \/>\n<meta property=\"og:description\" content=\"L&#039;app Gangstasino offre un&#039;esperienza di gioco da casin\u00f2 fluida su Android, iOS, Windows e macOS con account sincronizzati, aggiornamenti regolari e assistenza clienti integrata per la massima comodit\u00e0.\" \/>\n<meta property=\"og:url\" content=\"https:\/\/gangsta-sino.org\/it\/applicazione\/\" \/>\n<meta property=\"og:site_name\" content=\"gangasta-sino\" \/>\n<meta property=\"article:modified_time\" content=\"2026-01-05T10:19:47+00:00\" \/>\n<meta name=\"twitter:card\" content=\"summary_large_image\" \/>\n<meta name=\"twitter:label1\" content=\"Est. reading time\" \/>\n\t<meta name=\"twitter:data1\" content=\"2 minuti\" \/>\n<script type=\"application\/ld+json\" class=\"yoast-schema-graph\">{\"@context\":\"https:\\\/\\\/schema.org\",\"@graph\":[{\"@type\":\"WebPage\",\"@id\":\"https:\\\/\\\/gangsta-sino.org\\\/it\\\/applicazione\\\/\",\"url\":\"https:\\\/\\\/gangsta-sino.org\\\/it\\\/applicazione\\\/\",\"name\":\"Gangstasino App | pianerme iOS e Android\ufeff\",\"isPartOf\":{\"@id\":\"https:\\\/\\\/gangsta-sino.org\\\/it\\\/#website\"},\"datePublished\":\"2026-01-05T06:41:30+00:00\",\"dateModified\":\"2026-01-05T10:19:47+00:00\",\"description\":\"L'app Gangstasino offre un'esperienza di gioco da casin\u00f2 fluida su Android, iOS, Windows e macOS con account sincronizzati, aggiornamenti regolari e assistenza clienti integrata per la massima comodit\u00e0.\",\"breadcrumb\":{\"@id\":\"https:\\\/\\\/gangsta-sino.org\\\/it\\\/applicazione\\\/#breadcrumb\"},\"inLanguage\":\"it-IT\",\"potentialAction\":[{\"@type\":\"ReadAction\",\"target\":[\"https:\\\/\\\/gangsta-sino.org\\\/it\\\/applicazione\\\/\"]}]},{\"@type\":\"BreadcrumbList\",\"@id\":\"https:\\\/\\\/gangsta-sino.org\\\/it\\\/applicazione\\\/#breadcrumb\",\"itemListElement\":[{\"@type\":\"ListItem\",\"position\":1,\"name\":\"Gangstasino\",\"item\":\"https:\\\/\\\/gangsta-sino.org\\\/it\\\/\"},{\"@type\":\"ListItem\",\"position\":2,\"name\":\"Applicazione\"}]},{\"@type\":\"WebSite\",\"@id\":\"https:\\\/\\\/gangsta-sino.org\\\/it\\\/#website\",\"url\":\"https:\\\/\\\/gangsta-sino.org\\\/it\\\/\",\"name\":\"Gangstasino\",\"description\":\"\",\"publisher\":{\"@id\":\"https:\\\/\\\/gangsta-sino.org\\\/it\\\/#organization\"},\"potentialAction\":[{\"@type\":\"SearchAction\",\"target\":{\"@type\":\"EntryPoint\",\"urlTemplate\":\"https:\\\/\\\/gangsta-sino.org\\\/it\\\/?s={search_term_string}\"},\"query-input\":{\"@type\":\"PropertyValueSpecification\",\"valueRequired\":true,\"valueName\":\"search_term_string\"}}],\"inLanguage\":\"it-IT\"},{\"@type\":\"Organization\",\"@id\":\"https:\\\/\\\/gangsta-sino.org\\\/it\\\/#organization\",\"name\":\"Gangstasino\",\"url\":\"https:\\\/\\\/gangsta-sino.org\\\/it\\\/\",\"logo\":{\"@type\":\"ImageObject\",\"inLanguage\":\"it-IT\",\"@id\":\"https:\\\/\\\/gangsta-sino.org\\\/it\\\/#\\\/schema\\\/logo\\\/image\\\/\",\"url\":\"https:\\\/\\\/gangsta-sino.org\\\/wp-content\\\/uploads\\\/2026\\\/01\\\/Logo-Desktop.png\",\"contentUrl\":\"https:\\\/\\\/gangsta-sino.org\\\/wp-content\\\/uploads\\\/2026\\\/01\\\/Logo-Desktop.png\",\"width\":152,\"height\":35,\"caption\":\"Gangstasino\"},\"image\":{\"@id\":\"https:\\\/\\\/gangsta-sino.org\\\/it\\\/#\\\/schema\\\/logo\\\/image\\\/\"}}]}<\/script>\n<!-- \/ Yoast SEO plugin. -->","yoast_head_json":{"title":"Gangstasino App | pianerme iOS e Android\ufeff","description":"L'app Gangstasino offre un'esperienza di gioco da casin\u00f2 fluida su Android, iOS, Windows e macOS con account sincronizzati, aggiornamenti regolari e assistenza clienti integrata per la massima comodit\u00e0.","robots":{"index":"index","follow":"follow","max-snippet":"max-snippet:-1","max-image-preview":"max-image-preview:large","max-video-preview":"max-video-preview:-1"},"canonical":"https:\/\/gangsta-sino.org\/it\/applicazione\/","og_locale":"it_IT","og_type":"article","og_title":"Gangstasino App | pianerme iOS e Android\ufeff","og_description":"L'app Gangstasino offre un'esperienza di gioco da casin\u00f2 fluida su Android, iOS, Windows e macOS con account sincronizzati, aggiornamenti regolari e assistenza clienti integrata per la massima comodit\u00e0.","og_url":"https:\/\/gangsta-sino.org\/it\/applicazione\/","og_site_name":"gangasta-sino","article_modified_time":"2026-01-05T10:19:47+00:00","twitter_card":"summary_large_image","twitter_misc":{"Est. reading time":"2 minuti"},"schema":{"@context":"https:\/\/schema.org","@graph":[{"@type":"WebPage","@id":"https:\/\/gangsta-sino.org\/it\/applicazione\/","url":"https:\/\/gangsta-sino.org\/it\/applicazione\/","name":"Gangstasino App | pianerme iOS e Android\ufeff","isPartOf":{"@id":"https:\/\/gangsta-sino.org\/it\/#website"},"datePublished":"2026-01-05T06:41:30+00:00","dateModified":"2026-01-05T10:19:47+00:00","description":"L'app Gangstasino offre un'esperienza di gioco da casin\u00f2 fluida su Android, iOS, Windows e macOS con account sincronizzati, aggiornamenti regolari e assistenza clienti integrata per la massima comodit\u00e0.","breadcrumb":{"@id":"https:\/\/gangsta-sino.org\/it\/applicazione\/#breadcrumb"},"inLanguage":"it-IT","potentialAction":[{"@type":"ReadAction","target":["https:\/\/gangsta-sino.org\/it\/applicazione\/"]}]},{"@type":"BreadcrumbList","@id":"https:\/\/gangsta-sino.org\/it\/applicazione\/#breadcrumb","itemListElement":[{"@type":"ListItem","position":1,"name":"Gangstasino","item":"https:\/\/gangsta-sino.org\/it\/"},{"@type":"ListItem","position":2,"name":"Applicazione"}]},{"@type":"WebSite","@id":"https:\/\/gangsta-sino.org\/it\/#website","url":"https:\/\/gangsta-sino.org\/it\/","name":"Gangstasino","description":"","publisher":{"@id":"https:\/\/gangsta-sino.org\/it\/#organization"},"potentialAction":[{"@type":"SearchAction","target":{"@type":"EntryPoint","urlTemplate":"https:\/\/gangsta-sino.org\/it\/?s={search_term_string}"},"query-input":{"@type":"PropertyValueSpecification","valueRequired":true,"valueName":"search_term_string"}}],"inLanguage":"it-IT"},{"@type":"Organization","@id":"https:\/\/gangsta-sino.org\/it\/#organization","name":"Gangstasino","url":"https:\/\/gangsta-sino.org\/it\/","logo":{"@type":"ImageObject","inLanguage":"it-IT","@id":"https:\/\/gangsta-sino.org\/it\/#\/schema\/logo\/image\/","url":"https:\/\/gangsta-sino.org\/wp-content\/uploads\/2026\/01\/Logo-Desktop.png","contentUrl":"https:\/\/gangsta-sino.org\/wp-content\/uploads\/2026\/01\/Logo-Desktop.png","width":152,"height":35,"caption":"Gangstasino"},"image":{"@id":"https:\/\/gangsta-sino.org\/it\/#\/schema\/logo\/image\/"}}]}},"_links":{"self":[{"href":"https:\/\/gangsta-sino.org\/it\/wp-json\/wp\/v2\/pages\/1427","targetHints":{"allow":["GET"]}}],"collection":[{"href":"https:\/\/gangsta-sino.org\/it\/wp-json\/wp\/v2\/pages"}],"about":[{"href":"https:\/\/gangsta-sino.org\/it\/wp-json\/wp\/v2\/types\/page"}],"author":[{"embeddable":true,"href":"https:\/\/gangsta-sino.org\/it\/wp-json\/wp\/v2\/users\/1"}],"replies":[{"embeddable":true,"href":"https:\/\/gangsta-sino.org\/it\/wp-json\/wp\/v2\/comments?post=1427"}],"version-history":[{"count":2,"href":"https:\/\/gangsta-sino.org\/it\/wp-json\/wp\/v2\/pages\/1427\/revisions"}],"predecessor-version":[{"id":1719,"href":"https:\/\/gangsta-sino.org\/it\/wp-json\/wp\/v2\/pages\/1427\/revisions\/1719"}],"wp:attachment":[{"href":"https:\/\/gangsta-sino.org\/it\/wp-json\/wp\/v2\/media?parent=1427"}],"curies":[{"name":"wp","href":"https:\/\/api.w.org\/{rel}","templated":true}]}}