{"id":1429,"date":"2026-01-05T06:41:30","date_gmt":"2026-01-05T06:41:30","guid":{"rendered":"https:\/\/gangsta-sino.org\/app\/"},"modified":"2026-01-05T10:58:09","modified_gmt":"2026-01-05T10:58:09","slug":"aplikacja","status":"publish","type":"page","link":"https:\/\/gangsta-sino.org\/pl\/aplikacja\/","title":{"rendered":"Aplikacja"},"content":{"rendered":"<h1>Aplikacja Gangstasino \u2013 graj na swoim urz\u0105dzeniu mobilnym<\/h1>\n<p>Gangstasino app na Androida i iOS to idealna opcja, je\u015bli chcesz gra\u0107 we wszystkie swoje ulubione gry na urz\u0105dzeniu mobilnym w Polsce. Obs\u0142ugujemy wszystkie nowoczesne smartfony i tablety i doskonale dostosowujemy si\u0119 do rozmiar\u00f3w ich ekran\u00f3w. W aplikacji Gangstasino wszyscy polscy u\u017cytkownicy maj\u0105 dost\u0119p do tych samych funkcji, co w wersji na komputery stacjonarne. Ponadto nie wymagamy pobierania \u017cadnych nieznanych plik\u00f3w, poniewa\u017c nasze kasyno mobilne jest progresywn\u0105 aplikacj\u0105 internetow\u0105 (PWA).<\/p>\n<div class=\"banner-wrap\" aria-label=\"Banner\"><img src=\"https:\/\/gangsta-sino.org\/wp-content\/uploads\/2026\/01\/Gangstasino-Banner-Desktop.webp\" class=\"w-100 d-none d-lg-block img-pc main-banner-img\" alt=\"Gangstasino Banner Desktop\" fetchpriority=\"high\" decoding=\"async\"><img src=\"https:\/\/gangsta-sino.org\/wp-content\/uploads\/2026\/01\/Gangstasino-bonus-mobile.webp\" class=\"w-100 d-none d-md-block d-lg-none main-banner-img\" alt=\"Gangstasino bonus mobile\" fetchpriority=\"high\" decoding=\"async\"><img src=\"https:\/\/gangsta-sino.org\/wp-content\/uploads\/2026\/01\/Gangstasino-bonus-mobile.webp\" class=\"w-100 d-md-none\" alt=\"Gangstasino bonus mobile\" fetchpriority=\"high\" decoding=\"async\"><div class=\"banner-description\">\n<div class=\"banner-title\">Bonusy powitalne<\/div>\n<p class=\"banner-header-title\">1500 \u20ac<\/p>\n<div class=\"banner-header-AdditionalText\">+ 250 Darmowe spiny<\/div>\n<button data-item=\"homepage_banner_link\" class=\"goto m-button m-gradient-border m-button--primary m-button--large banner-button btn-orange\">\n            <div class=\"m-button-content\">\n                <span>Zarejestruj si\u0119 teraz<\/span>\n                <span><\/span>\n            <\/div>\n        <\/button>\n<\/div>\n<div class=\"WelcomePack\">\n<p><img loading=\"lazy\" decoding=\"async\" class=\"alignnone size-full wp-image-1329\" src=\"https:\/\/gangsta-sino.org\/wp-content\/uploads\/2026\/01\/welcome-crown.svg\" alt=\"crown\" width=\"25\" height=\"26\" \/><\/p>\n<div class=\"WelcomePack-Info\">Cotygodniowy zwrot got\u00f3wki do 25%<\/div>\n<p><img loading=\"lazy\" decoding=\"async\" class=\"alignnone size-full wp-image-1329\" src=\"https:\/\/gangsta-sino.org\/wp-content\/uploads\/2026\/01\/welcome-crown.svg\" alt=\"crown\" width=\"25\" height=\"26\" \/><\/p>\n<\/div>\n<\/div>\n<h2>Kasyno Gangstasino na platformach mobilnych<\/h2>\n<p>Wi\u0119kszo\u015b\u0107 nowoczesnych stron internetowych posiada obecnie wersj\u0119 mobiln\u0105 lub aplikacj\u0119. Gangsta Sino Casino nie jest wyj\u0105tkiem. Opracowali\u015bmy przyjazne dla u\u017cytkownika oprogramowanie mobilne z intuicyjn\u0105 nawigacj\u0105. Aplikacja Gangstasino jest idealna zar\u00f3wno dla u\u017cytkownik\u00f3w system\u00f3w Android, jak i iOS.<\/p>\n<p>Nasze kasyno mobilne oferuje te same funkcje, co pe\u0142na wersja na komputery PC. Po rejestracji otrzymujesz dost\u0119p do ponad 6.000 gier, p\u0142atno\u015bci, systemu bonus\u00f3w i obs\u0142ugi klienta. Jednocze\u015bnie oprogramowanie jest bezpieczne. Wszystkie Twoje dane osobowe s\u0105 zabezpieczone szyfrowaniem SSL.<\/p>\n<p>Zebrali\u015bmy kilka argument\u00f3w, kt\u00f3re pokazuj\u0105, \u017ce nasze kasyno mobilne jest r\u00f3wnie dobre jak wersja na komputery stacjonarne, a w niekt\u00f3rych przypadkach wra\u017cenia z gry s\u0105 nawet lepsze.<\/p>\n<table>\n<tbody>\n<tr>\n<td>Funkcja<\/td>\n<td>Oprogramowanie mobilne<\/td>\n<td>Wersja na komputery PC<\/td>\n<\/tr>\n<tr>\n<td>Dost\u0119pno\u015b\u0107<\/td>\n<td>Mo\u017cesz gra\u0107 w dowolnym miejscu i czasie na smartfonie lub tablecie.<\/td>\n<td>Wymaga komputera stacjonarnego lub laptopa, kt\u00f3ry jest mniej przeno\u015bny.<\/td>\n<\/tr>\n<tr>\n<td>Powiadomienia<\/td>\n<td>U\u017cytkownicy otrzymuj\u0105 powiadomienia push dotycz\u0105ce bonus\u00f3w, turniej\u00f3w i darmowych spin\u00f3w.<\/td>\n<td>Nie ma powiadomie\u0144 w czasie rzeczywistym, chyba \u017ce si\u0119 zalogujesz.<\/td>\n<\/tr>\n<tr>\n<td>Bezpiecze\u0144stwo<\/td>\n<td>Dla wi\u0119kszego bezpiecze\u0144stwa mo\u017cesz korzysta\u0107 z logowania biometrycznego (Face ID \/ odcisk palca).<\/td>\n<td>Opiera si\u0119 wy\u0142\u0105cznie na logowaniu za pomoc\u0105 has\u0142a.<\/td>\n<\/tr>\n<tr>\n<td>Dost\u0119p offline<\/td>\n<td>Niekt\u00f3re gry lub dzia\u0142ania zwi\u0105zane z kontem dzia\u0142aj\u0105 nawet bez pe\u0142nego po\u0142\u0105czenia z Internetem.<\/td>\n<td>Ta wersja wymaga sta\u0142ego po\u0142\u0105czenia internetowego.<\/td>\n<\/tr>\n<\/tbody>\n<\/table>\n<p><div class=\"scrollable-content-wrap my-5\"><div class=\"scrollable-content-inner\"><h2>Gangstasino aplikacja kasyna na Androida<\/h2>\n<p>Aplikacja Gangstasino zosta\u0142a opracowana tak, aby wszyscy nasi u\u017cytkownicy mogli by\u0107 online bez wzgl\u0119du na to, gdzie i kiedy si\u0119 znajduj\u0105. Naszym graczom korzystaj\u0105cym z systemu Android oferujemy wygodn\u0105 i bezpieczn\u0105 aplikacj\u0119 PWA. Dzia\u0142a ona p\u0142ynnie na wszystkich nowoczesnych urz\u0105dzeniach. Nie wymagamy pobierania \u017cadnych nieznanych plik\u00f3w APK, takich jak Goldzino APK, z zewn\u0119trznych \u017ar\u00f3de\u0142, dzi\u0119ki czemu zar\u00f3wno Ty, jak i Twoje urz\u0105dzenie pozostajecie bezpieczni.<\/p>\n<p>Nie powiniene\u015b si\u0119 martwi\u0107 o poznawanie nowego oprogramowania, poniewa\u017c w zasadzie jest ono odzwierciedleniem g\u0142\u00f3wnej wersji na komputery stacjonarne, dostosowanej jedynie do smartfon\u00f3w i tablet\u00f3w. Wygl\u0105d i nawigacja s\u0105 takie same. Je\u015bli chcesz zainstalowa\u0107 oprogramowanie mobilne Gangsta Sino Casino, mo\u017cesz post\u0119powa\u0107 zgodnie z naszymi instrukcjami krok po kroku poni\u017cej:<\/p>\n<ol>\n<li>Najpierw nale\u017cy odwiedzi\u0107 nasz\u0105 oficjaln\u0105 stron\u0119 internetow\u0105.<\/li>\n<li>W stopce strony internetowej znajdziesz przycisk \u201eAplikacja kasyna\u201d i kliknij go.<\/li>\n<li>Proces instalacji rozpocznie si\u0119 automatycznie po wykonaniu ostatniego kroku.<\/li>\n<li>Po zainstalowaniu aplikacji na ekranie pojawi si\u0119 ikona kasyna online.<\/li>\n<\/ol>\n<p>Je\u015bli nie jeste\u015b gotowy do zainstalowania aplikacji, zawsze mo\u017cesz skorzysta\u0107 z wersji przegl\u0105darkowej. Kasyno Gangstasino jest dost\u0119pne we wszystkich przegl\u0105darkach mobilnych. Ka\u017cda przegl\u0105darka pozwala doda\u0107 ikon\u0119 skr\u00f3tu do naszej platformy na ekranie g\u0142\u00f3wnym, dzi\u0119ki czemu mo\u017cna uzyska\u0107 do niej dost\u0119p w ci\u0105gu 2 sekund.<\/p>\n<p><img loading=\"lazy\" decoding=\"async\" src=\"https:\/\/gangsta-sino.org\/wp-content\/uploads\/2026\/01\/Ganstasino-App-Android.webp\" alt=\"Ganstasino App Android\" width=\"1248\" height=\"536\" \/><\/p>\n<\/div><\/div><div style=\"clear: both\"><\/div><div class=\"d-flex justify-content-center\"><button data-item=\"decouvrez_link\" data-group=\"website_links\" class=\"goto fw-bold rounded-pill btn btn-orange\" aria-label=\"Pobierz aplikacj\u0119 GangstaSino\" >Pobierz aplikacj\u0119 GangstaSino<\/button><\/div><div class=\"scrollable-content-wrap my-5\"><div class=\"scrollable-content-inner\"><h2>Gangstasino aplikacja kasyna na iOS<\/h2>\n<p>U\u017cytkownicy iOS maj\u0105 r\u00f3wnie\u017c dost\u0119p do fajnej aplikacji mobilnej Gangsta Sino, kompatybilnej ze wszystkimi modelami iPhone&#8217;\u00f3w i iPad\u00f3w. Doskonale dostosowuje si\u0119 do rozmiar\u00f3w ekranu. U\u017cytkownicy szczeg\u00f3lnie lubi\u0105 opcje krupiera na \u017cywo na swoich urz\u0105dzeniach mobilnych, poniewa\u017c s\u0105 one przet\u0142umaczone w wysokiej jako\u015bci i pozwalaj\u0105 zanurzy\u0107 si\u0119 w atmosferze prawdziwego kasyna. Mo\u017cesz post\u0119powa\u0107 zgodnie z instrukcjami instalacji dla systemu Android, poniewa\u017c s\u0105 one identyczne na obu platformach.<\/p>\n<p>Zawsze istnieje mo\u017cliwo\u015b\u0107 korzystania z oficjalnej strony internetowej w dowolnej przegl\u0105darce mobilnej. Ma ona taki sam wygl\u0105d i funkcjonalno\u015b\u0107 jak wersja na komputery PC, ale jest dostosowana do mobilnego ekranu dotykowego. Uzyskasz dost\u0119p do ca\u0142ej kolekcji tytu\u0142\u00f3w, w tym automat\u00f3w online, gier sto\u0142owych, opcji z krupierem na \u017cywo i wielu innych. Je\u015bli chcesz uzyska\u0107 do niej szybki i prosty dost\u0119p, mo\u017cesz zainstalowa\u0107 ikon\u0119 skr\u00f3tu na ekranie g\u0142\u00f3wnym:<\/p>\n<ol>\n<li>U\u017cytkownik musi otworzy\u0107 aplikacj\u0119 Skr\u00f3ty na swoim iPhonie lub iPadzie.<\/li>\n<li>Aby utworzy\u0107 nowy skr\u00f3t, nale\u017cy klikn\u0105\u0107 ikon\u0119 + (plus) w prawym g\u00f3rnym rogu.<\/li>\n<li>Nast\u0119pnie nale\u017cy wybra\u0107 opcj\u0119 \u201eDodaj akcj\u0119\u201d i wyszuka\u0107 stron\u0119 internetow\u0105, dla kt\u00f3rej chcesz utworzy\u0107 skr\u00f3t.<\/li>\n<li>Teraz musisz nacisn\u0105\u0107 strza\u0142k\u0119 w d\u00f3\u0142 obok nazwy skr\u00f3tu i wybra\u0107 opcj\u0119 \u201eDodaj do ekranu g\u0142\u00f3wnego\u201d.<\/li>\n<li>Mo\u017cesz nada\u0107 mu w\u0142asn\u0105 nazw\u0119 przed klikni\u0119ciem \u201eDodaj\u201d.<\/li>\n<\/ol>\n<p><img loading=\"lazy\" decoding=\"async\" src=\"https:\/\/gangsta-sino.org\/wp-content\/uploads\/2026\/01\/Ganstasino-App-iOS.webp\" alt=\"Ganstasino App iOS\" width=\"1248\" height=\"536\" \/><\/p>\n<\/div><\/div><div style=\"clear: both\"><\/div><div class=\"d-flex justify-content-center\"><button data-item=\"decouvrez_link\" data-group=\"website_links\" class=\"goto fw-bold rounded-pill btn btn-orange\" aria-label=\"Pobierz GangstaSino\" >Pobierz GangstaSino<\/button><\/div><div class=\"scrollable-content-wrap my-5\"><div class=\"scrollable-content-inner\"><h2>Oprogramowanie dla system\u00f3w Windows i macOS<\/h2>\n<p>Oczywi\u015bcie nie zapomnieli\u015bmy o wszystkich u\u017cytkownikach komputer\u00f3w stacjonarnych. Wielu naszych graczy woli gra\u0107 na komputerze w domu, a na telefonie, gdy s\u0105 poza domem. Nie martw si\u0119 \u2013 Gangstasino Casino jest dost\u0119pne we wszystkich przegl\u0105darkach na Twoim komputerze. Wystarczy otworzy\u0107 preferowan\u0105 przegl\u0105dark\u0119 i wpisa\u0107 nazw\u0119 naszej platformy.<\/p>\n<p>Chcemy jednak jeszcze bardziej u\u0142atwi\u0107 Ci \u017cycie. Dlatego masz mo\u017cliwo\u015b\u0107 dodania naszego kasyna online jako ikony na ekranie g\u0142\u00f3wnym. Dzi\u0119ki temu w ci\u0105gu kilku sekund uzyskasz dost\u0119p do Gangsta Sino. Aby to zrobi\u0107, wystarczy wej\u015b\u0107 na nasz\u0105 stron\u0119 internetow\u0105 i w menu przegl\u0105darki wybra\u0107 opcj\u0119 \u201eDodaj do ekranu g\u0142\u00f3wnego\u201d. Je\u015bli masz jakiekolwiek pytania, skontaktuj si\u0119 z Gangstasino 24\/7 zespo\u0142em pomocy technicznej poprzez czat na \u017cywo lub e-mail.<\/p>\n<p><img loading=\"lazy\" decoding=\"async\" src=\"https:\/\/gangsta-sino.org\/wp-content\/uploads\/2026\/01\/Ganstasino-App-Windows.webp\" alt=\"Ganstasino App Windows\" width=\"1248\" height=\"536\" \/><\/p>\n<\/div><\/div><div style=\"clear: both\"><\/div><div class=\"d-flex justify-content-center\"><button data-item=\"decouvrez_link\" data-group=\"website_links\" class=\"goto fw-bold rounded-pill btn btn-orange\" aria-label=\"Pobierz aplikacj\u0119 GangstaSino\" >Pobierz aplikacj\u0119 GangstaSino<\/button><\/div><div class=\"scrollable-content-wrap my-5\"><div class=\"scrollable-content-inner\"><h2>Cz\u0119sto zadawane pytania<\/h2>\n<h3>Czy w aplikacji Gangstasino Casino dost\u0119pna jest obs\u0142uga klienta?<\/h3>\n<p>Aplikacja Gangstasino oferuje te same funkcje, co wersja na komputery stacjonarne. Dlatego w wersji mobilnej dost\u0119pny jest czat na \u017cywo z obs\u0142ug\u0105 klienta dost\u0119pny 24 godziny na dob\u0119, 7 dni w tygodniu. Opcja wysy\u0142ania wiadomo\u015bci e-mail jest r\u00f3wnie\u017c dost\u0119pna z dowolnego urz\u0105dzenia.<\/p>\n<h3>Czy potrzebuj\u0119 konta, aby korzysta\u0107 z aplikacji Gangstasino?<\/h3>\n<p>Aby uzyska\u0107 dost\u0119p do wszystkich gier, p\u0142atno\u015bci, obs\u0142ugi klienta i innych funkcji Gangstasino Casino w aplikacji, musisz si\u0119 najpierw zarejestrowa\u0107. Nie martw si\u0119 jednak, zajmie to tylko kilka minut.<\/p>\n<h3>Czy aplikacja Gangstasino jest bezpieczna w u\u017cyciu?<\/h3>\n<p>Kasyno Gangsta Sino posiada licencj\u0119 wydan\u0105 przez Komisj\u0119 ds. Gier Hazardowych Anjouan i przestrzega wszystkich surowych przepis\u00f3w i protoko\u0142\u00f3w obowi\u0105zuj\u0105cych w bran\u017cy gier hazardowych. Wszystkie transakcje w kasynie mobilnym s\u0105 zabezpieczone nowoczesnym szyfrowaniem SSL.<\/p>\n<h3>Czy mog\u0119 dokonywa\u0107 wp\u0142at i wyp\u0142at bezpo\u015brednio w aplikacji?<\/h3>\n<p>Oprogramowanie mobilne oferuje wszystkie te same metody p\u0142atno\u015bci, co wersja na komputery stacjonarne. Mo\u017cesz bez problemu dokonywa\u0107 wp\u0142at i wyp\u0142at. Pami\u0119taj, aby przed pierwsz\u0105 wyp\u0142at\u0105 przej\u015b\u0107 proces weryfikacji.<\/p>\n<\/div><\/div><\/p>\n","protected":false},"excerpt":{"rendered":"<p>Aplikacja Gangstasino \u2013 graj na swoim urz\u0105dzeniu mobilnym Gangstasino app na Androida i iOS to idealna opcja, je\u015bli chcesz gra\u0107 we wszystkie swoje ulubione gry na urz\u0105dzeniu mobilnym w Polsce. Obs\u0142ugujemy wszystkie nowoczesne smartfony i tablety i doskonale dostosowujemy si\u0119 do rozmiar\u00f3w ich ekran\u00f3w. W aplikacji Gangstasino wszyscy polscy u\u017cytkownicy maj\u0105 dost\u0119p do tych samych [&hellip;]<\/p>\n","protected":false},"author":1,"featured_media":0,"parent":0,"menu_order":0,"comment_status":"closed","ping_status":"closed","template":"template-builder.php","meta":{"_acf_changed":false,"inline_featured_image":false,"footnotes":""},"class_list":["post-1429","page","type-page","status-publish","hentry"],"acf":[],"yoast_head":"<!-- This site is optimized with the Yoast SEO plugin v27.3 - https:\/\/yoast.com\/product\/yoast-seo-wordpress\/ -->\n<title>Gangstasino App | iOS i platformy Android\ufeff<\/title>\n<meta name=\"description\" content=\"Aplikacja Gangstasino zapewnia p\u0142ynne do\u015bwiadczenie gry kasynowej na Android, iOS, Windows i macOS, z zsynchronizowanymi kontami, regularnymi aktualizacjami oraz zintegrowan\u0105 obs\u0142ug\u0105 klienta dla maksymalnej wygody.\" \/>\n<meta name=\"robots\" content=\"index, follow, max-snippet:-1, max-image-preview:large, max-video-preview:-1\" \/>\n<link rel=\"canonical\" href=\"https:\/\/gangsta-sino.org\/pl\/aplikacja\/\" \/>\n<meta property=\"og:locale\" content=\"pl_PL\" \/>\n<meta property=\"og:type\" content=\"article\" \/>\n<meta property=\"og:title\" content=\"Gangstasino App | iOS i platformy Android\ufeff\" \/>\n<meta property=\"og:description\" content=\"Aplikacja Gangstasino zapewnia p\u0142ynne do\u015bwiadczenie gry kasynowej na Android, iOS, Windows i macOS, z zsynchronizowanymi kontami, regularnymi aktualizacjami oraz zintegrowan\u0105 obs\u0142ug\u0105 klienta dla maksymalnej wygody.\" \/>\n<meta property=\"og:url\" content=\"https:\/\/gangsta-sino.org\/pl\/aplikacja\/\" \/>\n<meta property=\"og:site_name\" content=\"gangasta-sino\" \/>\n<meta property=\"article:modified_time\" content=\"2026-01-05T10:58:09+00:00\" \/>\n<meta name=\"twitter:card\" content=\"summary_large_image\" \/>\n<meta name=\"twitter:label1\" content=\"Est. reading time\" \/>\n\t<meta name=\"twitter:data1\" content=\"2 minuty\" \/>\n<script type=\"application\/ld+json\" class=\"yoast-schema-graph\">{\"@context\":\"https:\\\/\\\/schema.org\",\"@graph\":[{\"@type\":\"WebPage\",\"@id\":\"https:\\\/\\\/gangsta-sino.org\\\/pl\\\/aplikacja\\\/\",\"url\":\"https:\\\/\\\/gangsta-sino.org\\\/pl\\\/aplikacja\\\/\",\"name\":\"Gangstasino App | iOS i platformy Android\ufeff\",\"isPartOf\":{\"@id\":\"https:\\\/\\\/gangsta-sino.org\\\/pl\\\/#website\"},\"datePublished\":\"2026-01-05T06:41:30+00:00\",\"dateModified\":\"2026-01-05T10:58:09+00:00\",\"description\":\"Aplikacja Gangstasino zapewnia p\u0142ynne do\u015bwiadczenie gry kasynowej na Android, iOS, Windows i macOS, z zsynchronizowanymi kontami, regularnymi aktualizacjami oraz zintegrowan\u0105 obs\u0142ug\u0105 klienta dla maksymalnej wygody.\",\"breadcrumb\":{\"@id\":\"https:\\\/\\\/gangsta-sino.org\\\/pl\\\/aplikacja\\\/#breadcrumb\"},\"inLanguage\":\"pl-PL\",\"potentialAction\":[{\"@type\":\"ReadAction\",\"target\":[\"https:\\\/\\\/gangsta-sino.org\\\/pl\\\/aplikacja\\\/\"]}]},{\"@type\":\"BreadcrumbList\",\"@id\":\"https:\\\/\\\/gangsta-sino.org\\\/pl\\\/aplikacja\\\/#breadcrumb\",\"itemListElement\":[{\"@type\":\"ListItem\",\"position\":1,\"name\":\"Gangstasino\",\"item\":\"https:\\\/\\\/gangsta-sino.org\\\/pl\\\/\"},{\"@type\":\"ListItem\",\"position\":2,\"name\":\"Aplikacja\"}]},{\"@type\":\"WebSite\",\"@id\":\"https:\\\/\\\/gangsta-sino.org\\\/pl\\\/#website\",\"url\":\"https:\\\/\\\/gangsta-sino.org\\\/pl\\\/\",\"name\":\"Gangstasino\",\"description\":\"\",\"publisher\":{\"@id\":\"https:\\\/\\\/gangsta-sino.org\\\/pl\\\/#organization\"},\"potentialAction\":[{\"@type\":\"SearchAction\",\"target\":{\"@type\":\"EntryPoint\",\"urlTemplate\":\"https:\\\/\\\/gangsta-sino.org\\\/pl\\\/?s={search_term_string}\"},\"query-input\":{\"@type\":\"PropertyValueSpecification\",\"valueRequired\":true,\"valueName\":\"search_term_string\"}}],\"inLanguage\":\"pl-PL\"},{\"@type\":\"Organization\",\"@id\":\"https:\\\/\\\/gangsta-sino.org\\\/pl\\\/#organization\",\"name\":\"Gangstasino\",\"url\":\"https:\\\/\\\/gangsta-sino.org\\\/pl\\\/\",\"logo\":{\"@type\":\"ImageObject\",\"inLanguage\":\"pl-PL\",\"@id\":\"https:\\\/\\\/gangsta-sino.org\\\/pl\\\/#\\\/schema\\\/logo\\\/image\\\/\",\"url\":\"https:\\\/\\\/gangsta-sino.org\\\/wp-content\\\/uploads\\\/2026\\\/01\\\/Logo-Desktop.png\",\"contentUrl\":\"https:\\\/\\\/gangsta-sino.org\\\/wp-content\\\/uploads\\\/2026\\\/01\\\/Logo-Desktop.png\",\"width\":152,\"height\":35,\"caption\":\"Gangstasino\"},\"image\":{\"@id\":\"https:\\\/\\\/gangsta-sino.org\\\/pl\\\/#\\\/schema\\\/logo\\\/image\\\/\"}}]}<\/script>\n<!-- \/ Yoast SEO plugin. -->","yoast_head_json":{"title":"Gangstasino App | iOS i platformy Android\ufeff","description":"Aplikacja Gangstasino zapewnia p\u0142ynne do\u015bwiadczenie gry kasynowej na Android, iOS, Windows i macOS, z zsynchronizowanymi kontami, regularnymi aktualizacjami oraz zintegrowan\u0105 obs\u0142ug\u0105 klienta dla maksymalnej wygody.","robots":{"index":"index","follow":"follow","max-snippet":"max-snippet:-1","max-image-preview":"max-image-preview:large","max-video-preview":"max-video-preview:-1"},"canonical":"https:\/\/gangsta-sino.org\/pl\/aplikacja\/","og_locale":"pl_PL","og_type":"article","og_title":"Gangstasino App | iOS i platformy Android\ufeff","og_description":"Aplikacja Gangstasino zapewnia p\u0142ynne do\u015bwiadczenie gry kasynowej na Android, iOS, Windows i macOS, z zsynchronizowanymi kontami, regularnymi aktualizacjami oraz zintegrowan\u0105 obs\u0142ug\u0105 klienta dla maksymalnej wygody.","og_url":"https:\/\/gangsta-sino.org\/pl\/aplikacja\/","og_site_name":"gangasta-sino","article_modified_time":"2026-01-05T10:58:09+00:00","twitter_card":"summary_large_image","twitter_misc":{"Est. reading time":"2 minuty"},"schema":{"@context":"https:\/\/schema.org","@graph":[{"@type":"WebPage","@id":"https:\/\/gangsta-sino.org\/pl\/aplikacja\/","url":"https:\/\/gangsta-sino.org\/pl\/aplikacja\/","name":"Gangstasino App | iOS i platformy Android\ufeff","isPartOf":{"@id":"https:\/\/gangsta-sino.org\/pl\/#website"},"datePublished":"2026-01-05T06:41:30+00:00","dateModified":"2026-01-05T10:58:09+00:00","description":"Aplikacja Gangstasino zapewnia p\u0142ynne do\u015bwiadczenie gry kasynowej na Android, iOS, Windows i macOS, z zsynchronizowanymi kontami, regularnymi aktualizacjami oraz zintegrowan\u0105 obs\u0142ug\u0105 klienta dla maksymalnej wygody.","breadcrumb":{"@id":"https:\/\/gangsta-sino.org\/pl\/aplikacja\/#breadcrumb"},"inLanguage":"pl-PL","potentialAction":[{"@type":"ReadAction","target":["https:\/\/gangsta-sino.org\/pl\/aplikacja\/"]}]},{"@type":"BreadcrumbList","@id":"https:\/\/gangsta-sino.org\/pl\/aplikacja\/#breadcrumb","itemListElement":[{"@type":"ListItem","position":1,"name":"Gangstasino","item":"https:\/\/gangsta-sino.org\/pl\/"},{"@type":"ListItem","position":2,"name":"Aplikacja"}]},{"@type":"WebSite","@id":"https:\/\/gangsta-sino.org\/pl\/#website","url":"https:\/\/gangsta-sino.org\/pl\/","name":"Gangstasino","description":"","publisher":{"@id":"https:\/\/gangsta-sino.org\/pl\/#organization"},"potentialAction":[{"@type":"SearchAction","target":{"@type":"EntryPoint","urlTemplate":"https:\/\/gangsta-sino.org\/pl\/?s={search_term_string}"},"query-input":{"@type":"PropertyValueSpecification","valueRequired":true,"valueName":"search_term_string"}}],"inLanguage":"pl-PL"},{"@type":"Organization","@id":"https:\/\/gangsta-sino.org\/pl\/#organization","name":"Gangstasino","url":"https:\/\/gangsta-sino.org\/pl\/","logo":{"@type":"ImageObject","inLanguage":"pl-PL","@id":"https:\/\/gangsta-sino.org\/pl\/#\/schema\/logo\/image\/","url":"https:\/\/gangsta-sino.org\/wp-content\/uploads\/2026\/01\/Logo-Desktop.png","contentUrl":"https:\/\/gangsta-sino.org\/wp-content\/uploads\/2026\/01\/Logo-Desktop.png","width":152,"height":35,"caption":"Gangstasino"},"image":{"@id":"https:\/\/gangsta-sino.org\/pl\/#\/schema\/logo\/image\/"}}]}},"_links":{"self":[{"href":"https:\/\/gangsta-sino.org\/pl\/wp-json\/wp\/v2\/pages\/1429","targetHints":{"allow":["GET"]}}],"collection":[{"href":"https:\/\/gangsta-sino.org\/pl\/wp-json\/wp\/v2\/pages"}],"about":[{"href":"https:\/\/gangsta-sino.org\/pl\/wp-json\/wp\/v2\/types\/page"}],"author":[{"embeddable":true,"href":"https:\/\/gangsta-sino.org\/pl\/wp-json\/wp\/v2\/users\/1"}],"replies":[{"embeddable":true,"href":"https:\/\/gangsta-sino.org\/pl\/wp-json\/wp\/v2\/comments?post=1429"}],"version-history":[{"count":2,"href":"https:\/\/gangsta-sino.org\/pl\/wp-json\/wp\/v2\/pages\/1429\/revisions"}],"predecessor-version":[{"id":1775,"href":"https:\/\/gangsta-sino.org\/pl\/wp-json\/wp\/v2\/pages\/1429\/revisions\/1775"}],"wp:attachment":[{"href":"https:\/\/gangsta-sino.org\/pl\/wp-json\/wp\/v2\/media?parent=1429"}],"curies":[{"name":"wp","href":"https:\/\/api.w.org\/{rel}","templated":true}]}}