{"id":1468,"date":"2026-01-05T06:43:51","date_gmt":"2026-01-05T06:43:51","guid":{"rendered":"https:\/\/gangsta-sino.org\/login-and-registration\/"},"modified":"2026-01-05T10:59:20","modified_gmt":"2026-01-05T10:59:20","slug":"logowanie-i-rejestracja","status":"publish","type":"page","link":"https:\/\/gangsta-sino.org\/pl\/logowanie-i-rejestracja\/","title":{"rendered":"Logowanie i rejestracja"},"content":{"rendered":"<h1>Gangstasino zaloguj si\u0119, zarejestruj si\u0119 i zarz\u0105dzaj kontem<\/h1>\n<p>Aby uzyska\u0107 dost\u0119p do najlepszych gier od popularnych dostawc\u00f3w oprogramowania, musisz przej\u015b\u0107 przez proces Gangstasino login z Polski. Zaprojektowali\u015bmy ten proces tak, aby by\u0142 przyjazny dla u\u017cytkownika i prosty, nawet dla nowych graczy. Mo\u017cesz zarejestrowa\u0107 si\u0119 w Gangstasino Casino Polska, je\u015bli masz uko\u0144czone 18 lat. Upewnij si\u0119 r\u00f3wnie\u017c, \u017ce posiadasz tylko jedno konto na naszej stronie internetowej, poniewa\u017c nie akceptujemy wielu kont na jedn\u0105 osob\u0119.<\/p>\n<p><div class=\"banner-wrap\" aria-label=\"Banner\"><img src=\"https:\/\/gangsta-sino.org\/wp-content\/uploads\/2026\/01\/Gangstasino-Banner-Desktop.webp\" class=\"w-100 d-none d-lg-block img-pc main-banner-img\" alt=\"Gangstasino Banner Desktop\" fetchpriority=\"high\" decoding=\"async\"><img src=\"https:\/\/gangsta-sino.org\/wp-content\/uploads\/2026\/01\/Gangstasino-bonus-mobile.webp\" class=\"w-100 d-none d-md-block d-lg-none main-banner-img\" alt=\"Gangstasino bonus mobile\" fetchpriority=\"high\" decoding=\"async\"><img src=\"https:\/\/gangsta-sino.org\/wp-content\/uploads\/2026\/01\/Gangstasino-bonus-mobile.webp\" class=\"w-100 d-md-none\" alt=\"Gangstasino bonus mobile\" fetchpriority=\"high\" decoding=\"async\"><div class=\"banner-description\">\n<div class=\"banner-title\">Bonusy powitalne<\/div>\n<p class=\"banner-header-title\">1500 \u20ac<\/p>\n<div class=\"banner-header-AdditionalText\">+ 250 Darmowe spiny<\/div>\n<button data-item=\"homepage_banner_link\" class=\"goto m-button m-gradient-border m-button--primary m-button--large banner-button btn-orange\">\n            <div class=\"m-button-content\">\n                <span>Zarejestruj si\u0119 teraz<\/span>\n                <span><\/span>\n            <\/div>\n        <\/button>\n<\/div>\n<div class=\"WelcomePack\">\n<p><img loading=\"lazy\" decoding=\"async\" class=\"alignnone size-full wp-image-1329\" src=\"https:\/\/gangsta-sino.org\/wp-content\/uploads\/2026\/01\/welcome-crown.svg\" alt=\"crown\" width=\"25\" height=\"26\" \/><\/p>\n<div class=\"WelcomePack-Info\">Cotygodniowy zwrot got\u00f3wki do 25%<\/div>\n<p><img loading=\"lazy\" decoding=\"async\" class=\"alignnone size-full wp-image-1329\" src=\"https:\/\/gangsta-sino.org\/wp-content\/uploads\/2026\/01\/welcome-crown.svg\" alt=\"crown\" width=\"25\" height=\"26\" \/><\/p>\n<\/div>\n<\/div><div class=\"scrollable-content-wrap my-5\"><div class=\"scrollable-content-inner\"><h2>Zarejestruj si\u0119 w Gangstasino Casino<\/h2>\n<p>Rejestracja w Gangstasino Casino zajmuje tylko kilka minut, ale daje dost\u0119p do wszystkich funkcji platformy. Po rejestracji mo\u017cesz dokonywa\u0107 wp\u0142at, bra\u0107 udzia\u0142 w promocjach, gra\u0107 w ponad 6000 gier i wyp\u0142aca\u0107 swoje wygrane.<\/p>\n<p>Je\u015bli chcesz zosta\u0107 naszym klientem, post\u0119puj zgodnie z poni\u017cszymi instrukcjami, aby p\u0142ynnie przej\u015b\u0107 przez prosty proces rejestracji:<\/p>\n<ol>\n<li>Musisz wej\u015b\u0107 na nasz\u0105 stron\u0119 internetow\u0105 na komputerze lub urz\u0105dzeniu mobilnym. Strona internetowa Gangstasino Casino jest dost\u0119pna we wszystkich nowoczesnych przegl\u0105darkach.<\/li>\n<li>U\u017cytkownik powinien klikn\u0105\u0107 przycisk \u201eZarejestruj si\u0119\u201d w prawym g\u00f3rnym rogu strony g\u0142\u00f3wnej.<\/li>\n<li>Wszyscy nowi cz\u0142onkowie musz\u0105 poda\u0107 sw\u00f3j adres e-mail i has\u0142o. Has\u0142o powinno mie\u0107 co najmniej 6 znak\u00f3w.<\/li>\n<li>Po wprowadzeniu informacji wszyscy nowi u\u017cytkownicy powinni zaakceptowa\u0107 warunki korzystania z witryny i potwierdzi\u0107, \u017ce maj\u0105 uko\u0144czone 18 lat.<\/li>\n<li>Nast\u0119pnie poprosimy Ci\u0119 o wype\u0142nienie formularza rejestracyjnego, kt\u00f3ry zawiera imi\u0119 i nazwisko, adres, numer telefonu i inne informacje.<\/li>\n<\/ol>\n<p>Po wykonaniu wszystkich krok\u00f3w zostaniesz automatycznie zalogowany na swoje konto. Mo\u017cesz dokona\u0107 pierwszej wp\u0142aty lub wypr\u00f3bowa\u0107 gry w trybie demo bez ryzyka. Nast\u0119pnym razem nale\u017cy przej\u015b\u0107 przez proces logowania do Gangstasino, aby cieszy\u0107 si\u0119 wszystkimi najlepszymi funkcjami naszego kasyna online.<\/p>\n<h2>Bezpieczny dost\u0119p do konta i zarz\u0105dzanie nim w serwisie Gangstasino<\/h2>\n<p>Proces logowania do Gangsta Sino otwiera dost\u0119p do wszystkich funkcji platformy, w tym ponad 6000 tytu\u0142\u00f3w, p\u0142atno\u015bci, wieloj\u0119zycznej obs\u0142ugi klienta i wielu innych. Aby uzyska\u0107 dost\u0119p do konta, wystarczy poda\u0107 adres e-mail i has\u0142o u\u017cyte podczas rejestracji.<\/p>\n<p>Twoje konto osobiste oferuje wiele wa\u017cnych funkcji i narz\u0119dzi, kt\u00f3re poprawi\u0105 Twoje wra\u017cenia z gry. W poni\u017cszej tabeli znajdziesz g\u0142\u00f3wne funkcje, kt\u00f3re otrzymasz po przej\u015bciu przez proces logowania do Gangstasino.<\/p>\n<table>\n<tbody>\n<tr>\n<td>Funkcja<\/td>\n<td>Szczeg\u00f3\u0142y<\/td>\n<\/tr>\n<tr>\n<td>Historia transakcji<\/td>\n<td>Pe\u0142na historia wp\u0142at, wyp\u0142at i zak\u0142ad\u00f3w jest dost\u0119pna tutaj.<\/td>\n<\/tr>\n<tr>\n<td>Weryfikacja to\u017csamo\u015bci (KYC)<\/td>\n<td>Na swoim koncie osobistym nale\u017cy przes\u0142a\u0107 dokumenty to\u017csamo\u015bci w celu weryfikacji konta i umo\u017cliwienia wyp\u0142at.<\/td>\n<\/tr>\n<tr>\n<td>Narz\u0119dzia odpowiedzialnej gry<\/td>\n<td>Mo\u017cesz ustawi\u0107 limity wp\u0142at, strat lub czasu sesji. Poza tym, w razie potrzeby, mo\u017cesz w\u0142\u0105czy\u0107 opcj\u0119 samowykluczenia.<\/td>\n<\/tr>\n<tr>\n<td>Zarz\u0105dzanie danymi osobowymi<\/td>\n<td>U\u017cytkownicy maj\u0105 mo\u017cliwo\u015b\u0107 bezpiecznej aktualizacji danych osobowych, takich jak adres e-mail, adres lub has\u0142o.<\/td>\n<\/tr>\n<tr>\n<td>Ustawienia zabezpiecze\u0144<\/td>\n<td>Mo\u017cesz w\u0142\u0105czy\u0107 uwierzytelnianie dwusk\u0142adnikowe lub logowanie biometryczne, aby zapewni\u0107 sobie dodatkow\u0105 ochron\u0119.<\/td>\n<\/tr>\n<\/tbody>\n<\/table>\n<h3>Nie pami\u0119tasz has\u0142a?<\/h3>\n<p>W serwisie Gangsta Sino nie ma problemu, je\u015bli zapomnisz has\u0142a. Stworzyli\u015bmy specjaln\u0105 funkcj\u0119, kt\u00f3ra pozwala je zresetowa\u0107 i utworzy\u0107 nowe. Jest to bezpieczne i nikt inny nie mo\u017ce wykra\u015b\u0107 danych Twojego konta.<\/p>\n<p>Aby zresetowa\u0107 has\u0142o, kliknij link \u201eNie pami\u0119tasz has\u0142a?\u201d w formularzu logowania. Nast\u0119pnie poprosimy Ci\u0119 o podanie adresu e-mail u\u017cywanego do logowania si\u0119 do serwisu Gangstasino login. Na ten adres e-mail zostanie wys\u0142any link umo\u017cliwiaj\u0105cy zresetowanie has\u0142a. Aby w przysz\u0142o\u015bci m\u00f3c p\u0142ynnie korzysta\u0107 z profilu, musisz utworzy\u0107 nowe has\u0142o.<\/p>\n<h2>Proces potwierdzania konta w kasynie Gangstasino<\/h2>\n<p>Niekt\u00f3rzy mog\u0105 si\u0119 martwi\u0107 o proces weryfikacji. Ale w Gangstasino chcemy po prostu unikn\u0105\u0107 oszustw i zapewni\u0107 Ci bezpieczn\u0105 i uczciw\u0105 gr\u0119. Zasady naszej strony m\u00f3wi\u0105, \u017ce ka\u017cda osoba mo\u017ce mie\u0107 tylko jedno konto.<\/p>\n<p>Przed dokonaniem pierwszej wp\u0142aty poprosimy Ci\u0119 o przej\u015bcie przez proces weryfikacji. W tym celu musisz przes\u0142a\u0107 kopie lub zdj\u0119cia niekt\u00f3rych swoich dokument\u00f3w osobistych. Nasi mened\u017cerowie sprawdz\u0105 je w ci\u0105gu 48 godzin i skontaktuj\u0105 si\u0119 z Tob\u0105 z odpowiedzi\u0105. Poprosimy Ci\u0119 o przes\u0142anie nast\u0119puj\u0105cych dokument\u00f3w:<\/p>\n<ul>\n<li>Paszport, dow\u00f3d osobisty lub prawo jazdy<\/li>\n<li>Rachunek za media nie starszy ni\u017c 6 miesi\u0119cy, wyci\u0105g z konta bankowego<\/li>\n<li>Zrzut ekranu lub o\u015bwiadczenie potwierdzaj\u0105ce posiadanie rachunku p\u0142atniczego<\/li>\n<\/ul>\n<h2>Cz\u0119sto zadawane pytania<\/h2>\n<h3>Jak mog\u0119 zweryfikowa\u0107 swoje konto?<\/h3>\n<p>Przed pierwsz\u0105 wyp\u0142at\u0105 poprosimy Ci\u0119 o przes\u0142anie dokument\u00f3w osobistych do Gangsta Sino Casino. Jest to wa\u017cny krok maj\u0105cy na celu zapobieganie oszustwom i zapewnienie uczciwej gry wszystkim naszym u\u017cytkownikom.<\/p>\n<h3>Czy mog\u0119 zmieni\u0107 swoje has\u0142o lub adres e-mail?<\/h3>\n<p>U\u017cytkownicy maj\u0105 mo\u017cliwo\u015b\u0107 zmiany swoich danych osobowych i informacji dotycz\u0105cych p\u0142atno\u015bci w dowolnym momencie. Mo\u017cna to zrobi\u0107 w ustawieniach konta.<\/p>\n<h3>Co mam zrobi\u0107, je\u015bli moje konto zosta\u0142o zablokowane?<\/h3>\n<p>Je\u015bli serwis Gangstasino zablokowa\u0142 Twoje konto, wy\u015blemy Ci wiadomo\u015b\u0107 e-mail z wyja\u015bnieniem i dodatkowymi informacjami. Je\u015bli nie otrzyma\u0142e\u015b \u017cadnej wiadomo\u015bci e-mail, skontaktuj si\u0119 z naszym zespo\u0142em pomocy technicznej za po\u015brednictwem czatu na \u017cywo lub poczty elektronicznej.<\/p>\n<h3>Jak zamkn\u0105\u0107 lub tymczasowo zawiesi\u0107 swoje konto?<\/h3>\n<p>Aby zamkn\u0105\u0107 lub tymczasowo zawiesi\u0107 swoje konto, zesp\u00f3\u0142 pomocy technicznej Gangsta Sino ch\u0119tnie Ci pomo\u017ce. Nasi profesjonalni mened\u017cerowie zapytaj\u0105 o przyczyny i podejm\u0105 niezb\u0119dne kroki. Jeste\u015bmy dost\u0119pni 24 godziny na dob\u0119, 7 dni w tygodniu poprzez czat na \u017cywo lub e-mail.<\/p>\n<\/div><\/div><\/p>\n","protected":false},"excerpt":{"rendered":"<p>Gangstasino zaloguj si\u0119, zarejestruj si\u0119 i zarz\u0105dzaj kontem Aby uzyska\u0107 dost\u0119p do najlepszych gier od popularnych dostawc\u00f3w oprogramowania, musisz przej\u015b\u0107 przez proces Gangstasino login z Polski. Zaprojektowali\u015bmy ten proces tak, aby by\u0142 przyjazny dla u\u017cytkownika i prosty, nawet dla nowych graczy. Mo\u017cesz zarejestrowa\u0107 si\u0119 w Gangstasino Casino Polska, je\u015bli masz uko\u0144czone 18 lat. Upewnij si\u0119 [&hellip;]<\/p>\n","protected":false},"author":1,"featured_media":0,"parent":0,"menu_order":0,"comment_status":"closed","ping_status":"closed","template":"template-builder.php","meta":{"_acf_changed":false,"inline_featured_image":false,"footnotes":""},"class_list":["post-1468","page","type-page","status-publish","hentry"],"acf":[],"yoast_head":"<!-- This site is optimized with the Yoast SEO plugin v27.3 - https:\/\/yoast.com\/product\/yoast-seo-wordpress\/ -->\n<title>Gangstasino Login \u2013 bezpieczny dost\u0119p do konta\ufeff<\/title>\n<meta name=\"description\" content=\"\u0141atwo utw\u00f3rz sw\u00f3j profil w Gangstasino Casino, zaloguj si\u0119 i zarz\u0105dzaj kontem. Zarejestruj si\u0119, odzyskaj lub zamknij swoje konto bezpiecznie za pomoc\u0105 Gangstasino Login.\" \/>\n<meta name=\"robots\" content=\"index, follow, max-snippet:-1, max-image-preview:large, max-video-preview:-1\" \/>\n<link rel=\"canonical\" href=\"https:\/\/gangsta-sino.org\/pl\/logowanie-i-rejestracja\/\" \/>\n<meta property=\"og:locale\" content=\"pl_PL\" \/>\n<meta property=\"og:type\" content=\"article\" \/>\n<meta property=\"og:title\" content=\"Gangstasino Login \u2013 bezpieczny dost\u0119p do konta\ufeff\" \/>\n<meta property=\"og:description\" content=\"\u0141atwo utw\u00f3rz sw\u00f3j profil w Gangstasino Casino, zaloguj si\u0119 i zarz\u0105dzaj kontem. Zarejestruj si\u0119, odzyskaj lub zamknij swoje konto bezpiecznie za pomoc\u0105 Gangstasino Login.\" \/>\n<meta property=\"og:url\" content=\"https:\/\/gangsta-sino.org\/pl\/logowanie-i-rejestracja\/\" \/>\n<meta property=\"og:site_name\" content=\"gangasta-sino\" \/>\n<meta property=\"article:modified_time\" content=\"2026-01-05T10:59:20+00:00\" \/>\n<meta name=\"twitter:card\" content=\"summary_large_image\" \/>\n<meta name=\"twitter:label1\" content=\"Est. reading time\" \/>\n\t<meta name=\"twitter:data1\" content=\"1 minuta\" \/>\n<script type=\"application\/ld+json\" class=\"yoast-schema-graph\">{\"@context\":\"https:\\\/\\\/schema.org\",\"@graph\":[{\"@type\":\"WebPage\",\"@id\":\"https:\\\/\\\/gangsta-sino.org\\\/pl\\\/logowanie-i-rejestracja\\\/\",\"url\":\"https:\\\/\\\/gangsta-sino.org\\\/pl\\\/logowanie-i-rejestracja\\\/\",\"name\":\"Gangstasino Login \u2013 bezpieczny dost\u0119p do konta\ufeff\",\"isPartOf\":{\"@id\":\"https:\\\/\\\/gangsta-sino.org\\\/pl\\\/#website\"},\"datePublished\":\"2026-01-05T06:43:51+00:00\",\"dateModified\":\"2026-01-05T10:59:20+00:00\",\"description\":\"\u0141atwo utw\u00f3rz sw\u00f3j profil w Gangstasino Casino, zaloguj si\u0119 i zarz\u0105dzaj kontem. Zarejestruj si\u0119, odzyskaj lub zamknij swoje konto bezpiecznie za pomoc\u0105 Gangstasino Login.\",\"breadcrumb\":{\"@id\":\"https:\\\/\\\/gangsta-sino.org\\\/pl\\\/logowanie-i-rejestracja\\\/#breadcrumb\"},\"inLanguage\":\"pl-PL\",\"potentialAction\":[{\"@type\":\"ReadAction\",\"target\":[\"https:\\\/\\\/gangsta-sino.org\\\/pl\\\/logowanie-i-rejestracja\\\/\"]}]},{\"@type\":\"BreadcrumbList\",\"@id\":\"https:\\\/\\\/gangsta-sino.org\\\/pl\\\/logowanie-i-rejestracja\\\/#breadcrumb\",\"itemListElement\":[{\"@type\":\"ListItem\",\"position\":1,\"name\":\"Gangstasino\",\"item\":\"https:\\\/\\\/gangsta-sino.org\\\/pl\\\/\"},{\"@type\":\"ListItem\",\"position\":2,\"name\":\"Logowanie i rejestracja\"}]},{\"@type\":\"WebSite\",\"@id\":\"https:\\\/\\\/gangsta-sino.org\\\/pl\\\/#website\",\"url\":\"https:\\\/\\\/gangsta-sino.org\\\/pl\\\/\",\"name\":\"Gangstasino\",\"description\":\"\",\"publisher\":{\"@id\":\"https:\\\/\\\/gangsta-sino.org\\\/pl\\\/#organization\"},\"potentialAction\":[{\"@type\":\"SearchAction\",\"target\":{\"@type\":\"EntryPoint\",\"urlTemplate\":\"https:\\\/\\\/gangsta-sino.org\\\/pl\\\/?s={search_term_string}\"},\"query-input\":{\"@type\":\"PropertyValueSpecification\",\"valueRequired\":true,\"valueName\":\"search_term_string\"}}],\"inLanguage\":\"pl-PL\"},{\"@type\":\"Organization\",\"@id\":\"https:\\\/\\\/gangsta-sino.org\\\/pl\\\/#organization\",\"name\":\"Gangstasino\",\"url\":\"https:\\\/\\\/gangsta-sino.org\\\/pl\\\/\",\"logo\":{\"@type\":\"ImageObject\",\"inLanguage\":\"pl-PL\",\"@id\":\"https:\\\/\\\/gangsta-sino.org\\\/pl\\\/#\\\/schema\\\/logo\\\/image\\\/\",\"url\":\"https:\\\/\\\/gangsta-sino.org\\\/wp-content\\\/uploads\\\/2026\\\/01\\\/Logo-Desktop.png\",\"contentUrl\":\"https:\\\/\\\/gangsta-sino.org\\\/wp-content\\\/uploads\\\/2026\\\/01\\\/Logo-Desktop.png\",\"width\":152,\"height\":35,\"caption\":\"Gangstasino\"},\"image\":{\"@id\":\"https:\\\/\\\/gangsta-sino.org\\\/pl\\\/#\\\/schema\\\/logo\\\/image\\\/\"}}]}<\/script>\n<!-- \/ Yoast SEO plugin. -->","yoast_head_json":{"title":"Gangstasino Login \u2013 bezpieczny dost\u0119p do konta\ufeff","description":"\u0141atwo utw\u00f3rz sw\u00f3j profil w Gangstasino Casino, zaloguj si\u0119 i zarz\u0105dzaj kontem. Zarejestruj si\u0119, odzyskaj lub zamknij swoje konto bezpiecznie za pomoc\u0105 Gangstasino Login.","robots":{"index":"index","follow":"follow","max-snippet":"max-snippet:-1","max-image-preview":"max-image-preview:large","max-video-preview":"max-video-preview:-1"},"canonical":"https:\/\/gangsta-sino.org\/pl\/logowanie-i-rejestracja\/","og_locale":"pl_PL","og_type":"article","og_title":"Gangstasino Login \u2013 bezpieczny dost\u0119p do konta\ufeff","og_description":"\u0141atwo utw\u00f3rz sw\u00f3j profil w Gangstasino Casino, zaloguj si\u0119 i zarz\u0105dzaj kontem. Zarejestruj si\u0119, odzyskaj lub zamknij swoje konto bezpiecznie za pomoc\u0105 Gangstasino Login.","og_url":"https:\/\/gangsta-sino.org\/pl\/logowanie-i-rejestracja\/","og_site_name":"gangasta-sino","article_modified_time":"2026-01-05T10:59:20+00:00","twitter_card":"summary_large_image","twitter_misc":{"Est. reading time":"1 minuta"},"schema":{"@context":"https:\/\/schema.org","@graph":[{"@type":"WebPage","@id":"https:\/\/gangsta-sino.org\/pl\/logowanie-i-rejestracja\/","url":"https:\/\/gangsta-sino.org\/pl\/logowanie-i-rejestracja\/","name":"Gangstasino Login \u2013 bezpieczny dost\u0119p do konta\ufeff","isPartOf":{"@id":"https:\/\/gangsta-sino.org\/pl\/#website"},"datePublished":"2026-01-05T06:43:51+00:00","dateModified":"2026-01-05T10:59:20+00:00","description":"\u0141atwo utw\u00f3rz sw\u00f3j profil w Gangstasino Casino, zaloguj si\u0119 i zarz\u0105dzaj kontem. Zarejestruj si\u0119, odzyskaj lub zamknij swoje konto bezpiecznie za pomoc\u0105 Gangstasino Login.","breadcrumb":{"@id":"https:\/\/gangsta-sino.org\/pl\/logowanie-i-rejestracja\/#breadcrumb"},"inLanguage":"pl-PL","potentialAction":[{"@type":"ReadAction","target":["https:\/\/gangsta-sino.org\/pl\/logowanie-i-rejestracja\/"]}]},{"@type":"BreadcrumbList","@id":"https:\/\/gangsta-sino.org\/pl\/logowanie-i-rejestracja\/#breadcrumb","itemListElement":[{"@type":"ListItem","position":1,"name":"Gangstasino","item":"https:\/\/gangsta-sino.org\/pl\/"},{"@type":"ListItem","position":2,"name":"Logowanie i rejestracja"}]},{"@type":"WebSite","@id":"https:\/\/gangsta-sino.org\/pl\/#website","url":"https:\/\/gangsta-sino.org\/pl\/","name":"Gangstasino","description":"","publisher":{"@id":"https:\/\/gangsta-sino.org\/pl\/#organization"},"potentialAction":[{"@type":"SearchAction","target":{"@type":"EntryPoint","urlTemplate":"https:\/\/gangsta-sino.org\/pl\/?s={search_term_string}"},"query-input":{"@type":"PropertyValueSpecification","valueRequired":true,"valueName":"search_term_string"}}],"inLanguage":"pl-PL"},{"@type":"Organization","@id":"https:\/\/gangsta-sino.org\/pl\/#organization","name":"Gangstasino","url":"https:\/\/gangsta-sino.org\/pl\/","logo":{"@type":"ImageObject","inLanguage":"pl-PL","@id":"https:\/\/gangsta-sino.org\/pl\/#\/schema\/logo\/image\/","url":"https:\/\/gangsta-sino.org\/wp-content\/uploads\/2026\/01\/Logo-Desktop.png","contentUrl":"https:\/\/gangsta-sino.org\/wp-content\/uploads\/2026\/01\/Logo-Desktop.png","width":152,"height":35,"caption":"Gangstasino"},"image":{"@id":"https:\/\/gangsta-sino.org\/pl\/#\/schema\/logo\/image\/"}}]}},"_links":{"self":[{"href":"https:\/\/gangsta-sino.org\/pl\/wp-json\/wp\/v2\/pages\/1468","targetHints":{"allow":["GET"]}}],"collection":[{"href":"https:\/\/gangsta-sino.org\/pl\/wp-json\/wp\/v2\/pages"}],"about":[{"href":"https:\/\/gangsta-sino.org\/pl\/wp-json\/wp\/v2\/types\/page"}],"author":[{"embeddable":true,"href":"https:\/\/gangsta-sino.org\/pl\/wp-json\/wp\/v2\/users\/1"}],"replies":[{"embeddable":true,"href":"https:\/\/gangsta-sino.org\/pl\/wp-json\/wp\/v2\/comments?post=1468"}],"version-history":[{"count":1,"href":"https:\/\/gangsta-sino.org\/pl\/wp-json\/wp\/v2\/pages\/1468\/revisions"}],"predecessor-version":[{"id":1776,"href":"https:\/\/gangsta-sino.org\/pl\/wp-json\/wp\/v2\/pages\/1468\/revisions\/1776"}],"wp:attachment":[{"href":"https:\/\/gangsta-sino.org\/pl\/wp-json\/wp\/v2\/media?parent=1468"}],"curies":[{"name":"wp","href":"https:\/\/api.w.org\/{rel}","templated":true}]}}